{"id":17482,"date":"2015-09-02T17:29:51","date_gmt":"2015-09-02T21:29:51","guid":{"rendered":"https:\/\/hurok.com\/tr\/?page_id=17482"},"modified":"2018-02-14T11:25:30","modified_gmt":"2018-02-14T08:25:30","slug":"silver-mermer","status":"publish","type":"page","link":"https:\/\/hurok.com\/en\/silver-mermer\/","title":{"rendered":"Silver Mermer"},"content":{"rendered":"<p>&nbsp;<\/p>\n<div id=\"ui-accordion-1-panel-0\" class=\"accordion_content no_icon ui-accordion-content ui-helper-reset ui-widget-content ui-corner-bottom ui-accordion-content-active\">\n<div class=\"accordion_content_inner\">\n<div class=\"wpb_text_column wpb_content_element\">\n<div class=\"wpb_wrapper\">\n<figure id=\"attachment_19406\" aria-describedby=\"caption-attachment-19406\" style=\"width: 678px\" class=\"wp-caption aligncenter\"><img loading=\"lazy\" decoding=\"async\" class=\"size-large wp-image-19406\" src=\"https:\/\/hurok.com\/wp-content\/uploads\/2017\/10\/silver-678x800.jpg\" alt=\"silver mermer, gri mermer, g\u00fcm\u00fc\u015f mermer\" width=\"678\" height=\"800\" srcset=\"https:\/\/hurok.com\/wp-content\/uploads\/2017\/10\/silver-678x800.jpg 678w, https:\/\/hurok.com\/wp-content\/uploads\/2017\/10\/silver-339x400.jpg 339w, https:\/\/hurok.com\/wp-content\/uploads\/2017\/10\/silver-768x906.jpg 768w, https:\/\/hurok.com\/wp-content\/uploads\/2017\/10\/silver.jpg 1236w\" sizes=\"auto, (max-width: 678px) 100vw, 678px\" \/><figcaption id=\"caption-attachment-19406\" class=\"wp-caption-text\">silver mermer, gri mermer, g\u00fcm\u00fc\u015f mermer<\/figcaption><\/figure>\n<p style=\"text-align: justify;\"><strong>Silver<\/strong> Mermer fayanslardaki hakim olan renk g\u00fcm\u00fc\u015f olarak ge\u00e7er ve bu g\u00fcm\u00fc\u015f renk damarlardan gelen farkl\u0131 renk tonlar\u0131 ile koyula\u015f\u0131p yer yer a\u00e7\u0131k renk tonlar\u0131na d\u00f6n\u00fc\u015febilir. Gri renk tonu en pop\u00fcler do\u011fal ta\u015f\u0131m\u0131z oldu\u011fu gibi bu koleksiyondaki b\u00fct\u00fcn gri, g\u00fcm\u00fc\u015f do\u011fal ta\u015flar\u0131m\u0131z en kaliteli koleksiyonlar\u0131m\u0131za \u00f6nc\u00fcl\u00fck etmektedirler. <strong>Silver<\/strong> Mermer i kullan\u0131m yerleri a\u00e7\u0131s\u0131ndan de\u011ferlendirecek olursak her t\u00fcrl\u00fc mekana en g\u00fczeli ile orta renklerde, koyu renklerde ve a\u00e7\u0131k renklerde tonlar\u0131n\u0131n olmas\u0131 y\u00f6n\u00fcyle \u00e7ok \u00e7e\u015fitli bir kullan\u0131m imkan\u0131 sa\u011flamaktad\u0131r Silver Mermer. Zemin d\u00f6\u015femenin yan\u0131 s\u0131ra duvarlar\u0131n kaplanmas\u0131 gibi komple oda kaplamalar\u0131nda olabilecek m\u00fckemmeliyeti yakalamak Silver Mermer ile imkans\u0131z bir\u015fey de\u011fil.<\/p>\n<\/div>\n<\/div>\n<\/div>\n<\/div>\n<div id=\"ui-accordion-1-panel-1\" class=\"accordion_content no_icon ui-accordion-content ui-helper-reset ui-widget-content ui-corner-bottom ui-accordion-content-active\">\n<div class=\"accordion_content_inner\">\n<div class=\"wpb_text_column wpb_content_element\">\n<div class=\"wpb_wrapper\" style=\"text-align: justify;\"><strong>Silver Mermer\u00a0<\/strong>d\u00f6\u015feme fayanslar\u0131n\u0131n pop\u00fcleritesi mekanlar\u0131n ve projelerin her birinde en pop\u00fcler olarak rabet g\u00f6ren do\u011fal ta\u015f\u0131m\u0131zd\u0131r.\u00a0<strong>Silver mermer\u00a0do\u011fal ta\u015f<\/strong> \u00fcr\u00fcn grubumuzu her talebe uygun bir renk model ve \u00e7e\u015fitleri ile birebir m\u00fckemmel bir se\u00e7im olabilir. Silver\u00a0Mermer Fayans g\u00f6r\u00fcn\u00fcm\u00fc evinize sakin ve temiz, d\u00fczenli\u00a0bir hava katacakt\u0131r. Bununla beraber art\u0131k bu \u015fahane g\u00f6r\u00fcn\u00fcml\u00fc Silver\u00a0do\u011fal ta\u015f tan yap\u0131lma fayanslar\u0131n temiz\u00a0ve a\u00e7\u0131k renk duru\u015fu sadece kurumsal \u015firketlerin ya da in\u015faat \u015firketlerinin tasar\u0131mlar\u0131ndan ziyade, art\u0131k Ev sahiplerinin de ilgi oda\u011f\u0131 olmu\u015f olup b\u00fcy\u00fck be\u011feni g\u00f6rmektedir. silver marble\u00a0Do\u011fal Ta\u015flar\u0131m\u0131z hoteller, ticari kompleks yap\u0131lar ve hatta etnik bir g\u00f6r\u00fcn\u00fcm kazanmak isteyen ofisler taraf\u0131ndan bile y\u00fcksek oranda tercih edilmektedir. Bu do\u011fal ta\u015f\u0131m\u0131z\u0131n kullan\u0131m yerleri a\u00e7\u0131s\u0131ndan de\u011ferlendirecek olursak, en s\u0131k kullan\u0131m alan\u0131 a\u00e7\u0131s\u0131ndan banyolar, koridorlar, odalar gibi ve benzeri alanlar da kullan\u0131m\u0131 yo\u011fundur. Ortak kullan\u0131m alanlar\u0131 a\u00e7\u0131s\u0131ndan zemin ve duvarlardaki kullan\u0131m\u0131 ayn\u0131 zamanda ki\u015finin zevkine ve e\u011filim trendlerine g\u00f6re de kullan\u0131labilir. \u00c7ok y\u00f6nl\u00fc kullan\u0131m alanlar\u0131n\u0131n bir sebebi ise malzemenin bir\u00e7ok farkl\u0131 \u00e7e\u015fitlerde \u00fcretimi sayesinde bize bir\u00e7ok imkan vermesini sa\u011flamaktad\u0131r, koridor ve banyonun yan\u0131 s\u0131ra, toplant\u0131 odalar\u0131n\u0131n masalar\u0131 ve hatta bah\u00e7e alanlar\u0131nda bile yayg\u0131n bir kullan\u0131ma sahiptir. Renk tonlar\u0131 ve bunlar\u0131n evlerdeki yans\u0131malar\u0131 ile \u00e7ok canl\u0131 renkli bir mermer fayans olarak kabul edilir. Teknoloji ve modernli\u011fin s\u00fcrekli h\u0131z kaybetmeden geli\u015fmekte oldu\u011fu g\u00fcn\u00fcm\u00fczde mermer fayans dokular\u0131 etkileyici \u00f6zelliklerinin avantajlar\u0131 ile zemin, lavabo, tezgah ve hatta heykeller \u00fczerinde bile ideal bir kullan\u0131m alan\u0131na sahiptir.<\/div>\n<\/div>\n<\/div>\n<\/div>\n<h3>Ebatlar<\/h3>\n<div id=\"ui-accordion-1-panel-0\" class=\"accordion_content no_icon ui-accordion-content ui-helper-reset ui-widget-content ui-corner-bottom ui-accordion-content-active\">\n<div class=\"accordion_content_inner\">\n<div class=\"wpb_text_column wpb_content_element\">\n<div class=\"wpb_wrapper\">\n<p>A 30.5 x 30.5 x 1.5 cm (12 x 12 x 5\/8&#8243;)<br \/>\nB 40.6 x 40.6 x 1.5 cm (16 x 16 x 5\/8&#8243;)<br \/>\nC 45.7 x 45.7 x 1.5 cm (18 x 18 x 5\/8&#8243;)<br \/>\nD 61 x 61 x 1.5 cm (24 x 24 x 5\/8&#8243;)<br \/>\nE 30.5 x 61 x 1.5 cm (12 x 24 x 5\/8&#8243;)<br \/>\nF 40.6 x 61 x 1.5 cm (16 x 24 x 5\/8&#8243;)<br \/>\nG 30 x 60 x 2 cm<br \/>\nH 40 x 60 x 2 cm<br \/>\nI 60 x 60 x 2 cm<br \/>\nJ 80 x 80 x 2 cm<br \/>\nK 90 x 90 x 2 cm<\/p>\n<\/div>\n<\/div>\n<\/div>\n<\/div>\n<div id=\"ui-accordion-1-panel-0\" class=\"accordion_content no_icon ui-accordion-content ui-helper-reset ui-widget-content ui-corner-bottom ui-accordion-content-active\">\n<div class=\"accordion_content_inner\">\n<div class=\"wpb_text_column wpb_content_element\">\n<div class=\"wpb_wrapper\">\n<table width=\"994\">\n<tbody>\n<tr>\n<td style=\"text-align: left;\" width=\"699\">Test \/\u00a0Analiz Raporlar\u0131<\/td>\n<td style=\"text-align: center;\" width=\"74\">\u00dcnite<\/td>\n<td style=\"text-align: center;\" width=\"72\">Sonu\u00e7lar\u0131<\/td>\n<td style=\"text-align: center;\" width=\"149\">Test \/ Analiz Metodlar\u0131<\/td>\n<\/tr>\n<tr>\n<td style=\"text-align: left;\" width=\"699\">* Sarka\u00e7 testi yoluyla kayganl\u0131k direnci Belirlenmesi (Kuru Ko\u015fullar)<\/td>\n<td width=\"74\">sRVd<\/td>\n<td width=\"72\">38.5<\/td>\n<td width=\"149\">TS EN 14231<\/td>\n<\/tr>\n<tr>\n<td style=\"text-align: left;\" width=\"699\">* Sarka\u00e7 testi yoluyla kayganl\u0131k direnci Belirlenmesi (Islak\u00a0Ko\u015fullar)<\/td>\n<td width=\"74\">sRVw<\/td>\n<td width=\"72\">3,10<\/td>\n<td width=\"149\">TS EN 14231<\/td>\n<\/tr>\n<tr>\n<td style=\"text-align: left;\" rowspan=\"3\" width=\"699\">* Y\u00fczeydeki belirgin ve ger\u00e7ek g\u00f6zenek yo\u011funlu\u011funun toplam\u0131n\u0131n belirlenmesi<\/td>\n<td width=\"74\">kg\/m3<\/td>\n<td width=\"72\">2698<\/td>\n<td rowspan=\"3\" width=\"149\">TS EN 1936<\/td>\n<\/tr>\n<tr>\n<td width=\"74\">%<\/td>\n<td width=\"72\">2,83<\/td>\n<\/tr>\n<tr>\n<td width=\"74\">%<\/td>\n<td width=\"72\">0,31<\/td>\n<\/tr>\n<tr>\n<td style=\"text-align: left;\" width=\"699\">*\u00a0Kapilarite (k\u0131lcall\u0131k) yoluyla su emme katsay\u0131s\u0131n\u0131n belirlenmesi<\/td>\n<td width=\"74\">gr\/m2.s 0.5<\/td>\n<td width=\"72\">0.67<\/td>\n<td width=\"149\">TS EN 1975<\/td>\n<\/tr>\n<tr>\n<td style=\"text-align: left;\" width=\"699\">* A\u015f\u0131nmaya kar\u015f\u0131 olan direncin belirlenmesi(Dayan\u0131kl\u0131l\u0131k)<\/td>\n<td width=\"74\">mm<\/td>\n<td width=\"72\">15.2<\/td>\n<td width=\"149\">TS EN 1341 Ek C<\/td>\n<\/tr>\n<tr>\n<td style=\"text-align: left;\" colspan=\"4\"><a href=\"https:\/\/hurok.com\/wp-content\/uploads\/2015\/09\/www.turkak.org1.tr\" target=\"_blank\" rel=\"noopener\">Bu rapordaki test ve analiz sonu\u00e7lar\u0131 T\u00fcrk Akreditasyon Kurumu taraf\u0131ndan sa\u011flanm\u0131\u015ft\u0131r. (TURKAK)<\/a><\/td>\n<\/tr>\n<\/tbody>\n<\/table>\n<\/div>\n<\/div>\n<\/div>\n<\/div>","protected":false},"excerpt":{"rendered":"<p>&nbsp; Silver Mermer fayanslardaki hakim olan renk g\u00fcm\u00fc\u015f olarak ge\u00e7er ve bu g\u00fcm\u00fc\u015f renk damarlardan gelen farkl\u0131 renk tonlar\u0131 ile koyula\u015f\u0131p yer yer a\u00e7\u0131k renk tonlar\u0131na d\u00f6n\u00fc\u015febilir. Gri renk tonu en pop\u00fcler do\u011fal ta\u015f\u0131m\u0131z oldu\u011fu gibi bu koleksiyondaki b\u00fct\u00fcn gri, g\u00fcm\u00fc\u015f do\u011fal ta\u015flar\u0131m\u0131z en kaliteli koleksiyonlar\u0131m\u0131za \u00f6nc\u00fcl\u00fck etmektedirler. Silver Mermer i kullan\u0131m yerleri a\u00e7\u0131s\u0131ndan de\u011ferlendirecek [&#8230;]","protected":false},"author":1,"featured_media":19406,"parent":0,"menu_order":0,"comment_status":"closed","ping_status":"closed","template":"","meta":{"footnotes":""},"class_list":["post-17482","page","type-page","status-publish","has-post-thumbnail","hentry"],"_links":{"self":[{"href":"https:\/\/hurok.com\/en\/wp-json\/wp\/v2\/pages\/17482","targetHints":{"allow":["GET"]}}],"collection":[{"href":"https:\/\/hurok.com\/en\/wp-json\/wp\/v2\/pages"}],"about":[{"href":"https:\/\/hurok.com\/en\/wp-json\/wp\/v2\/types\/page"}],"author":[{"embeddable":true,"href":"https:\/\/hurok.com\/en\/wp-json\/wp\/v2\/users\/1"}],"replies":[{"embeddable":true,"href":"https:\/\/hurok.com\/en\/wp-json\/wp\/v2\/comments?post=17482"}],"version-history":[{"count":0,"href":"https:\/\/hurok.com\/en\/wp-json\/wp\/v2\/pages\/17482\/revisions"}],"wp:featuredmedia":[{"embeddable":true,"href":"https:\/\/hurok.com\/en\/wp-json\/wp\/v2\/media\/19406"}],"wp:attachment":[{"href":"https:\/\/hurok.com\/en\/wp-json\/wp\/v2\/media?parent=17482"}],"curies":[{"name":"wp","href":"https:\/\/api.w.org\/{rel}","templated":true}]}}