{"id":17762,"date":"2015-09-08T09:57:16","date_gmt":"2015-09-08T13:57:16","guid":{"rendered":"https:\/\/hurok.com\/tr\/?page_id=17762"},"modified":"2018-04-10T16:24:57","modified_gmt":"2018-04-10T13:24:57","slug":"antique-blend","status":"publish","type":"page","link":"https:\/\/hurok.com\/en\/antique-blend\/","title":{"rendered":"Antique Blend"},"content":{"rendered":"<figure id=\"attachment_19774\" aria-describedby=\"caption-attachment-19774\" style=\"width: 400px\" class=\"wp-caption aligncenter\"><img loading=\"lazy\" decoding=\"async\" class=\"size-medium wp-image-19774\" src=\"https:\/\/hurok.com\/wp-content\/uploads\/2017\/10\/AntiqueBlendF03-400x400.jpg\" alt=\"Antique Blend Traverten\" width=\"400\" height=\"400\" srcset=\"https:\/\/hurok.com\/wp-content\/uploads\/2017\/10\/AntiqueBlendF03-400x400.jpg 400w, https:\/\/hurok.com\/wp-content\/uploads\/2017\/10\/AntiqueBlendF03-280x280.jpg 280w, https:\/\/hurok.com\/wp-content\/uploads\/2017\/10\/AntiqueBlendF03-768x768.jpg 768w, https:\/\/hurok.com\/wp-content\/uploads\/2017\/10\/AntiqueBlendF03-800x800.jpg 800w\" sizes=\"auto, (max-width: 400px) 100vw, 400px\" \/><figcaption id=\"caption-attachment-19774\" class=\"wp-caption-text\">Antique Blend<\/figcaption><\/figure>\n<p><strong>Antique Blend<\/strong>\u00a0Do\u011fal Ta\u015f\u0131m\u0131z bej renginin en g\u00fczel do\u011fal yans\u0131mas\u0131 olarak tarif edebilece\u011fimiz ve \u00e7ok ho\u015f ve bir o kadar da profesyonel bir g\u00f6r\u00fcn\u00fcm sa\u011flayan s\u0131cak temal\u0131 bir mermerimizdir <strong>Antique Blend<\/strong>. Bu Do\u011fal Ta\u015f \u0131m\u0131z genel kullan\u0131mlar a\u00e7\u0131s\u0131ndan de\u011ferlendirecek olursak i\u00e7 mekan zeminlerinde ve kaplamalarda kullan\u0131labilir. Antique Blend \u00fcr\u00fcn\u00fcm\u00fcz\u00fcn \u00e7e\u015fitlerinden birisi olan cilal\u0131 mermer genel kullan\u0131m a\u00e7\u0131s\u0131ndan en \u00e7ok \u00f6nerilen ve ilgi duyulan serilerindendir. Kullan\u0131m yerleri a\u00e7\u0131s\u0131ndan ise her zevke, her konumda hitap edebilecek olan bu do\u011fal ta\u015f \u0131m\u0131z Banyo dizaynlar\u0131nda, baz\u0131 \u00f6zel mobilyalarda, zeminlerde ve kaplama uygulamas\u0131 gibi projelerde en g\u00fczel ve \u015f\u0131k g\u00f6r\u00fcn\u00fcm\u00fc ile projenize destek verecektir.<\/p>\n<h2>Antique Blend Uygulama Alanlar\u0131<\/h2>\n<div id=\"ui-accordion-1-panel-0\" class=\"accordion_content no_icon ui-accordion-content ui-helper-reset ui-widget-content ui-corner-bottom ui-accordion-content-active\">\n<div class=\"accordion_content_inner\">\n<div class=\"wpb_text_column wpb_content_element\">\n<div class=\"wpb_wrapper\">\n<p style=\"text-align: justify;\"><strong>Antique Blend\u00a0<\/strong>d\u00f6\u015feme fayanslar\u0131n\u0131n pop\u00fcleritesi her ge\u00e7ti\u011fimiz y\u0131l artarak b\u00fcy\u00fcmektedir. <strong>Antique Blend\u00a0<\/strong>do\u011fal ta\u015f \u00fcr\u00fcn grubumuzu e\u011fer antik bir g\u00f6r\u00fcn\u00fcm\u00fc seven ve bu dizayn ile evinin g\u00f6r\u00fcnmesini isteyenler i\u00e7in birebir m\u00fckemmel se\u00e7im olabilir. Antik Mermer Fayans g\u00f6r\u00fcn\u00fcm\u00fc evinize sakin ve a\u011f\u0131r bir hava katacakt\u0131r. Bununla beraber art\u0131k bu \u015fahane g\u00f6r\u00fcn\u00fcml\u00fc Antique Blend do\u011fal ta\u015f tan yap\u0131lma fayanslar\u0131n antik duru\u015fu sadece kurumsal \u015firketlerin ya da in\u015faat \u015firketlerinin tasar\u0131mlar\u0131ndan ziyade, art\u0131k Ev sahiplerinin de ilgi oda\u011f\u0131 olmu\u015f olup b\u00fcy\u00fck be\u011feni g\u00f6rmektedir. Antique Blend Do\u011fal Ta\u015flar\u0131m\u0131z hoteller, ticari kompleks yap\u0131lar ve hatta etnik bir g\u00f6r\u00fcn\u00fcm kazanmak isteyen ofisler taraf\u0131ndan bile y\u00fcksek oranda tercih edilmektedir. Bu do\u011fal ta\u015f\u0131m\u0131z\u0131n kullan\u0131m yerleri a\u00e7\u0131s\u0131ndan de\u011ferlendirecek olursak, en s\u0131k kullan\u0131m alan\u0131 a\u00e7\u0131s\u0131ndan banyolar, koridorlar, yollar gibi ve benzeri alanlar da kullan\u0131m\u0131 yo\u011fundur. Ortak kullan\u0131m alanlar\u0131 a\u00e7\u0131s\u0131ndan zemin ve duvarlardaki kullan\u0131m\u0131 ayn\u0131 zamanda ki\u015finin zevkine ve e\u011filim trendlerine g\u00f6re de kullan\u0131labilir. \u00c7ok y\u00f6nl\u00fc kullan\u0131m alanlar\u0131n\u0131n bir sebebi ise malzemenin bir\u00e7ok farkl\u0131 \u00e7e\u015fitlerde \u00fcretimi sayesinde bize bir\u00e7ok imkan vermesini sa\u011flamaktad\u0131r, koridor ve banyonun yan\u0131 s\u0131ra, mutfak tezgah\u0131 ve hatta bah\u00e7e alanlar\u0131nda bile yayg\u0131n bir kullan\u0131ma sahiptir. Renk tonlar\u0131 ve bunlar\u0131n evlerdeki yans\u0131malar\u0131 ile \u00e7ok \u00e7ekici bir mermer fayans olarak kabul edilir. Teknoloji ve modernli\u011fin s\u00fcrekli h\u0131z kaybetmeden geli\u015fmekte oldu\u011fu g\u00fcn\u00fcm\u00fczde mermer fayans dokular\u0131 etkileyici \u00f6zelliklerinin avantajlar\u0131 ile zemin, lavabo, tezgah ve hatta heykeller \u00fczerinde bile ideal bir kullan\u0131m alan\u0131na sahiptir.<\/p>\n<p>&nbsp;<\/p>\n<div id=\"ui-accordion-1-panel-0\" class=\"accordion_content no_icon ui-accordion-content ui-helper-reset ui-widget-content ui-corner-bottom ui-accordion-content-active\">\n<div class=\"accordion_content_inner\">\n<div class=\"wpb_text_column wpb_content_element\">\n<div class=\"wpb_wrapper\">\n<p>A 30.5 x 30.5 x 1.5 cm (12 x 12 x 5\/8&#8243;)<br \/>\nB 40.6 x 40.6 x 1.5 cm (16 x 16 x 5\/8&#8243;)<br \/>\nC 45.7 x 45.7 x 1.5 cm (18 x 18 x 5\/8&#8243;)<br \/>\nD 61 x 61 x 1.5 cm (24 x 24 x 5\/8&#8243;)<br \/>\nE 30.5 x 61 x 1.5 cm (12 x 24 x 5\/8&#8243;)<br \/>\nF 40.6 x 61 x 1.5 cm (16 x 24 x 5\/8&#8243;)<br \/>\nG 30 x 60 x 2 cm<br \/>\nH 40 x 60 x 2 cm<br \/>\nI 60 x 60 x 2 cm<br \/>\nJ 80 x 80 x 2 cm<br \/>\nK 90 x 90 x 2 cm<\/p>\n<\/div>\n<\/div>\n<\/div>\n<\/div>\n<h3>Antique Blend Teknik Bilgileri<\/h3>\n<div id=\"ui-accordion-1-panel-0\" class=\"accordion_content no_icon ui-accordion-content ui-helper-reset ui-widget-content ui-corner-bottom ui-accordion-content-active\">\n<div class=\"accordion_content_inner\">\n<div class=\"wpb_text_column wpb_content_element\">\n<div class=\"wpb_wrapper\">\n<table width=\"994\">\n<tbody>\n<tr>\n<td style=\"text-align: left;\" width=\"699\">Test \/\u00a0Analiz Raporlar\u0131<\/td>\n<td style=\"text-align: center;\" width=\"74\">\u00dcnite<\/td>\n<td style=\"text-align: center;\" width=\"72\">Sonu\u00e7lar\u0131<\/td>\n<td style=\"text-align: center;\" width=\"149\">Test \/ Analiz Metodlar\u0131<\/td>\n<\/tr>\n<tr>\n<td style=\"text-align: left;\" width=\"699\">* Sarka\u00e7 testi yoluyla kayganl\u0131k direnci Belirlenmesi (Kuru Ko\u015fullar)<\/td>\n<td width=\"74\">sRVd<\/td>\n<td width=\"72\">38.5<\/td>\n<td width=\"149\">TS EN 14231<\/td>\n<\/tr>\n<tr>\n<td style=\"text-align: left;\" width=\"699\">* Sarka\u00e7 testi yoluyla kayganl\u0131k direnci Belirlenmesi (Islak\u00a0Ko\u015fullar)<\/td>\n<td width=\"74\">sRVw<\/td>\n<td width=\"72\">3,10<\/td>\n<td width=\"149\">TS EN 14231<\/td>\n<\/tr>\n<tr>\n<td style=\"text-align: left;\" rowspan=\"3\" width=\"699\">* Y\u00fczeydeki belirgin ve ger\u00e7ek g\u00f6zenek yo\u011funlu\u011funun toplam\u0131n\u0131n belirlenmesi<\/td>\n<td width=\"74\">kg\/m3<\/td>\n<td width=\"72\">2698<\/td>\n<td rowspan=\"3\" width=\"149\">TS EN 1936<\/td>\n<\/tr>\n<tr>\n<td width=\"74\">%<\/td>\n<td width=\"72\">2,83<\/td>\n<\/tr>\n<tr>\n<td width=\"74\">%<\/td>\n<td width=\"72\">0,31<\/td>\n<\/tr>\n<tr>\n<td style=\"text-align: left;\" width=\"699\">*\u00a0Kapilarite (k\u0131lcall\u0131k) yoluyla su emme katsay\u0131s\u0131n\u0131n belirlenmesi<\/td>\n<td width=\"74\">gr\/m2.s 0.5<\/td>\n<td width=\"72\">0.67<\/td>\n<td width=\"149\">TS EN 1975<\/td>\n<\/tr>\n<tr>\n<td style=\"text-align: left;\" width=\"699\">* A\u015f\u0131nmaya kar\u015f\u0131 olan direncin belirlenmesi(Dayan\u0131kl\u0131l\u0131k)<\/td>\n<td width=\"74\">mm<\/td>\n<td width=\"72\">15.2<\/td>\n<td width=\"149\">TS EN 1341 Ek C<\/td>\n<\/tr>\n<tr>\n<td style=\"text-align: left;\" colspan=\"4\"><a href=\"https:\/\/hurok.com\/wp-content\/uploads\/2015\/09\/www.turkak.org11.tr\" target=\"_blank\" rel=\"noopener\">Bu rapordaki test ve analiz sonu\u00e7lar\u0131 T\u00fcrk Akreditasyon Kurumu taraf\u0131ndan sa\u011flanm\u0131\u015ft\u0131r. (TURKAK)<\/a><\/td>\n<\/tr>\n<\/tbody>\n<\/table>\n<\/div>\n<\/div>\n<\/div>\n<\/div>\n<\/div>\n<\/div>\n<\/div>\n<\/div>","protected":false},"excerpt":{"rendered":"<p>Antique Blend\u00a0Do\u011fal Ta\u015f\u0131m\u0131z bej renginin en g\u00fczel do\u011fal yans\u0131mas\u0131 olarak tarif edebilece\u011fimiz ve \u00e7ok ho\u015f ve bir o kadar da profesyonel bir g\u00f6r\u00fcn\u00fcm sa\u011flayan s\u0131cak temal\u0131 bir mermerimizdir Antique Blend. Bu Do\u011fal Ta\u015f \u0131m\u0131z genel kullan\u0131mlar a\u00e7\u0131s\u0131ndan de\u011ferlendirecek olursak i\u00e7 mekan zeminlerinde ve kaplamalarda kullan\u0131labilir. Antique Blend \u00fcr\u00fcn\u00fcm\u00fcz\u00fcn \u00e7e\u015fitlerinden birisi olan cilal\u0131 mermer genel kullan\u0131m [&#8230;]","protected":false},"author":1,"featured_media":19774,"parent":0,"menu_order":0,"comment_status":"closed","ping_status":"closed","template":"","meta":{"footnotes":""},"class_list":["post-17762","page","type-page","status-publish","has-post-thumbnail","hentry"],"_links":{"self":[{"href":"https:\/\/hurok.com\/en\/wp-json\/wp\/v2\/pages\/17762","targetHints":{"allow":["GET"]}}],"collection":[{"href":"https:\/\/hurok.com\/en\/wp-json\/wp\/v2\/pages"}],"about":[{"href":"https:\/\/hurok.com\/en\/wp-json\/wp\/v2\/types\/page"}],"author":[{"embeddable":true,"href":"https:\/\/hurok.com\/en\/wp-json\/wp\/v2\/users\/1"}],"replies":[{"embeddable":true,"href":"https:\/\/hurok.com\/en\/wp-json\/wp\/v2\/comments?post=17762"}],"version-history":[{"count":0,"href":"https:\/\/hurok.com\/en\/wp-json\/wp\/v2\/pages\/17762\/revisions"}],"wp:featuredmedia":[{"embeddable":true,"href":"https:\/\/hurok.com\/en\/wp-json\/wp\/v2\/media\/19774"}],"wp:attachment":[{"href":"https:\/\/hurok.com\/en\/wp-json\/wp\/v2\/media?parent=17762"}],"curies":[{"name":"wp","href":"https:\/\/api.w.org\/{rel}","templated":true}]}}