{"id":17764,"date":"2015-09-08T09:57:37","date_gmt":"2015-09-08T13:57:37","guid":{"rendered":"https:\/\/hurok.com\/tr\/?page_id=17764"},"modified":"2018-02-17T10:59:18","modified_gmt":"2018-02-17T07:59:18","slug":"travertine-french-pattern","status":"publish","type":"page","link":"https:\/\/hurok.com\/en\/travertine-french-pattern\/","title":{"rendered":"Travertine French Pattern"},"content":{"rendered":"<figure id=\"attachment_17599\" aria-describedby=\"caption-attachment-17599\" style=\"width: 265px\" class=\"wp-caption aligncenter\"><img loading=\"lazy\" decoding=\"async\" class=\"size-full wp-image-17599\" src=\"https:\/\/hurok.com\/wp-content\/uploads\/2015\/09\/peach-blend1.jpg\" alt=\"Travertine French Pattern Peach Blend\" width=\"265\" height=\"177\" \/><figcaption id=\"caption-attachment-17599\" class=\"wp-caption-text\">Travertine French Pattern Peach Blend<\/figcaption><\/figure>\n<div id=\"ui-accordion-1-panel-0\" class=\"accordion_content no_icon ui-accordion-content ui-helper-reset ui-widget-content ui-corner-bottom ui-accordion-content-active\">\n<div class=\"accordion_content_inner\">\n<div class=\"wpb_text_column wpb_content_element\">\n<div class=\"wpb_wrapper\">\n<p style=\"text-align: justify;\"><strong>Travertine French Pattern\u00a0<\/strong>\u00fcr\u00fcn gruplar\u0131 resimdeki \u00f6rnek proje de de g\u00f6r\u00fcld\u00fc\u011f\u00fc gibi set halinde \u00fcretti\u011fimiz do\u011fal ta\u015flar \u0131n d\u00f6\u015fenme \u015fekline g\u00f6re ayr\u0131lm\u0131\u015f pop\u00fcler yer d\u00f6\u015feme \u015fekillerindendir.\u00a0Travertine French Pattern do\u011fal ta\u015flar \u0131n neredeyse her \u00fcr\u00fcn\u00fcm\u00fczde bulundurmaktay\u0131z bunun yan\u0131 s\u0131ra asl\u0131nda travertine yani traverten den ziyade mermer french pattern ya da marble french pattern set olarak da koleksiyonumuzda bulundurmaktay\u0131z.\u00a0Travertine French Pattern setler 6 par\u00e7adan olu\u015fmaktad\u0131r ve en az iki set kullan\u0131larak yani 12 par\u00e7a ile d\u00f6\u015feme tamamlan\u0131r ve ortaya ayn\u0131 desenden ihtiyaca g\u00f6re artt\u0131r\u0131larak \u00e7ok \u015f\u0131k ve modern setler halinde k\u00fc\u00e7\u00fck ve b\u00fcy\u00fck par\u00e7al\u0131, honed ya da kenarlar\u0131 k\u0131r\u0131lm\u0131\u015f \u015fekilde brushed and chiseled kenarl\u0131 do\u011fal ta\u015flar\u0131n d\u00f6\u015fendi\u011fi projeler yap\u0131labilir.\u00a0Travertine French Pattern ile banyolar, bah\u00e7e, havuz alanlar\u0131, meydan, salon, koridor, i\u00e7 mekan ve d\u0131\u015f mekan gibi \u00fcr\u00fcne g\u00f6re d\u00f6\u015fenme modeli ayn\u0131 olmak \u00fczere \u00e7ok yarat\u0131c\u0131 tasar\u0131mlar ortaya \u00e7\u0131kar\u0131labilir.<\/p>\n<\/div>\n<\/div>\n<\/div>\n<\/div>\n<div id=\"ui-accordion-1-panel-2\" class=\"accordion_content no_icon ui-accordion-content ui-helper-reset ui-widget-content ui-corner-bottom ui-accordion-content-active ui-accordion-header ui-state-default ui-accordion-header-active ui-state-active ui-corner-top ui-state-hover ui-state-focus\" tabindex=\"0\">\n<div class=\"accordion_content_inner\">\n<div class=\"wpb_text_column wpb_content_element\">\n<div class=\"wpb_wrapper\" style=\"text-align: justify;\"><strong>Travertine French Pattern\u00a0<\/strong><strong>Mermer Fayans Parke Ta\u015flar\u0131ndan Leke \u00c7\u0131karma K\u0131lavuzu;\u00a0<\/strong>Bu i\u015flem y\u00fcksek bir bak\u0131m seviyesidir ve \u00f6zellikle zemin gibi y\u00fczeylerde \u00e7izilme oran\u0131 y\u00fcksek kullan\u0131m\u0131 s\u0131k olan zeminlerde daha y\u00fcksek bir bak\u0131m gerektirir. E\u011fer trafik alan\u0131 y\u00fcksek bir alanda mermer d\u00f6\u015feme kullanmay\u0131 d\u00fc\u015f\u00fcn\u00fcyorsan\u0131z daha az bak\u0131m gerektirmesi ama\u00e7l\u0131 cilal\u0131 gibi g\u00f6r\u00fcnmeyen, yans\u0131mas\u0131 olmayan kaplamal\u0131 \u00fcr\u00fcnlerin kullan\u0131m\u0131 \u00e7izilme oran\u0131 a\u00e7\u0131s\u0131ndan daha uygun olacakt\u0131r. Mermer in \u00fczerine d\u00f6k\u00fclebilecek ya\u011f ve di\u011fer s\u0131v\u0131lar asit gibi kimyasal \u00fcr\u00fcnleri\u00a0mermer emece\u011finden dolay\u0131 kolayca \u00e7izip zarar verebilir. Bu nedenle zeminde kullan\u0131lacak mermer gibi do\u011fal ta\u015f larda bak\u0131m \u00e7ok \u00f6nemli bir unsurdur, d\u00f6\u015feme sonras\u0131 ustan\u0131z taraf\u0131ndan \u00fczerine kaplama yap\u0131lmas\u0131 \u00e7ok m\u00fchimdir ve bu kaplaman\u0131n zarar almas\u0131 ya da alan kesimlerde, koruyucu kaplaman\u0131n tekrarlanmas\u0131 b\u00fcy\u00fck bir \u00f6nem arz eder. Do\u011fal ta\u015flar \u0131n \u00fczerindeki pas sebepli lekeleriniz var ise bu pas lekelerinin temizli\u011fi \u00e7\u0131kart\u0131lmas\u0131 i\u00e7in\u00a0Gliserin, Sodyum Sitrat, Oksalik Asit, Amonyum oksalat veya Sodyum tuzu gibi bile\u015fenleri i\u00e7eren profesyonel \u00fcr\u00fcnler kullanabilirsiniz. Ya\u011f, katran, yemek ya\u011f\u0131, g\u0131da kaynakl\u0131 lekelerin verdi\u011fi genel ad\u0131 ile ya\u011f tabanl\u0131 leke ve a\u015f\u0131nmalar\u0131 \u00f6nlemek i\u00e7in amonyak, mineral ruhlar\u0131 veya metil klor\u00fcr i\u00e7eren profesyonel bile\u015fenler tercih edilmelidir. \u00c7i\u00e7eklenme ad\u0131 ile tabir etti\u011fimiz mermer y\u00fczeyinde beyazlanmalar, beyaz puslu gibi g\u00f6r\u00fcnme durumlar\u0131nda ise dam\u0131t\u0131lm\u0131\u015f su ile ilgili b\u00f6lgelerin temizlenmesi yeterli olacakt\u0131r. Koyu renkli do\u011fal ta\u015f\u0131n\u0131z var ise ve bu b\u00f6lgeye m\u00fcrekkep tarz\u0131 daha da koyultucu bir madde s\u0131v\u0131 d\u00f6k\u00fcld\u00fc ise, bu b\u00f6lgeye aseton ve ya inceltici tiner gibi s\u0131v\u0131lardan fazla olmamak \u015fart\u0131 ile temizlemek ya da rengi a\u00e7abilmek ama\u00e7l\u0131 uygulanabilir. Do\u011fal ta\u015f \u0131n\u0131z\u0131n rengi daha a\u00e7\u0131k tonlarda beyaz veya tonlar\u0131nda bir \u00fcr\u00fcn ise makul seviyelerde olmak \u00fczere \u00e7ama\u015f\u0131r suyu veya peroksit gibi kimyasallar\u0131 i\u00e7eren s\u0131v\u0131lar ile gerekli alana uygulanabilir. Kesinlikle az seviyede uygulan\u0131p a\u015fama a\u015fama temizlenmesi gereklidir. Genel de 4-5 defa da g\u00f6zle g\u00f6r\u00fcn\u00fcr bir temizlik olacak kadar az az uygulama yap\u0131lmas\u0131 \u00f6nerilen zahmetli bir temizleme i\u015flemi haline gelebilir. Y\u00fczeyde beliren nem sebepli, ortam\u0131n getirdi\u011fi \u015fartlar\u0131n olu\u015fturdu\u011fu yosunlar, mantarlar tarz\u0131 baz\u0131 orgabiyonik olu\u015fumlar\u0131n temizlenmesi ve bu olu\u015fumlar\u0131n engellenmesi ama\u00e7l\u0131 seyreltilmi\u015f Amonyak, \u00e7ama\u015f\u0131r suyu peroksit veya sodyum hidroklor\u00fcr ile mermer y\u00fczeyinin temizli\u011fini yapabilirsiniz. Y\u00fczeyde evi boyarken ya da herhangi bir sebebpten dolay\u0131 boya gibi kaplay\u0131c\u0131 renk tarz\u0131 boya s\u0131v\u0131s\u0131 d\u00f6k\u00fclmi\u015fse metil klor\u00fcr veya alkali boya s\u00f6k\u00fcc\u00fc gibi kimyasal temizleyiciler kullan\u0131labilir. \u00c7ay, kahve, kozmetik vb gibi organik lekelerin temizli\u011fi i\u00e7in aseton, toluen ve ksilen kullan\u0131labilir. Alternatif bir temizleme metodu olarak ayr\u0131ca hidrojen peroksit d\u00f6k\u00fcl\u00fcp bir ka\u00e7 damla amonyak ile biraz beklettikten sonra bir bez yard\u0131m\u0131 ile temizlik denenebilir. Mermerin y\u00fczeyinde baz\u0131 renk de\u011fi\u015fiklikleri fark edilmi\u015f ise bu b\u00f6lgeler de alkalin s\u0131v\u0131, \u00e7ama\u015f\u0131r suyu, hidrojen peroksit veya ilgili b\u00f6lgenin tekrardan bilercesine kaz\u0131n\u0131p tekrardan olmas\u0131 gerekti\u011fi gibi kaplamas\u0131 yap\u0131labilir. Zaten genel anlamda profesyonellerce ba\u015far\u0131l\u0131 b\u015fr kaplama ger\u00e7ekle\u015fmi\u015f ise mermerin do\u011fas\u0131n\u0131n gere\u011fi meydana gelecek a\u015f\u0131nmalar\u0131n t\u00fcm\u00fcn\u00fcn \u00f6n\u00fcne ge\u00e7ilmi\u015f oluyor ve sadece temizlenip tekrardan kaplama yap\u0131larak sonsuza kadar m\u00fckemmle g\u00f6r\u00fcn\u00fcml\u00fc do\u011fal ta\u015flar\u0131n\u0131z olabilir.<\/div>\n<\/div>\n<\/div>\n<\/div>\n<h1>Ebatlar<\/h1>\n<div id=\"ui-accordion-1-panel-0\" class=\"accordion_content no_icon ui-accordion-content ui-helper-reset ui-widget-content ui-corner-bottom ui-accordion-content-active\">\n<div class=\"accordion_content_inner\">\n<div class=\"wpb_text_column wpb_content_element\">\n<div class=\"wpb_wrapper\">\n<p>1.2 cm (1\/2&#8243;) Set Sizes<\/p>\n<p>A 40.6 x 61 x 1.2 cm 16 x 24 x 1\/2&#8243;<br \/>\nB 40.6 x 40.6 x 1.2 cm 16 x 16 x 1\/2&#8243;<br \/>\nC 20.3 x 40.6 x 1.2 cm 8 x 16 x 1\/2&#8243;<br \/>\nD 20.3 x 20.3 x 1.2 cm 8 x 8 x 1\/2&#8243;<\/p>\n<\/div>\n<\/div>\n<\/div>\n<\/div>\n<div id=\"ui-accordion-1-panel-0\" class=\"accordion_content no_icon ui-accordion-content ui-helper-reset ui-widget-content ui-corner-bottom ui-accordion-content-active\">\n<div class=\"accordion_content_inner\">\n<div class=\"wpb_text_column wpb_content_element\">\n<div class=\"wpb_wrapper\">\n<table width=\"994\">\n<tbody>\n<tr>\n<td style=\"text-align: left;\" width=\"699\">Test \/\u00a0Analiz Raporlar\u0131<\/td>\n<td style=\"text-align: center;\" width=\"74\">\u00dcnite<\/td>\n<td style=\"text-align: center;\" width=\"72\">Sonu\u00e7lar\u0131<\/td>\n<td style=\"text-align: center;\" width=\"149\">Test \/ Analiz Metodlar\u0131<\/td>\n<\/tr>\n<tr>\n<td style=\"text-align: left;\" width=\"699\">* Sarka\u00e7 testi yoluyla kayganl\u0131k direnci Belirlenmesi (Kuru Ko\u015fullar)<\/td>\n<td width=\"74\">sRVd<\/td>\n<td width=\"72\">38.5<\/td>\n<td width=\"149\">TS EN 14231<\/td>\n<\/tr>\n<tr>\n<td style=\"text-align: left;\" width=\"699\">* Sarka\u00e7 testi yoluyla kayganl\u0131k direnci Belirlenmesi (Islak\u00a0Ko\u015fullar)<\/td>\n<td width=\"74\">sRVw<\/td>\n<td width=\"72\">3,10<\/td>\n<td width=\"149\">TS EN 14231<\/td>\n<\/tr>\n<tr>\n<td style=\"text-align: left;\" rowspan=\"3\" width=\"699\">* Y\u00fczeydeki belirgin ve ger\u00e7ek g\u00f6zenek yo\u011funlu\u011funun toplam\u0131n\u0131n belirlenmesi<\/td>\n<td width=\"74\">kg\/m3<\/td>\n<td width=\"72\">2698<\/td>\n<td rowspan=\"3\" width=\"149\">TS EN 1936<\/td>\n<\/tr>\n<tr>\n<td width=\"74\">%<\/td>\n<td width=\"72\">2,83<\/td>\n<\/tr>\n<tr>\n<td width=\"74\">%<\/td>\n<td width=\"72\">0,31<\/td>\n<\/tr>\n<tr>\n<td style=\"text-align: left;\" width=\"699\">*\u00a0Kapilarite (k\u0131lcall\u0131k) yoluyla su emme katsay\u0131s\u0131n\u0131n belirlenmesi<\/td>\n<td width=\"74\">gr\/m2.s 0.5<\/td>\n<td width=\"72\">0.67<\/td>\n<td width=\"149\">TS EN 1975<\/td>\n<\/tr>\n<tr>\n<td style=\"text-align: left;\" width=\"699\">* A\u015f\u0131nmaya kar\u015f\u0131 olan direncin belirlenmesi(Dayan\u0131kl\u0131l\u0131k)<\/td>\n<td width=\"74\">mm<\/td>\n<td width=\"72\">15.2<\/td>\n<td width=\"149\">TS EN 1341 Ek C<\/td>\n<\/tr>\n<tr>\n<td style=\"text-align: left;\" colspan=\"4\"><a href=\"https:\/\/hurok.com\/wp-content\/uploads\/2015\/09\/www.turkak.org12.tr\" target=\"_blank\" rel=\"noopener\">Bu rapordaki test ve analiz sonu\u00e7lar\u0131 T\u00fcrk Akreditasyon Kurumu taraf\u0131ndan sa\u011flanm\u0131\u015ft\u0131r. (TURKAK)<\/a><\/td>\n<\/tr>\n<\/tbody>\n<\/table>\n<\/div>\n<\/div>\n<\/div>\n<\/div>\n<p>&nbsp;<\/p>","protected":false},"excerpt":{"rendered":"<p>Travertine French Pattern\u00a0\u00fcr\u00fcn gruplar\u0131 resimdeki \u00f6rnek proje de de g\u00f6r\u00fcld\u00fc\u011f\u00fc gibi set halinde \u00fcretti\u011fimiz do\u011fal ta\u015flar \u0131n d\u00f6\u015fenme \u015fekline g\u00f6re ayr\u0131lm\u0131\u015f pop\u00fcler yer d\u00f6\u015feme \u015fekillerindendir.\u00a0Travertine French Pattern do\u011fal ta\u015flar \u0131n neredeyse her \u00fcr\u00fcn\u00fcm\u00fczde bulundurmaktay\u0131z bunun yan\u0131 s\u0131ra asl\u0131nda travertine yani traverten den ziyade mermer french pattern ya da marble french pattern set olarak da koleksiyonumuzda [&#8230;]","protected":false},"author":1,"featured_media":17600,"parent":0,"menu_order":0,"comment_status":"closed","ping_status":"closed","template":"","meta":{"footnotes":""},"class_list":["post-17764","page","type-page","status-publish","has-post-thumbnail","hentry"],"_links":{"self":[{"href":"https:\/\/hurok.com\/en\/wp-json\/wp\/v2\/pages\/17764","targetHints":{"allow":["GET"]}}],"collection":[{"href":"https:\/\/hurok.com\/en\/wp-json\/wp\/v2\/pages"}],"about":[{"href":"https:\/\/hurok.com\/en\/wp-json\/wp\/v2\/types\/page"}],"author":[{"embeddable":true,"href":"https:\/\/hurok.com\/en\/wp-json\/wp\/v2\/users\/1"}],"replies":[{"embeddable":true,"href":"https:\/\/hurok.com\/en\/wp-json\/wp\/v2\/comments?post=17764"}],"version-history":[{"count":0,"href":"https:\/\/hurok.com\/en\/wp-json\/wp\/v2\/pages\/17764\/revisions"}],"wp:featuredmedia":[{"embeddable":true,"href":"https:\/\/hurok.com\/en\/wp-json\/wp\/v2\/media\/17600"}],"wp:attachment":[{"href":"https:\/\/hurok.com\/en\/wp-json\/wp\/v2\/media?parent=17764"}],"curies":[{"name":"wp","href":"https:\/\/api.w.org\/{rel}","templated":true}]}}