{"id":19135,"date":"2017-10-14T09:17:49","date_gmt":"2017-10-14T06:17:49","guid":{"rendered":"http:\/\/www.ajanszero.com\/hurok2\/?page_id=19135"},"modified":"2018-04-10T15:50:10","modified_gmt":"2018-04-10T12:50:10","slug":"basinda-hurok","status":"publish","type":"page","link":"https:\/\/hurok.com\/en\/basinda-hurok\/","title":{"rendered":"Hurok in the press"},"content":{"rendered":"<h1>Bas\u0131nda Hurok Marble<\/h1>\n<p>\u00c7e\u015fitli dergi,gazete ve mecmualardan al\u0131nan g\u00f6r\u00fcnt\u00fcleri inceleyebilir, google &#8216; a <a href=\"https:\/\/www.google.com.tr\/search?ei=g7LMWsLMFZGXkwXVoo6YBw&amp;q=hurok+mermer&amp;oq=hurok+mermer&amp;gs_l=psy-ab.3..35i39k1l2j0i22i30i19k1l8.1811.2848.0.2969.12.8.0.0.0.0.195.668.0j4.4.0....0...1c.1.64.psy-ab..8.4.667...0j0i131k1j0i131i67k1j0i67k1.0.4GoLJng2C_4\">hurok mermer<\/a> yazarakta \u00e7\u0131kan haberlere g\u00f6z atabilirsiniz.<\/p>\n\n  \n    <div class=\"row large-columns-3 medium-columns- small-columns-2 row-small\">\n  <div class=\"gallery-col col\" data-animate=\"fadeInLeft\">\n          <div class=\"col-inner\">\n            <a class=\"image-lightbox lightbox-gallery\" href=\"https:\/\/hurok.com\/wp-content\/uploads\/2018\/01\/Conrad-Istanbul-Bosphorus-Hilton-6-1400x788.png\" title=\"Conrad Istanbul Bosphorus - Hilton\">            <div class=\"box has-hover gallery-box box-normal\">\n              <div class=\"box-image image-zoom-long image-cover\" style=\"padding-top:75%;\">\n                <img loading=\"lazy\" decoding=\"async\" width=\"1020\" height=\"574\" src=\"https:\/\/hurok.com\/wp-content\/uploads\/2018\/01\/Conrad-Istanbul-Bosphorus-Hilton-6-1400x788.png\" class=\"attachment-large size-large\" alt=\"\" ids=\"19660,19661,19662,19663,19664,19665,19666,19667,19668,19669,19670\" style=\"normal\" col_spacing=\"small\" columns=\"3\" animate=\"fadeInLeft\" image_height=\"75%\" image_size=\"large\" image_hover=\"zoom-long\" srcset=\"https:\/\/hurok.com\/wp-content\/uploads\/2018\/01\/Conrad-Istanbul-Bosphorus-Hilton-6.png 1400w, https:\/\/hurok.com\/wp-content\/uploads\/2018\/01\/Conrad-Istanbul-Bosphorus-Hilton-6-711x400.png 711w, https:\/\/hurok.com\/wp-content\/uploads\/2018\/01\/Conrad-Istanbul-Bosphorus-Hilton-6-768x432.png 768w\" sizes=\"auto, (max-width: 1020px) 100vw, 1020px\" \/>                                                              <\/div>\n              <div class=\"box-text text-left\" >\n                 <p>Conrad Istanbul Bosphorus - Hilton<\/p>\n              <\/div>\n            <\/div>\n            <\/a>          <\/div>\n         <\/div><div class=\"gallery-col col\" data-animate=\"fadeInLeft\">\n          <div class=\"col-inner\">\n            <a class=\"image-lightbox lightbox-gallery\" href=\"https:\/\/hurok.com\/wp-content\/uploads\/2018\/01\/Conrad-Istanbul-Bosphorus-Hilton-2.jpg\" title=\"Conrad Istanbul Bosphorus - Hilton\">            <div class=\"box has-hover gallery-box box-normal\">\n              <div class=\"box-image image-zoom-long image-cover\" style=\"padding-top:75%;\">\n                <img loading=\"lazy\" decoding=\"async\" width=\"840\" height=\"460\" src=\"https:\/\/hurok.com\/wp-content\/uploads\/2018\/01\/Conrad-Istanbul-Bosphorus-Hilton-2.jpg\" class=\"attachment-large size-large\" alt=\"\" ids=\"19660,19661,19662,19663,19664,19665,19666,19667,19668,19669,19670\" style=\"normal\" col_spacing=\"small\" columns=\"3\" animate=\"fadeInLeft\" image_height=\"75%\" image_size=\"large\" image_hover=\"zoom-long\" srcset=\"https:\/\/hurok.com\/wp-content\/uploads\/2018\/01\/Conrad-Istanbul-Bosphorus-Hilton-2.jpg 840w, https:\/\/hurok.com\/wp-content\/uploads\/2018\/01\/Conrad-Istanbul-Bosphorus-Hilton-2-730x400.jpg 730w, https:\/\/hurok.com\/wp-content\/uploads\/2018\/01\/Conrad-Istanbul-Bosphorus-Hilton-2-768x421.jpg 768w\" sizes=\"auto, (max-width: 840px) 100vw, 840px\" \/>                                                              <\/div>\n              <div class=\"box-text text-left\" >\n                 <p>Conrad Istanbul Bosphorus - Hilton<\/p>\n              <\/div>\n            <\/div>\n            <\/a>          <\/div>\n         <\/div><div class=\"gallery-col col\" data-animate=\"fadeInLeft\">\n          <div class=\"col-inner\">\n            <a class=\"image-lightbox lightbox-gallery\" href=\"https:\/\/hurok.com\/wp-content\/uploads\/2018\/01\/Conrad-Istanbul-Bosphorus-Hilton-5.jpg\" title=\"Conrad Istanbul Bosphorus - Hilton\">            <div class=\"box has-hover gallery-box box-normal\">\n              <div class=\"box-image image-zoom-long image-cover\" style=\"padding-top:75%;\">\n                <img loading=\"lazy\" decoding=\"async\" width=\"840\" height=\"460\" src=\"https:\/\/hurok.com\/wp-content\/uploads\/2018\/01\/Conrad-Istanbul-Bosphorus-Hilton-5.jpg\" class=\"attachment-large size-large\" alt=\"\" ids=\"19660,19661,19662,19663,19664,19665,19666,19667,19668,19669,19670\" style=\"normal\" col_spacing=\"small\" columns=\"3\" animate=\"fadeInLeft\" image_height=\"75%\" image_size=\"large\" image_hover=\"zoom-long\" srcset=\"https:\/\/hurok.com\/wp-content\/uploads\/2018\/01\/Conrad-Istanbul-Bosphorus-Hilton-5.jpg 840w, https:\/\/hurok.com\/wp-content\/uploads\/2018\/01\/Conrad-Istanbul-Bosphorus-Hilton-5-730x400.jpg 730w, https:\/\/hurok.com\/wp-content\/uploads\/2018\/01\/Conrad-Istanbul-Bosphorus-Hilton-5-768x421.jpg 768w\" sizes=\"auto, (max-width: 840px) 100vw, 840px\" \/>                                                              <\/div>\n              <div class=\"box-text text-left\" >\n                 <p>Conrad Istanbul Bosphorus - Hilton<\/p>\n              <\/div>\n            <\/div>\n            <\/a>          <\/div>\n         <\/div><div class=\"gallery-col col\" data-animate=\"fadeInLeft\">\n          <div class=\"col-inner\">\n            <a class=\"image-lightbox lightbox-gallery\" href=\"https:\/\/hurok.com\/wp-content\/uploads\/2018\/01\/Conrad-Istanbul-Bosphorus-Hilton-5.png\" title=\"Conrad Istanbul Bosphorus - Hilton\">            <div class=\"box has-hover gallery-box box-normal\">\n              <div class=\"box-image image-zoom-long image-cover\" style=\"padding-top:75%;\">\n                <img loading=\"lazy\" decoding=\"async\" width=\"1011\" height=\"554\" src=\"https:\/\/hurok.com\/wp-content\/uploads\/2018\/01\/Conrad-Istanbul-Bosphorus-Hilton-5.png\" class=\"attachment-large size-large\" alt=\"\" ids=\"19660,19661,19662,19663,19664,19665,19666,19667,19668,19669,19670\" style=\"normal\" col_spacing=\"small\" columns=\"3\" animate=\"fadeInLeft\" image_height=\"75%\" image_size=\"large\" image_hover=\"zoom-long\" srcset=\"https:\/\/hurok.com\/wp-content\/uploads\/2018\/01\/Conrad-Istanbul-Bosphorus-Hilton-5.png 1011w, https:\/\/hurok.com\/wp-content\/uploads\/2018\/01\/Conrad-Istanbul-Bosphorus-Hilton-5-730x400.png 730w, https:\/\/hurok.com\/wp-content\/uploads\/2018\/01\/Conrad-Istanbul-Bosphorus-Hilton-5-768x421.png 768w\" sizes=\"auto, (max-width: 1011px) 100vw, 1011px\" \/>                                                              <\/div>\n              <div class=\"box-text text-left\" >\n                 <p>Conrad Istanbul Bosphorus - Hilton<\/p>\n              <\/div>\n            <\/div>\n            <\/a>          <\/div>\n         <\/div><div class=\"gallery-col col\" data-animate=\"fadeInLeft\">\n          <div class=\"col-inner\">\n            <a class=\"image-lightbox lightbox-gallery\" href=\"https:\/\/hurok.com\/wp-content\/uploads\/2018\/01\/Conrad-Istanbul-Bosphorus-Hilton-7-1233x800.png\" title=\"Conrad Istanbul Bosphorus - Hilton\">            <div class=\"box has-hover gallery-box box-normal\">\n              <div class=\"box-image image-zoom-long image-cover\" style=\"padding-top:75%;\">\n                <img loading=\"lazy\" decoding=\"async\" width=\"1020\" height=\"662\" src=\"https:\/\/hurok.com\/wp-content\/uploads\/2018\/01\/Conrad-Istanbul-Bosphorus-Hilton-7-1233x800.png\" class=\"attachment-large size-large\" alt=\"\" ids=\"19660,19661,19662,19663,19664,19665,19666,19667,19668,19669,19670\" style=\"normal\" col_spacing=\"small\" columns=\"3\" animate=\"fadeInLeft\" image_height=\"75%\" image_size=\"large\" image_hover=\"zoom-long\" srcset=\"https:\/\/hurok.com\/wp-content\/uploads\/2018\/01\/Conrad-Istanbul-Bosphorus-Hilton-7.png 1233w, https:\/\/hurok.com\/wp-content\/uploads\/2018\/01\/Conrad-Istanbul-Bosphorus-Hilton-7-617x400.png 617w, https:\/\/hurok.com\/wp-content\/uploads\/2018\/01\/Conrad-Istanbul-Bosphorus-Hilton-7-768x498.png 768w\" sizes=\"auto, (max-width: 1020px) 100vw, 1020px\" \/>                                                              <\/div>\n              <div class=\"box-text text-left\" >\n                 <p>Conrad Istanbul Bosphorus - Hilton<\/p>\n              <\/div>\n            <\/div>\n            <\/a>          <\/div>\n         <\/div><div class=\"gallery-col col\" data-animate=\"fadeInLeft\">\n          <div class=\"col-inner\">\n            <a class=\"image-lightbox lightbox-gallery\" href=\"https:\/\/hurok.com\/wp-content\/uploads\/2018\/01\/Conrad-Istanbul-Bosphorus-Hilton-1.jpg\" title=\"Conrad Istanbul Bosphorus - Hilton\">            <div class=\"box has-hover gallery-box box-normal\">\n              <div class=\"box-image image-zoom-long image-cover\" style=\"padding-top:75%;\">\n                <img loading=\"lazy\" decoding=\"async\" width=\"840\" height=\"460\" src=\"https:\/\/hurok.com\/wp-content\/uploads\/2018\/01\/Conrad-Istanbul-Bosphorus-Hilton-1.jpg\" class=\"attachment-large size-large\" alt=\"Conrad Istanbul Bosphorus - Hilton\" ids=\"19660,19661,19662,19663,19664,19665,19666,19667,19668,19669,19670\" style=\"normal\" col_spacing=\"small\" columns=\"3\" animate=\"fadeInLeft\" image_height=\"75%\" image_size=\"large\" image_hover=\"zoom-long\" srcset=\"https:\/\/hurok.com\/wp-content\/uploads\/2018\/01\/Conrad-Istanbul-Bosphorus-Hilton-1.jpg 840w, https:\/\/hurok.com\/wp-content\/uploads\/2018\/01\/Conrad-Istanbul-Bosphorus-Hilton-1-730x400.jpg 730w, https:\/\/hurok.com\/wp-content\/uploads\/2018\/01\/Conrad-Istanbul-Bosphorus-Hilton-1-768x421.jpg 768w\" sizes=\"auto, (max-width: 840px) 100vw, 840px\" \/>                                                              <\/div>\n              <div class=\"box-text text-left\" >\n                 <p>Conrad Istanbul Bosphorus - Hilton<\/p>\n              <\/div>\n            <\/div>\n            <\/a>          <\/div>\n         <\/div><div class=\"gallery-col col\" data-animate=\"fadeInLeft\">\n          <div class=\"col-inner\">\n            <a class=\"image-lightbox lightbox-gallery\" href=\"https:\/\/hurok.com\/wp-content\/uploads\/2015\/08\/hurok_logo.png\" title=\"Hurok Marble\">            <div class=\"box has-hover gallery-box box-normal\">\n              <div class=\"box-image image-zoom-long image-cover\" style=\"padding-top:75%;\">\n                <img loading=\"lazy\" decoding=\"async\" width=\"376\" height=\"190\" src=\"https:\/\/hurok.com\/wp-content\/uploads\/2015\/08\/hurok_logo.png\" class=\"attachment-large size-large\" alt=\"\" ids=\"19660,19661,19662,19663,19664,19665,19666,19667,19668,19669,19670\" style=\"normal\" col_spacing=\"small\" columns=\"3\" animate=\"fadeInLeft\" image_height=\"75%\" image_size=\"large\" image_hover=\"zoom-long\" \/>                                                              <\/div>\n              <div class=\"box-text text-left\" >\n                 <p>Hurok Marble<\/p>\n              <\/div>\n            <\/div>\n            <\/a>          <\/div>\n         <\/div><div class=\"gallery-col col\" data-animate=\"fadeInLeft\">\n          <div class=\"col-inner\">\n            <a class=\"image-lightbox lightbox-gallery\" href=\"https:\/\/hurok.com\/wp-content\/uploads\/2014\/04\/hurok-building.png\" title=\"Hurok Marble\">            <div class=\"box has-hover gallery-box box-normal\">\n              <div class=\"box-image image-zoom-long image-cover\" style=\"padding-top:75%;\">\n                <img loading=\"lazy\" decoding=\"async\" width=\"1020\" height=\"291\" src=\"https:\/\/hurok.com\/wp-content\/uploads\/2014\/04\/hurok-building.png\" class=\"attachment-large size-large\" alt=\"\" ids=\"19660,19661,19662,19663,19664,19665,19666,19667,19668,19669,19670\" style=\"normal\" col_spacing=\"small\" columns=\"3\" animate=\"fadeInLeft\" image_height=\"75%\" image_size=\"large\" image_hover=\"zoom-long\" srcset=\"https:\/\/hurok.com\/wp-content\/uploads\/2014\/04\/hurok-building.png 1191w, https:\/\/hurok.com\/wp-content\/uploads\/2014\/04\/hurok-building-800x228.png 800w, https:\/\/hurok.com\/wp-content\/uploads\/2014\/04\/hurok-building-768x219.png 768w\" sizes=\"auto, (max-width: 1020px) 100vw, 1020px\" \/>                                                              <\/div>\n              <div class=\"box-text text-left\" >\n                 <p>Hurok Marble<\/p>\n              <\/div>\n            <\/div>\n            <\/a>          <\/div>\n         <\/div><div class=\"gallery-col col\" data-animate=\"fadeInLeft\">\n          <div class=\"col-inner\">\n            <a class=\"image-lightbox lightbox-gallery\" href=\"https:\/\/hurok.com\/wp-content\/uploads\/2015\/08\/hurok_logo.png\" title=\"Hurok Marble\">            <div class=\"box has-hover gallery-box box-normal\">\n              <div class=\"box-image image-zoom-long image-cover\" style=\"padding-top:75%;\">\n                <img loading=\"lazy\" decoding=\"async\" width=\"376\" height=\"190\" src=\"https:\/\/hurok.com\/wp-content\/uploads\/2015\/08\/hurok_logo.png\" class=\"attachment-large size-large\" alt=\"\" ids=\"19660,19661,19662,19663,19664,19665,19666,19667,19668,19669,19670\" style=\"normal\" col_spacing=\"small\" columns=\"3\" animate=\"fadeInLeft\" image_height=\"75%\" image_size=\"large\" image_hover=\"zoom-long\" \/>                                                              <\/div>\n              <div class=\"box-text text-left\" >\n                 <p>Hurok Marble<\/p>\n              <\/div>\n            <\/div>\n            <\/a>          <\/div>\n         <\/div><div class=\"gallery-col col\" data-animate=\"fadeInLeft\">\n          <div class=\"col-inner\">\n            <a class=\"image-lightbox lightbox-gallery\" href=\"https:\/\/hurok.com\/wp-content\/uploads\/2014\/04\/hurok-building.png\" title=\"Hurok Marble\">            <div class=\"box has-hover gallery-box box-normal\">\n              <div class=\"box-image image-zoom-long image-cover\" style=\"padding-top:75%;\">\n                <img loading=\"lazy\" decoding=\"async\" width=\"1020\" height=\"291\" src=\"https:\/\/hurok.com\/wp-content\/uploads\/2014\/04\/hurok-building.png\" class=\"attachment-large size-large\" alt=\"\" ids=\"19660,19661,19662,19663,19664,19665,19666,19667,19668,19669,19670\" style=\"normal\" col_spacing=\"small\" columns=\"3\" animate=\"fadeInLeft\" image_height=\"75%\" image_size=\"large\" image_hover=\"zoom-long\" srcset=\"https:\/\/hurok.com\/wp-content\/uploads\/2014\/04\/hurok-building.png 1191w, https:\/\/hurok.com\/wp-content\/uploads\/2014\/04\/hurok-building-800x228.png 800w, https:\/\/hurok.com\/wp-content\/uploads\/2014\/04\/hurok-building-768x219.png 768w\" sizes=\"auto, (max-width: 1020px) 100vw, 1020px\" \/>                                                              <\/div>\n              <div class=\"box-text text-left\" >\n                 <p>Hurok Marble<\/p>\n              <\/div>\n            <\/div>\n            <\/a>          <\/div>\n         <\/div><div class=\"gallery-col col\" data-animate=\"fadeInLeft\">\n          <div class=\"col-inner\">\n            <a class=\"image-lightbox lightbox-gallery\" href=\"https:\/\/hurok.com\/wp-content\/uploads\/2017\/12\/silver-grey-mermer-797x800.jpg\" title=\"Silver Grey\">            <div class=\"box has-hover gallery-box box-normal\">\n              <div class=\"box-image image-zoom-long image-cover\" style=\"padding-top:75%;\">\n                <img loading=\"lazy\" decoding=\"async\" width=\"797\" height=\"800\" src=\"https:\/\/hurok.com\/wp-content\/uploads\/2017\/12\/silver-grey-mermer-797x800.jpg\" class=\"attachment-large size-large\" alt=\"\" ids=\"19660,19661,19662,19663,19664,19665,19666,19667,19668,19669,19670\" style=\"normal\" col_spacing=\"small\" columns=\"3\" animate=\"fadeInLeft\" image_height=\"75%\" image_size=\"large\" image_hover=\"zoom-long\" srcset=\"https:\/\/hurok.com\/wp-content\/uploads\/2017\/12\/silver-grey-mermer.jpg 797w, https:\/\/hurok.com\/wp-content\/uploads\/2017\/12\/silver-grey-mermer-280x280.jpg 280w, https:\/\/hurok.com\/wp-content\/uploads\/2017\/12\/silver-grey-mermer-398x400.jpg 398w, https:\/\/hurok.com\/wp-content\/uploads\/2017\/12\/silver-grey-mermer-768x771.jpg 768w\" sizes=\"auto, (max-width: 797px) 100vw, 797px\" \/>                                                              <\/div>\n              <div class=\"box-text text-left\" >\n                 <p>Silver Grey<\/p>\n              <\/div>\n            <\/div>\n            <\/a>          <\/div>\n         <\/div><\/div>","protected":false},"excerpt":{"rendered":"<p>Bas\u0131nda Hurok Marble \u00c7e\u015fitli dergi,gazete ve mecmualardan al\u0131nan g\u00f6r\u00fcnt\u00fcleri inceleyebilir, google &#8216; a hurok mermer yazarakta \u00e7\u0131kan haberlere g\u00f6z atabilirsiniz.<\/p>","protected":false},"author":1,"featured_media":21664,"parent":0,"menu_order":0,"comment_status":"closed","ping_status":"closed","template":"","meta":{"footnotes":""},"class_list":["post-19135","page","type-page","status-publish","has-post-thumbnail","hentry"],"_links":{"self":[{"href":"https:\/\/hurok.com\/en\/wp-json\/wp\/v2\/pages\/19135","targetHints":{"allow":["GET"]}}],"collection":[{"href":"https:\/\/hurok.com\/en\/wp-json\/wp\/v2\/pages"}],"about":[{"href":"https:\/\/hurok.com\/en\/wp-json\/wp\/v2\/types\/page"}],"author":[{"embeddable":true,"href":"https:\/\/hurok.com\/en\/wp-json\/wp\/v2\/users\/1"}],"replies":[{"embeddable":true,"href":"https:\/\/hurok.com\/en\/wp-json\/wp\/v2\/comments?post=19135"}],"version-history":[{"count":0,"href":"https:\/\/hurok.com\/en\/wp-json\/wp\/v2\/pages\/19135\/revisions"}],"wp:featuredmedia":[{"embeddable":true,"href":"https:\/\/hurok.com\/en\/wp-json\/wp\/v2\/media\/21664"}],"wp:attachment":[{"href":"https:\/\/hurok.com\/en\/wp-json\/wp\/v2\/media?parent=19135"}],"curies":[{"name":"wp","href":"https:\/\/api.w.org\/{rel}","templated":true}]}}