{"id":19139,"date":"2017-10-14T09:18:18","date_gmt":"2017-10-14T06:18:18","guid":{"rendered":"http:\/\/www.ajanszero.com\/hurok2\/?page_id=19139"},"modified":"2019-08-23T15:29:53","modified_gmt":"2019-08-23T12:29:53","slug":"belgeler-odulller","status":"publish","type":"page","link":"https:\/\/hurok.com\/en\/belgeler-odulller\/","title":{"rendered":"Certificates &amp; Awards"},"content":{"rendered":"<div class=\"row\"  id=\"row-2043231853\">\n\n\t<div id=\"col-321205875\" class=\"col medium-4 small-12 large-4\"  >\n\t\t\t\t<div class=\"col-inner\"  >\n\t\t\t\n\t\t\t\n\t<div class=\"box has-hover   has-hover box-text-bottom\" >\n\n\t\t<div class=\"box-image\" >\n\t\t\t\t\t\t<div class=\"\" >\n\t\t\t\t<img loading=\"lazy\" decoding=\"async\" width=\"1653\" height=\"2336\" src=\"https:\/\/hurok.com\/wp-content\/uploads\/2019\/08\/HUROK_ISO_9001_2015_20190806-1.jpeg\" class=\"attachment- size-\" alt=\"\" srcset=\"https:\/\/hurok.com\/wp-content\/uploads\/2019\/08\/HUROK_ISO_9001_2015_20190806-1.jpeg 1653w, https:\/\/hurok.com\/wp-content\/uploads\/2019\/08\/HUROK_ISO_9001_2015_20190806-1-283x400.jpeg 283w, https:\/\/hurok.com\/wp-content\/uploads\/2019\/08\/HUROK_ISO_9001_2015_20190806-1-768x1085.jpeg 768w, https:\/\/hurok.com\/wp-content\/uploads\/2019\/08\/HUROK_ISO_9001_2015_20190806-1-566x800.jpeg 566w\" sizes=\"auto, (max-width: 1653px) 100vw, 1653px\" \/>\t\t\t\t\t\t\t\t\t\t\t<\/div>\n\t\t\t\t\t<\/div>\n\n\t\t<div class=\"box-text text-center\" >\n\t\t\t<div class=\"box-text-inner\">\n\t\t\t\t\n<p>&nbsp;<\/p>\n<h4>ISO 9001 : 2015<\/h4>\n<p>T\u00fcm s\u00fcre\u00e7lerimizde s\u00fcrekli iyile\u015ftirme faaliyetleri ger\u00e7ekle\u015ftirerek, kendini yenileyen ve t\u00fcm d\u00fcnyaya \u00fcr\u00fcnlerini sunan, kaynaklar\u0131m\u0131z\u0131 en etkin \u015fekilde kullanarak ve \u00e7al\u0131\u015fanlar\u0131na kendini geli\u015ftirme konusunda s\u00fcrekli \u00f6\u011frenme f\u0131rsatlar\u0131 sunarak sat\u0131\u015f, karl\u0131l\u0131k, \u00fcr\u00fcn kalitesi ve m\u00fc\u015fteri memnuniyeti ile d\u00fcnyada sekt\u00f6r\u00fcn \u00f6nde gelen ve \u00e7al\u0131\u015fanlar taraf\u0131ndan tercih edilen firmalar aras\u0131nda yer almay\u0131 ama\u00e7 edinen Hurok Marble t\u00fcm d\u00fcnyada akredite olmu\u015f sayg\u0131n bir firmadan ISO 9001:2015 Kalite Y\u00f6netim Sistem Belgesine sahiptir.<\/p>\n\t\t\t<\/div>\n\t\t<\/div>\n\t<\/div>\n\t\n\t\t<\/div>\n\t\t\t\t\t<\/div>\n\n\t\n\n\t<div id=\"col-328068077\" class=\"col medium-4 small-12 large-4\"  >\n\t\t\t\t<div class=\"col-inner\"  >\n\t\t\t\n\t\t\t\n\t<div class=\"box has-hover   has-hover box-text-bottom\" >\n\n\t\t<div class=\"box-image\" >\n\t\t\t\t\t\t<div class=\"\" >\n\t\t\t\t<img loading=\"lazy\" decoding=\"async\" width=\"2480\" height=\"3504\" src=\"https:\/\/hurok.com\/wp-content\/uploads\/2019\/08\/45001_2018.jpg\" class=\"attachment- size-\" alt=\"\" srcset=\"https:\/\/hurok.com\/wp-content\/uploads\/2019\/08\/45001_2018.jpg 2480w, https:\/\/hurok.com\/wp-content\/uploads\/2019\/08\/45001_2018-283x400.jpg 283w, https:\/\/hurok.com\/wp-content\/uploads\/2019\/08\/45001_2018-768x1085.jpg 768w, https:\/\/hurok.com\/wp-content\/uploads\/2019\/08\/45001_2018-566x800.jpg 566w\" sizes=\"auto, (max-width: 2480px) 100vw, 2480px\" \/>\t\t\t\t\t\t\t\t\t\t\t<\/div>\n\t\t\t\t\t<\/div>\n\n\t\t<div class=\"box-text text-center\" >\n\t\t\t<div class=\"box-text-inner\">\n\t\t\t\t\n<p>&nbsp;<\/p>\n<h4>ISO 45001 : 2018<\/h4>\n<p>Sa\u011fl\u0131kl\u0131 ve g\u00fcvenli bir \u00e7al\u0131\u015fma ortam\u0131n\u0131n yarat\u0131lmas\u0131n\u0131n \u00f6ncelikli amac\u0131m\u0131z oldu\u011fu bilincini t\u00fcm \u00e7al\u0131\u015fanlar\u0131m\u0131za kazand\u0131rmak ve geli\u015ftirmek i\u00e7in gerekli e\u011fitim faaliyetlerini d\u00fczenleyen Hurok Marble t\u00fcm d\u00fcnyada akredite olmu\u015f sayg\u0131n bir firmadan ISO 45001:2018 \u0130\u015f Sa\u011fl\u0131\u011f\u0131 ve G\u00fcvenli\u011fi Y\u00f6netim Sistem Belgesine sahiptir.<br \/>\n\t\t\t<\/div>\n\t\t<\/div>\n\t<\/div>\n\t\n\t\t<\/div>\n\t\t\t\t\t<\/div>\n\n\t\n\n\t<div id=\"col-963183625\" class=\"col medium-4 small-12 large-4\"  >\n\t\t\t\t<div class=\"col-inner\"  >\n\t\t\t\n\t\t\t\n\t<div class=\"box has-hover   has-hover box-text-bottom\" >\n\n\t\t<div class=\"box-image\" >\n\t\t\t\t\t\t<div class=\"\" >\n\t\t\t\t<img loading=\"lazy\" decoding=\"async\" width=\"1653\" height=\"2336\" src=\"https:\/\/hurok.com\/wp-content\/uploads\/2019\/08\/HUROK_ISO_14001_2015_20190806-1.jpeg\" class=\"attachment- size-\" alt=\"\" srcset=\"https:\/\/hurok.com\/wp-content\/uploads\/2019\/08\/HUROK_ISO_14001_2015_20190806-1.jpeg 1653w, https:\/\/hurok.com\/wp-content\/uploads\/2019\/08\/HUROK_ISO_14001_2015_20190806-1-283x400.jpeg 283w, https:\/\/hurok.com\/wp-content\/uploads\/2019\/08\/HUROK_ISO_14001_2015_20190806-1-768x1085.jpeg 768w, https:\/\/hurok.com\/wp-content\/uploads\/2019\/08\/HUROK_ISO_14001_2015_20190806-1-566x800.jpeg 566w\" sizes=\"auto, (max-width: 1653px) 100vw, 1653px\" \/>\t\t\t\t\t\t\t\t\t\t\t<\/div>\n\t\t\t\t\t<\/div>\n\n\t\t<div class=\"box-text text-center\" >\n\t\t\t<div class=\"box-text-inner\">\n\t\t\t\t\n<p>&nbsp;<\/p>\n<h4>ISO 14001 : 2015<\/h4>\n<p>Hurok Marble ; faaliyetlerinde insan\u0131 ve faaliyet y\u00fcr\u00fctt\u00fc\u011f\u00fc \u00e7evreyi en de\u011ferli varl\u0131klar\u0131 olarak kabul eder. Bu noktadan hareketle \u00e7evre kirlili\u011fini \u00f6nlemek i\u00e7in; \u00e7evreye olan etkilerini belirlemek, bu etkileri m\u00fcmk\u00fcn olan en alt d\u00fczeye indirmek ve faaliyetleri ger\u00e7ekle\u015ftirirken gerekli olan kaynaklar\u0131 sa\u011flamak ad\u0131na t\u00fcm d\u00fcnyada akredite olmu\u015f sayg\u0131n bir firmadan ISO 14001:2015 \u00c7evre Y\u00f6netim Sistem Belgesine sahiptir.<\/p>\n\t\t\t<\/div>\n\t\t<\/div>\n\t<\/div>\n\t\n\t\t<\/div>\n\t\t\t\t\t<\/div>\n\n\t\n<\/div>\n<div class=\"row\"  id=\"row-1712783601\">\n\n\t<div id=\"col-402157220\" class=\"col medium-4 small-12 large-4\"  >\n\t\t\t\t<div class=\"col-inner\"  >\n\t\t\t\n\t\t\t\n\t<div class=\"box has-hover   has-hover box-text-bottom\" >\n\n\t\t<div class=\"box-image\" >\n\t\t\t\t\t\t<div class=\"\" >\n\t\t\t\t<img loading=\"lazy\" decoding=\"async\" width=\"1653\" height=\"2336\" src=\"https:\/\/hurok.com\/wp-content\/uploads\/2019\/08\/HUROK_ISO_10002_2018_20190806-1.jpeg\" class=\"attachment- size-\" alt=\"\" srcset=\"https:\/\/hurok.com\/wp-content\/uploads\/2019\/08\/HUROK_ISO_10002_2018_20190806-1.jpeg 1653w, https:\/\/hurok.com\/wp-content\/uploads\/2019\/08\/HUROK_ISO_10002_2018_20190806-1-283x400.jpeg 283w, https:\/\/hurok.com\/wp-content\/uploads\/2019\/08\/HUROK_ISO_10002_2018_20190806-1-768x1085.jpeg 768w, https:\/\/hurok.com\/wp-content\/uploads\/2019\/08\/HUROK_ISO_10002_2018_20190806-1-566x800.jpeg 566w\" sizes=\"auto, (max-width: 1653px) 100vw, 1653px\" \/>\t\t\t\t\t\t\t\t\t\t\t<\/div>\n\t\t\t\t\t<\/div>\n\n\t\t<div class=\"box-text text-center\" >\n\t\t\t<div class=\"box-text-inner\">\n\t\t\t\t\n<p>&nbsp;<\/p>\n<h4>ISO 10002 : 2018<\/h4>\n<p>H\u00fcrok Marble \u00fcretim kalitesinin yan\u0131s\u0131ra  m\u00fc\u015fteri memnuniyetine de gereken \u00f6nemi vermektedir ve \u00e7\u00f6z\u00fcm odakl\u0131d\u0131r. Olu\u015fan m\u00fc\u015fteri \u015fikayetlerine d\u00f6n\u00fc\u015fte ve  \u015fikayet \u00e7\u00f6z\u00fcm\u00fcnde h\u0131zl\u0131 bir firmad\u0131r. M\u00fc\u015fteri odakl\u0131 bir \u015firket olan Hurok Marble t\u00fcm d\u00fcnyada akredite olmu\u015f sayg\u0131n bir firmadan ISO 10002:2018 M\u00fc\u015fteri Memnuniyeti Kalite Y\u00f6netim Sistemi\u2019ne sahiptir.<br \/>\n\t\t\t<\/div>\n\t\t<\/div>\n\t<\/div>\n\t\n\t\t<\/div>\n\t\t\t\t\t<\/div>\n\n\t\n\n\t<div id=\"col-1726172776\" class=\"col medium-4 small-12 large-4\"  >\n\t\t\t\t<div class=\"col-inner\"  >\n\t\t\t\n\t\t\t\n\t<div class=\"box has-hover   has-hover box-text-bottom\" >\n\n\t\t<div class=\"box-image\" >\n\t\t\t\t\t\t<div class=\"\" >\n\t\t\t\t<img loading=\"lazy\" decoding=\"async\" width=\"3456\" height=\"5184\" src=\"https:\/\/hurok.com\/wp-content\/uploads\/2019\/08\/IMG_5347.jpeg\" class=\"attachment- size-\" alt=\"\" srcset=\"https:\/\/hurok.com\/wp-content\/uploads\/2019\/08\/IMG_5347.jpeg 3456w, https:\/\/hurok.com\/wp-content\/uploads\/2019\/08\/IMG_5347-267x400.jpeg 267w, https:\/\/hurok.com\/wp-content\/uploads\/2019\/08\/IMG_5347-768x1152.jpeg 768w, https:\/\/hurok.com\/wp-content\/uploads\/2019\/08\/IMG_5347-533x800.jpeg 533w\" sizes=\"auto, (max-width: 3456px) 100vw, 3456px\" \/>\t\t\t\t\t\t\t\t\t\t\t<\/div>\n\t\t\t\t\t<\/div>\n\n\t\t<div class=\"box-text text-center\" >\n\t\t\t<div class=\"box-text-inner\">\n\t\t\t\t\n<p>&nbsp;<\/p>\n<h4>IMIB 2018<\/h4>\n\t\t\t<\/div>\n\t\t<\/div>\n\t<\/div>\n\t\n\t\t<\/div>\n\t\t\t\t\t<\/div>\n\n\t\n<\/div>","protected":false},"excerpt":{"rendered":"","protected":false},"author":1,"featured_media":19652,"parent":0,"menu_order":0,"comment_status":"closed","ping_status":"closed","template":"","meta":{"footnotes":""},"class_list":["post-19139","page","type-page","status-publish","has-post-thumbnail","hentry"],"_links":{"self":[{"href":"https:\/\/hurok.com\/en\/wp-json\/wp\/v2\/pages\/19139","targetHints":{"allow":["GET"]}}],"collection":[{"href":"https:\/\/hurok.com\/en\/wp-json\/wp\/v2\/pages"}],"about":[{"href":"https:\/\/hurok.com\/en\/wp-json\/wp\/v2\/types\/page"}],"author":[{"embeddable":true,"href":"https:\/\/hurok.com\/en\/wp-json\/wp\/v2\/users\/1"}],"replies":[{"embeddable":true,"href":"https:\/\/hurok.com\/en\/wp-json\/wp\/v2\/comments?post=19139"}],"version-history":[{"count":0,"href":"https:\/\/hurok.com\/en\/wp-json\/wp\/v2\/pages\/19139\/revisions"}],"wp:featuredmedia":[{"embeddable":true,"href":"https:\/\/hurok.com\/en\/wp-json\/wp\/v2\/media\/19652"}],"wp:attachment":[{"href":"https:\/\/hurok.com\/en\/wp-json\/wp\/v2\/media?parent=19139"}],"curies":[{"name":"wp","href":"https:\/\/api.w.org\/{rel}","templated":true}]}}