{"id":19141,"date":"2017-10-14T09:18:39","date_gmt":"2017-10-14T06:18:39","guid":{"rendered":"http:\/\/www.ajanszero.com\/hurok2\/?page_id=19141"},"modified":"2022-08-06T09:21:59","modified_gmt":"2022-08-06T06:21:59","slug":"fuarlar","status":"publish","type":"page","link":"https:\/\/hurok.com\/en\/fuarlar\/","title":{"rendered":"Fairs"},"content":{"rendered":"<div id=\"row-1387974002\" class=\"row large-columns-2 medium-columns-1 small-columns-1 has-shadow row-box-shadow-2 row-box-shadow-3-hover row-masonry\" data-packery-options='{\"itemSelector\": \".col\", \"gutter\": 0, \"presentageWidth\" : true}'>\n\n  <div class=\"col post-item\" data-animate=\"fadeInLeft\">\n\t\t\t<div class=\"col-inner\">\n\t\t\t<a href=\"https:\/\/hurok.com\/en\/marmomacc-italya-fuari\/\" class=\"plain\">\n\t\t\t\t<div class=\"box box-push box-text-bottom box-blog-post has-hover\">\n            \t\t\t\t\t<div class=\"box-image\" >\n  \t\t\t\t\t\t<div class=\"image-zoom-long image-cover\" style=\"padding-top:75%;\">\n  \t\t\t\t\t\t\t<img loading=\"lazy\" decoding=\"async\" width=\"1600\" height=\"900\" src=\"https:\/\/hurok.com\/wp-content\/uploads\/2022\/08\/WhatsApp-Image-2022-08-06-at-09.12.201.jpeg\" class=\"attachment-original size-original wp-post-image\" alt=\"\" \/>  \t\t\t\t\t\t\t  \t\t\t\t\t\t\t  \t\t\t\t\t\t<\/div>\n  \t\t\t\t\t\t  \t\t\t\t\t<\/div>\n          \t\t\t\t\t<div class=\"box-text text-center\" >\n\t\t\t\t\t<div class=\"box-text-inner blog-post-inner\">\n\n\t\t\t\t\t\n\t\t\t\t\t\t\t\t\t\t<h5 class=\"post-title is-large\">Marmomacc \u0130talya Fuar\u0131<\/h5>\n\t\t\t\t\t\t\t\t\t\t<div class=\"is-divider\"><\/div>\n\t\t\t\t\t\t\t\t\t\t<p class=\"from_the_blog_excerpt\"> [...]\t\t\t\t\t<\/p>\n\t\t\t\t\t                    \n\t\t\t\t\t\n\t\t\t\t\t\n\t\t\t\t\t<\/div>\n\t\t\t\t\t<\/div>\n\t\t\t\t\t\t\t\t\t<\/div>\n\t\t\t\t<\/a>\n\t\t\t<\/div>\n\t\t<\/div><div class=\"col post-item\" data-animate=\"fadeInLeft\">\n\t\t\t<div class=\"col-inner\">\n\t\t\t<a href=\"https:\/\/hurok.com\/en\/izmir-marble-fair\/\" class=\"plain\">\n\t\t\t\t<div class=\"box box-push box-text-bottom box-blog-post has-hover\">\n            \t\t\t\t\t<div class=\"box-image\" >\n  \t\t\t\t\t\t<div class=\"image-zoom-long image-cover\" style=\"padding-top:75%;\">\n  \t\t\t\t\t\t\t<img loading=\"lazy\" decoding=\"async\" width=\"2016\" height=\"1512\" src=\"https:\/\/hurok.com\/wp-content\/uploads\/2022\/08\/WhatsApp-Image-2022-08-06-at-09.08.30.jpeg\" class=\"attachment-original size-original wp-post-image\" alt=\"\" \/>  \t\t\t\t\t\t\t  \t\t\t\t\t\t\t  \t\t\t\t\t\t<\/div>\n  \t\t\t\t\t\t  \t\t\t\t\t<\/div>\n          \t\t\t\t\t<div class=\"box-text text-center\" >\n\t\t\t\t\t<div class=\"box-text-inner blog-post-inner\">\n\n\t\t\t\t\t\n\t\t\t\t\t\t\t\t\t\t<h5 class=\"post-title is-large\">\u0130zmir Marble Fair<\/h5>\n\t\t\t\t\t\t\t\t\t\t<div class=\"is-divider\"><\/div>\n\t\t\t\t\t\t\t\t\t\t<p class=\"from_the_blog_excerpt\"> [...]\t\t\t\t\t<\/p>\n\t\t\t\t\t                    \n\t\t\t\t\t\n\t\t\t\t\t\n\t\t\t\t\t<\/div>\n\t\t\t\t\t<\/div>\n\t\t\t\t\t\t\t\t\t<\/div>\n\t\t\t\t<\/a>\n\t\t\t<\/div>\n\t\t<\/div><div class=\"col post-item\" data-animate=\"fadeInLeft\">\n\t\t\t<div class=\"col-inner\">\n\t\t\t<a href=\"https:\/\/hurok.com\/en\/amerika-coverings-fuari-2022\/\" class=\"plain\">\n\t\t\t\t<div class=\"box box-push box-text-bottom box-blog-post has-hover\">\n            \t\t\t\t\t<div class=\"box-image\" >\n  \t\t\t\t\t\t<div class=\"image-zoom-long image-cover\" style=\"padding-top:75%;\">\n  \t\t\t\t\t\t\t<img loading=\"lazy\" decoding=\"async\" width=\"1600\" height=\"1200\" src=\"https:\/\/hurok.com\/wp-content\/uploads\/2022\/08\/coverings-fuari-2022-amerika2.jpeg\" class=\"attachment-original size-original wp-post-image\" alt=\"\" \/>  \t\t\t\t\t\t\t  \t\t\t\t\t\t\t  \t\t\t\t\t\t<\/div>\n  \t\t\t\t\t\t  \t\t\t\t\t<\/div>\n          \t\t\t\t\t<div class=\"box-text text-center\" >\n\t\t\t\t\t<div class=\"box-text-inner blog-post-inner\">\n\n\t\t\t\t\t\n\t\t\t\t\t\t\t\t\t\t<h5 class=\"post-title is-large\">Amerika Coverings Fuar\u0131 &#8211; 2022<\/h5>\n\t\t\t\t\t\t\t\t\t\t<div class=\"is-divider\"><\/div>\n\t\t\t\t\t\t\t\t\t\t<p class=\"from_the_blog_excerpt\"> [...]\t\t\t\t\t<\/p>\n\t\t\t\t\t                    \n\t\t\t\t\t\n\t\t\t\t\t\n\t\t\t\t\t<\/div>\n\t\t\t\t\t<\/div>\n\t\t\t\t\t\t\t\t\t<\/div>\n\t\t\t\t<\/a>\n\t\t\t<\/div>\n\t\t<\/div><div class=\"col post-item\" data-animate=\"fadeInLeft\">\n\t\t\t<div class=\"col-inner\">\n\t\t\t<a href=\"https:\/\/hurok.com\/en\/marble-24-izmir-fair-mermer-fuari\/\" class=\"plain\">\n\t\t\t\t<div class=\"box box-push box-text-bottom box-blog-post has-hover\">\n            \t\t\t\t\t<div class=\"box-image\" >\n  \t\t\t\t\t\t<div class=\"image-zoom-long image-cover\" style=\"padding-top:75%;\">\n  \t\t\t\t\t\t\t<img loading=\"lazy\" decoding=\"async\" width=\"1067\" height=\"800\" src=\"https:\/\/hurok.com\/wp-content\/uploads\/2018\/04\/Marble24-Izmir-fair-mermer-fuar\u0131-hurok-marble-5.jpeg\" class=\"attachment-original size-original wp-post-image\" alt=\"marble24 izmir fair izfas - hurok marble\" srcset=\"https:\/\/hurok.com\/wp-content\/uploads\/2018\/04\/Marble24-Izmir-fair-mermer-fuar\u0131-hurok-marble-5.jpeg 1067w, https:\/\/hurok.com\/wp-content\/uploads\/2018\/04\/Marble24-Izmir-fair-mermer-fuar\u0131-hurok-marble-5-534x400.jpeg 534w, https:\/\/hurok.com\/wp-content\/uploads\/2018\/04\/Marble24-Izmir-fair-mermer-fuar\u0131-hurok-marble-5-768x576.jpeg 768w\" sizes=\"auto, (max-width: 1067px) 100vw, 1067px\" \/>  \t\t\t\t\t\t\t  \t\t\t\t\t\t\t  \t\t\t\t\t\t<\/div>\n  \t\t\t\t\t\t  \t\t\t\t\t<\/div>\n          \t\t\t\t\t<div class=\"box-text text-center\" >\n\t\t\t\t\t<div class=\"box-text-inner blog-post-inner\">\n\n\t\t\t\t\t\n\t\t\t\t\t\t\t\t\t\t<h5 class=\"post-title is-large\">Marble 24 \u0130zmir Fair Mermer Do\u011falta\u015f ve Teknolojileri Fuar\u0131<\/h5>\n\t\t\t\t\t\t\t\t\t\t<div class=\"is-divider\"><\/div>\n\t\t\t\t\t\t\t\t\t\t<p class=\"from_the_blog_excerpt\"> [...]\t\t\t\t\t<\/p>\n\t\t\t\t\t                    \n\t\t\t\t\t\n\t\t\t\t\t\n\t\t\t\t\t<\/div>\n\t\t\t\t\t<\/div>\n\t\t\t\t\t\t\t\t\t<\/div>\n\t\t\t\t<\/a>\n\t\t\t<\/div>\n\t\t<\/div><div class=\"col post-item\" data-animate=\"fadeInLeft\">\n\t\t\t<div class=\"col-inner\">\n\t\t\t<a href=\"https:\/\/hurok.com\/en\/marmomacc-2017-hurok-marble\/\" class=\"plain\">\n\t\t\t\t<div class=\"box box-push box-text-bottom box-blog-post has-hover\">\n            \t\t\t\t\t<div class=\"box-image\" >\n  \t\t\t\t\t\t<div class=\"image-zoom-long image-cover\" style=\"padding-top:75%;\">\n  \t\t\t\t\t\t\t<img loading=\"lazy\" decoding=\"async\" width=\"1024\" height=\"768\" src=\"https:\/\/hurok.com\/wp-content\/uploads\/2017\/10\/WhatsApp-Image-2017-10-04-at-11.17.53.jpeg\" class=\"attachment-original size-original wp-post-image\" alt=\"WhatsApp Image 2017-10-04 at 11\" srcset=\"https:\/\/hurok.com\/wp-content\/uploads\/2017\/10\/WhatsApp-Image-2017-10-04-at-11.17.53.jpeg 1024w, https:\/\/hurok.com\/wp-content\/uploads\/2017\/10\/WhatsApp-Image-2017-10-04-at-11.17.53-533x400.jpeg 533w, https:\/\/hurok.com\/wp-content\/uploads\/2017\/10\/WhatsApp-Image-2017-10-04-at-11.17.53-768x576.jpeg 768w\" sizes=\"auto, (max-width: 1024px) 100vw, 1024px\" \/>  \t\t\t\t\t\t\t  \t\t\t\t\t\t\t  \t\t\t\t\t\t<\/div>\n  \t\t\t\t\t\t  \t\t\t\t\t<\/div>\n          \t\t\t\t\t<div class=\"box-text text-center\" >\n\t\t\t\t\t<div class=\"box-text-inner blog-post-inner\">\n\n\t\t\t\t\t\n\t\t\t\t\t\t\t\t\t\t<h5 class=\"post-title is-large\">Marmomacc 2017 Hurok Marble<\/h5>\n\t\t\t\t\t\t\t\t\t\t<div class=\"is-divider\"><\/div>\n\t\t\t\t\t\t\t\t\t\t<p class=\"from_the_blog_excerpt\"> [...]\t\t\t\t\t<\/p>\n\t\t\t\t\t                    \n\t\t\t\t\t\n\t\t\t\t\t\n\t\t\t\t\t<\/div>\n\t\t\t\t\t<\/div>\n\t\t\t\t\t\t\t\t\t<\/div>\n\t\t\t\t<\/a>\n\t\t\t<\/div>\n\t\t<\/div><\/div>","protected":false},"excerpt":{"rendered":"","protected":false},"author":1,"featured_media":0,"parent":0,"menu_order":0,"comment_status":"closed","ping_status":"closed","template":"","meta":{"footnotes":""},"class_list":["post-19141","page","type-page","status-publish","hentry"],"_links":{"self":[{"href":"https:\/\/hurok.com\/en\/wp-json\/wp\/v2\/pages\/19141","targetHints":{"allow":["GET"]}}],"collection":[{"href":"https:\/\/hurok.com\/en\/wp-json\/wp\/v2\/pages"}],"about":[{"href":"https:\/\/hurok.com\/en\/wp-json\/wp\/v2\/types\/page"}],"author":[{"embeddable":true,"href":"https:\/\/hurok.com\/en\/wp-json\/wp\/v2\/users\/1"}],"replies":[{"embeddable":true,"href":"https:\/\/hurok.com\/en\/wp-json\/wp\/v2\/comments?post=19141"}],"version-history":[{"count":0,"href":"https:\/\/hurok.com\/en\/wp-json\/wp\/v2\/pages\/19141\/revisions"}],"wp:attachment":[{"href":"https:\/\/hurok.com\/en\/wp-json\/wp\/v2\/media?parent=19141"}],"curies":[{"name":"wp","href":"https:\/\/api.w.org\/{rel}","templated":true}]}}