{"id":19750,"date":"2017-11-03T14:27:52","date_gmt":"2017-11-03T11:27:52","guid":{"rendered":"http:\/\/www.ajanszero.com\/hurok2\/?page_id=19750"},"modified":"2025-07-24T14:40:59","modified_gmt":"2025-07-24T11:40:59","slug":"iletisim","status":"publish","type":"page","link":"https:\/\/hurok.com\/en\/iletisim\/","title":{"rendered":"Contact"},"content":{"rendered":"<div class=\"row\"  id=\"row-1733665489\">\n\n\n\t<div id=\"col-1708419988\" class=\"col medium-4 large-4\"  >\n\t\t\t\t<div class=\"col-inner\"  >\n\t\t\t\n\t\t\t\n\n\t<div class=\"img has-hover x md-x lg-x y md-y lg-y\" id=\"image_495365251\">\n\t\t\t\t\t\t\t\t<div class=\"img-inner dark\" >\n\t\t\t<img loading=\"lazy\" decoding=\"async\" width=\"525\" height=\"340\" src=\"https:\/\/hurok.com\/wp-content\/uploads\/2017\/10\/hurok-building.png\" class=\"attachment-large size-large\" alt=\"\" \/>\t\t\t\t\t\t\n\t\t\t\t\t<\/div>\n\t\t\t\t\t\t\t\t\n<style>\n#image_495365251 {\n  width: 100%;\n}\n<\/style>\n\t<\/div>\n\t\n\n<p style=\"text-align: right;\"><strong>Organized Industrial Zone R\u0131za G\u00fcral Cd. No:4 43100 K\u00dcTAHYA<\/strong><\/p>\n\n\t<a class=\"plain\" href=\"tel:\/\/+902165614308\"  >\t<div class=\"icon-box featured-box icon-box-left tooltip text-left\" title=\"+90 216 561 43 08\" >\n\t\t\t\t\t<div class=\"icon-box-img\" style=\"width: 20px\">\n\t\t\t\t<div class=\"icon\">\n\t\t\t\t\t<div class=\"icon-inner\" >\n\t\t\t\t\t\t<img loading=\"lazy\" decoding=\"async\" width=\"64\" height=\"64\" src=\"https:\/\/hurok.com\/wp-content\/uploads\/2017\/12\/speech-bubble.png\" class=\"attachment-medium size-medium\" alt=\"telefon\" \/>\t\t\t\t\t<\/div>\n\t\t\t\t<\/div>\n\t\t\t<\/div>\n\t\t\t\t<div class=\"icon-box-text last-reset\">\n\t\t\t<h5 class=\"uppercase\">Telephone<\/h5>\t\t\t<h6>Hurok Marble Factory<\/h6>\t\t\t\n\n<h3><a href=\"tel:\/\/+902742662201\"><strong>+90 274 266 22 01<\/strong><\/a><\/h3>\n\n\t\t<\/div>\n\t<\/div>\n\t<\/a>\n\t\n\t<div id=\"gap-1767214995\" class=\"gap-element clearfix\" style=\"display:block; height:auto;\">\n\t\t\n<style>\n#gap-1767214995 {\n  padding-top: 30px;\n}\n<\/style>\n\t<\/div>\n\t\n\n\n\t<a class=\"plain\" href=\"tel:\/\/+902742662258\"  >\t<div class=\"icon-box featured-box icon-box-left tooltip text-left\" title=\"+90 274 266 22 58\" >\n\t\t\t\t\t<div class=\"icon-box-img\" style=\"width: 20px\">\n\t\t\t\t<div class=\"icon\">\n\t\t\t\t\t<div class=\"icon-inner\" >\n\t\t\t\t\t\t<img loading=\"lazy\" decoding=\"async\" width=\"64\" height=\"64\" src=\"https:\/\/hurok.com\/wp-content\/uploads\/2017\/12\/printer-.png\" class=\"attachment-medium size-medium\" alt=\"fax\" \/>\t\t\t\t\t<\/div>\n\t\t\t\t<\/div>\n\t\t\t<\/div>\n\t\t\t\t<div class=\"icon-box-text last-reset\">\n\t\t\t<h5 class=\"uppercase\">Fax<\/h5>\t\t\t\t\t\t\n\n<h3><a href=\"tel:\/\/+90 27426622 58\"><strong>+90 274 266 22 58<\/strong><\/a><\/h3>\n\n\t\t<\/div>\n\t<\/div>\n\t<\/a>\n\t\n\t<div id=\"gap-801082069\" class=\"gap-element clearfix\" style=\"display:block; height:auto;\">\n\t\t\n<style>\n#gap-801082069 {\n  padding-top: 30px;\n}\n<\/style>\n\t<\/div>\n\t\n\n\n\t<a class=\"plain\" href=\"mailto:mermer@hurok.com.tr\"  >\t<div class=\"icon-box featured-box icon-box-left tooltip text-left\" title=\"mermer@hurok.com.tr\" >\n\t\t\t\t\t<div class=\"icon-box-img\" style=\"width: 20px\">\n\t\t\t\t<div class=\"icon\">\n\t\t\t\t\t<div class=\"icon-inner\" >\n\t\t\t\t\t\t<img loading=\"lazy\" decoding=\"async\" width=\"64\" height=\"64\" src=\"https:\/\/hurok.com\/wp-content\/uploads\/2017\/12\/envelope.png\" class=\"attachment-medium size-medium\" alt=\"email\" \/>\t\t\t\t\t<\/div>\n\t\t\t\t<\/div>\n\t\t\t<\/div>\n\t\t\t\t<div class=\"icon-box-text last-reset\">\n\t\t\t<h5 class=\"uppercase\">email<\/h5>\t\t\t\t\t\t\n\n<p><a href=\"mailto:mermer@hurok.com.tr\">mermer@hurok.com.tr<\/a><\/p>\n\n\t\t<\/div>\n\t<\/div>\n\t<\/a>\n\t\n\t<div id=\"gap-1188240118\" class=\"gap-element clearfix\" style=\"display:block; height:auto;\">\n\t\t\n<style>\n#gap-1188240118 {\n  padding-top: 30px;\n}\n<\/style>\n\t<\/div>\n\t\n\n\n\t<a class=\"plain\" href=\"mailto:mermer@hurok.com.tr\"  >\t<div class=\"icon-box featured-box icon-box-left tooltip text-left\" title=\"insankaynaklari@hurok.com.tr\" >\n\t\t\t\t\t<div class=\"icon-box-img\" style=\"width: 20px\">\n\t\t\t\t<div class=\"icon\">\n\t\t\t\t\t<div class=\"icon-inner\" >\n\t\t\t\t\t\t<img loading=\"lazy\" decoding=\"async\" width=\"64\" height=\"64\" src=\"https:\/\/hurok.com\/wp-content\/uploads\/2017\/12\/envelope.png\" class=\"attachment-medium size-medium\" alt=\"email\" \/>\t\t\t\t\t<\/div>\n\t\t\t\t<\/div>\n\t\t\t<\/div>\n\t\t\t\t<div class=\"icon-box-text last-reset\">\n\t\t\t<h5 class=\"uppercase\">email<\/h5>\t\t\t<h6>Human Resources<\/h6>\t\t\t\n\n<p>Please send your CV, job applications to I.K.<\/p>\n<p><a href=\"mailto:insankaynaklari@hurok.com.tr\">insankaynaklari@hurok.com.tr<\/a><\/p>\n\n\t\t<\/div>\n\t<\/div>\n\t<\/a>\n\t\n\n\t\t<\/div>\n\t\t\t\t\t<\/div>\n\n\t\n\n\t<div id=\"col-2122291733\" class=\"col medium-4 large-4\"  >\n\t\t\t\t<div class=\"col-inner\"  >\n\t\t\t\n\t\t\t\n\n\t<div class=\"img has-hover x md-x lg-x y md-y lg-y\" id=\"image_7862495\">\n\t\t\t\t\t\t\t\t<div class=\"img-inner image-cover dark\" style=\"padding-top:75%;\">\n\t\t\t<img loading=\"lazy\" decoding=\"async\" width=\"600\" height=\"800\" src=\"https:\/\/hurok.com\/wp-content\/uploads\/2023\/02\/hurok-istanbul.jpeg\" class=\"attachment-large size-large\" alt=\"\" \/>\t\t\t\t\t\t\n\t\t\t\t\t<\/div>\n\t\t\t\t\t\t\t\t\n<style>\n#image_7862495 {\n  width: 100%;\n}\n<\/style>\n\t<\/div>\n\t\n\n<p style=\"text-align: right;\"><strong>St. Mahmut H\u00fcdayi Mah. Hasbahce Sok. No:18 \u00dcsk\u00fcdar ISTANBUL<\/strong><\/p>\n\t<div id=\"gap-1572788648\" class=\"gap-element clearfix\" style=\"display:block; height:auto;\">\n\t\t\n<style>\n#gap-1572788648 {\n  padding-top: 20px;\n}\n<\/style>\n\t<\/div>\n\t\n\n\n\t<a class=\"plain\" href=\"tel:\/\/+905416274304\"  >\t<div class=\"icon-box featured-box icon-box-left tooltip text-left\" title=\"+90 541 627 43 04\" >\n\t\t\t\t\t<div class=\"icon-box-img\" style=\"width: 20px\">\n\t\t\t\t<div class=\"icon\">\n\t\t\t\t\t<div class=\"icon-inner\" >\n\t\t\t\t\t\t<img loading=\"lazy\" decoding=\"async\" width=\"64\" height=\"64\" src=\"https:\/\/hurok.com\/wp-content\/uploads\/2017\/12\/speech-bubble.png\" class=\"attachment-medium size-medium\" alt=\"telefon\" \/>\t\t\t\t\t<\/div>\n\t\t\t\t<\/div>\n\t\t\t<\/div>\n\t\t\t\t<div class=\"icon-box-text last-reset\">\n\t\t\t<h5 class=\"uppercase\">Mobile Phone<\/h5>\t\t\t\t\t\t\n\n<h3><a href=\"tel:\/\/+905416274304\">+90 541 627 43 04<\/a><\/h3>\n\n\t\t<\/div>\n\t<\/div>\n\t<\/a>\n\t\n\t<div id=\"gap-261638328\" class=\"gap-element clearfix\" style=\"display:block; height:auto;\">\n\t\t\n<style>\n#gap-261638328 {\n  padding-top: 30px;\n}\n<\/style>\n\t<\/div>\n\t\n\n\t<div id=\"gap-90657279\" class=\"gap-element clearfix\" style=\"display:block; height:auto;\">\n\t\t\n<style>\n#gap-90657279 {\n  padding-top: 30px;\n}\n<\/style>\n\t<\/div>\n\t\n\n\n\t<a class=\"plain\" href=\"mailto:mermer@hurok.com.tr\"  >\t<div class=\"icon-box featured-box icon-box-left tooltip text-left\" title=\"mermer@hurok.com.tr\" >\n\t\t\t\t\t<div class=\"icon-box-img\" style=\"width: 20px\">\n\t\t\t\t<div class=\"icon\">\n\t\t\t\t\t<div class=\"icon-inner\" >\n\t\t\t\t\t\t<img loading=\"lazy\" decoding=\"async\" width=\"64\" height=\"64\" src=\"https:\/\/hurok.com\/wp-content\/uploads\/2017\/12\/envelope.png\" class=\"attachment-medium size-medium\" alt=\"email\" \/>\t\t\t\t\t<\/div>\n\t\t\t\t<\/div>\n\t\t\t<\/div>\n\t\t\t\t<div class=\"icon-box-text last-reset\">\n\t\t\t<h5 class=\"uppercase\">email<\/h5>\t\t\t\t\t\t\n\n<p><a href=\"mailto:istanbul@hurok.com\">istanbul@hurok.com<\/a><\/p>\n\n\t\t<\/div>\n\t<\/div>\n\t<\/a>\n\t\n\n\t\t<\/div>\n\t\t\t\t\t<\/div>\n\n\t\n\n\t<div id=\"col-1809093958\" class=\"col medium-4 large-4\"  >\n\t\t\t\t<div class=\"col-inner\"  >\n\t\t\t\n\t\t\t\n\n\t<div class=\"img has-hover x md-x lg-x y md-y lg-y\" id=\"image_1100249080\">\n\t\t\t\t\t\t\t\t<div class=\"img-inner dark\" >\n\t\t\t<img loading=\"lazy\" decoding=\"async\" width=\"886\" height=\"587\" src=\"https:\/\/hurok.com\/wp-content\/uploads\/2017\/10\/hurok-mermer-amerika-subesi-12.png\" class=\"attachment-large size-large\" alt=\"\" srcset=\"https:\/\/hurok.com\/wp-content\/uploads\/2017\/10\/hurok-mermer-amerika-subesi-12.png 886w, https:\/\/hurok.com\/wp-content\/uploads\/2017\/10\/hurok-mermer-amerika-subesi-12-604x400.png 604w, https:\/\/hurok.com\/wp-content\/uploads\/2017\/10\/hurok-mermer-amerika-subesi-12-768x509.png 768w\" sizes=\"auto, (max-width: 886px) 100vw, 886px\" \/>\t\t\t\t\t\t\n\t\t\t\t\t<\/div>\n\t\t\t\t\t\t\t\t\n<style>\n#image_1100249080 {\n  width: 100%;\n}\n<\/style>\n\t<\/div>\n\t\n\n<p style=\"text-align: right;\"><strong>2022 W. Atlantic Blvd.<\/strong><br \/>\n<strong>Pompano Beach, FL<\/strong><br \/>\n<strong>33069 USA<\/strong><\/p>\n\n\t<a class=\"plain\" href=\"tel:\/\/+19549774876\"  >\t<div class=\"icon-box featured-box icon-box-left tooltip text-left\" title=\"+1 954 977 4876\" >\n\t\t\t\t\t<div class=\"icon-box-img\" style=\"width: 20px\">\n\t\t\t\t<div class=\"icon\">\n\t\t\t\t\t<div class=\"icon-inner\" >\n\t\t\t\t\t\t<img loading=\"lazy\" decoding=\"async\" width=\"64\" height=\"64\" src=\"https:\/\/hurok.com\/wp-content\/uploads\/2017\/12\/speech-bubble.png\" class=\"attachment-medium size-medium\" alt=\"telefon\" \/>\t\t\t\t\t<\/div>\n\t\t\t\t<\/div>\n\t\t\t<\/div>\n\t\t\t\t<div class=\"icon-box-text last-reset\">\n\t\t\t<h5 class=\"uppercase\">Telephone<\/h5>\t\t\t<h6>Atlantic Stone Source<\/h6>\t\t\t\n\n<h3><a href=\"tel:\/\/+19549774876\">+1 954 977 4876<\/a><\/h3>\n\n\t\t<\/div>\n\t<\/div>\n\t<\/a>\n\t\n\t<div id=\"gap-1228908771\" class=\"gap-element clearfix\" style=\"display:block; height:auto;\">\n\t\t\n<style>\n#gap-1228908771 {\n  padding-top: 30px;\n}\n<\/style>\n\t<\/div>\n\t\n\n\n\t<a class=\"plain\" href=\"tel:\/\/+19549774849\"  >\t<div class=\"icon-box featured-box icon-box-left tooltip text-left\" title=\"+1 954 977 4849\" >\n\t\t\t\t\t<div class=\"icon-box-img\" style=\"width: 20px\">\n\t\t\t\t<div class=\"icon\">\n\t\t\t\t\t<div class=\"icon-inner\" >\n\t\t\t\t\t\t<img loading=\"lazy\" decoding=\"async\" width=\"64\" height=\"64\" src=\"https:\/\/hurok.com\/wp-content\/uploads\/2017\/12\/printer-.png\" class=\"attachment-medium size-medium\" alt=\"fax\" \/>\t\t\t\t\t<\/div>\n\t\t\t\t<\/div>\n\t\t\t<\/div>\n\t\t\t\t<div class=\"icon-box-text last-reset\">\n\t\t\t<h5 class=\"uppercase\">Fax<\/h5>\t\t\t\t\t\t\n\n<h3>+1 954 977 4849<\/h3>\n\n\t\t<\/div>\n\t<\/div>\n\t<\/a>\n\t\n\t<div id=\"gap-278630660\" class=\"gap-element clearfix\" style=\"display:block; height:auto;\">\n\t\t\n<style>\n#gap-278630660 {\n  padding-top: 30px;\n}\n<\/style>\n\t<\/div>\n\t\n\n\n\t<a class=\"plain\" href=\"mailto:mermer@hurok.com.tr\"  >\t<div class=\"icon-box featured-box icon-box-left tooltip text-left\" title=\"mermer@hurok.com.tr\" >\n\t\t\t\t\t<div class=\"icon-box-img\" style=\"width: 20px\">\n\t\t\t\t<div class=\"icon\">\n\t\t\t\t\t<div class=\"icon-inner\" >\n\t\t\t\t\t\t<img loading=\"lazy\" decoding=\"async\" width=\"64\" height=\"64\" src=\"https:\/\/hurok.com\/wp-content\/uploads\/2017\/12\/envelope.png\" class=\"attachment-medium size-medium\" alt=\"email\" \/>\t\t\t\t\t<\/div>\n\t\t\t\t<\/div>\n\t\t\t<\/div>\n\t\t\t\t<div class=\"icon-box-text last-reset\">\n\t\t\t<h5 class=\"uppercase\">email<\/h5>\t\t\t\t\t\t\n\n<p><a href=\"mailto:miami@hurok.com\">miami@hurok.com<\/a><\/p>\n\n\t\t<\/div>\n\t<\/div>\n\t<\/a>\n\t\n\n\t\t<\/div>\n\t\t\t\t\t<\/div>\n\n\t\n\n<\/div>\n[contact-form-7 id=&#8221;5abe2c3&#8243; title=&#8221;\u0130leti\u015fim formu 1&#8243;]","protected":false},"excerpt":{"rendered":"[contact-form-7 id=&#8221;5abe2c3&#8243; title=&#8221;\u0130leti\u015fim formu 1&#8243;]","protected":false},"author":1,"featured_media":0,"parent":0,"menu_order":0,"comment_status":"closed","ping_status":"closed","template":"","meta":{"footnotes":""},"class_list":["post-19750","page","type-page","status-publish","hentry"],"_links":{"self":[{"href":"https:\/\/hurok.com\/en\/wp-json\/wp\/v2\/pages\/19750","targetHints":{"allow":["GET"]}}],"collection":[{"href":"https:\/\/hurok.com\/en\/wp-json\/wp\/v2\/pages"}],"about":[{"href":"https:\/\/hurok.com\/en\/wp-json\/wp\/v2\/types\/page"}],"author":[{"embeddable":true,"href":"https:\/\/hurok.com\/en\/wp-json\/wp\/v2\/users\/1"}],"replies":[{"embeddable":true,"href":"https:\/\/hurok.com\/en\/wp-json\/wp\/v2\/comments?post=19750"}],"version-history":[{"count":0,"href":"https:\/\/hurok.com\/en\/wp-json\/wp\/v2\/pages\/19750\/revisions"}],"wp:attachment":[{"href":"https:\/\/hurok.com\/en\/wp-json\/wp\/v2\/media?parent=19750"}],"curies":[{"name":"wp","href":"https:\/\/api.w.org\/{rel}","templated":true}]}}