{"id":21329,"date":"2017-12-15T10:17:47","date_gmt":"2017-12-15T07:17:47","guid":{"rendered":"https:\/\/hurok.com\/?page_id=21329\/"},"modified":"2019-10-05T16:09:43","modified_gmt":"2019-10-05T13:09:43","slug":"contact","status":"publish","type":"page","link":"https:\/\/hurok.com\/en\/contact\/","title":{"rendered":"Contact"},"content":{"rendered":"<div class=\"row\"  id=\"row-939530731\">\n\n\t<div id=\"col-1981209345\" class=\"col medium-4 large-4\"  >\n\t\t\t\t<div class=\"col-inner\"  >\n\t\t\t\n\t\t\t\n\t<div class=\"img has-hover x md-x lg-x y md-y lg-y\" id=\"image_532069249\">\n\t\t\t\t\t\t\t\t<div class=\"img-inner dark\" >\n\t\t\t<img loading=\"lazy\" decoding=\"async\" width=\"525\" height=\"340\" src=\"https:\/\/hurok.com\/wp-content\/uploads\/2017\/10\/hurok-building.png\" class=\"attachment-large size-large\" alt=\"\" \/>\t\t\t\t\t\t\n\t\t\t\t\t<\/div>\n\t\t\t\t\t\t\t\t\n<style>\n#image_532069249 {\n  width: 100%;\n}\n<\/style>\n\t<\/div>\n\t\n<p style=\"text-align: center;\"><strong>Address: Organized Industrial Zone 1st Street No:4 43100 K\u00dcTAHYA<\/strong><\/p>\n\n\t<a class=\"plain\" href=\"tel:\/\/+902165614308\"  >\t<div class=\"icon-box featured-box icon-box-center tooltip text-center\" title=\"+90 216 561 43 08\" >\n\t\t\t\t\t<div class=\"icon-box-img\" style=\"width: 60px\">\n\t\t\t\t<div class=\"icon\">\n\t\t\t\t\t<div class=\"icon-inner\" >\n\t\t\t\t\t\t<img loading=\"lazy\" decoding=\"async\" width=\"64\" height=\"64\" src=\"https:\/\/hurok.com\/wp-content\/uploads\/2017\/12\/speech-bubble.png\" class=\"attachment-medium size-medium\" alt=\"telefon\" \/>\t\t\t\t\t<\/div>\n\t\t\t\t<\/div>\n\t\t\t<\/div>\n\t\t\t\t<div class=\"icon-box-text last-reset\">\n\t\t\t<h5 class=\"uppercase\">telephone<\/h5>\t\t\t<h6>Hurok Marble Factory<\/h6>\t\t\t\n<h3><a href=\"tel:\/\/+902742662201\"><strong>+90 274 266 22 01<\/strong><\/a><\/h3>\n\t\t<\/div>\n\t<\/div>\n\t<\/a>\n\t\n\t<div id=\"gap-1088987481\" class=\"gap-element clearfix\" style=\"display:block; height:auto;\">\n\t\t\n<style>\n#gap-1088987481 {\n  padding-top: 30px;\n}\n<\/style>\n\t<\/div>\n\t\n\n\t<a class=\"plain\" href=\"tel:\/\/+902742662258\"  >\t<div class=\"icon-box featured-box icon-box-center tooltip text-center\" title=\"+90 274 266 22 58\" >\n\t\t\t\t\t<div class=\"icon-box-img\" style=\"width: 60px\">\n\t\t\t\t<div class=\"icon\">\n\t\t\t\t\t<div class=\"icon-inner\" >\n\t\t\t\t\t\t<img loading=\"lazy\" decoding=\"async\" width=\"64\" height=\"64\" src=\"https:\/\/hurok.com\/wp-content\/uploads\/2017\/12\/printer-.png\" class=\"attachment-medium size-medium\" alt=\"fax\" \/>\t\t\t\t\t<\/div>\n\t\t\t\t<\/div>\n\t\t\t<\/div>\n\t\t\t\t<div class=\"icon-box-text last-reset\">\n\t\t\t<h5 class=\"uppercase\">Fax<\/h5>\t\t\t\t\t\t\n<h3><a href=\"tel:\/\/+90 27426622 58\"><strong>+90 274 266 22 58<\/strong><\/a><\/h3>\n\t\t<\/div>\n\t<\/div>\n\t<\/a>\n\t\n\t<div id=\"gap-280220393\" class=\"gap-element clearfix\" style=\"display:block; height:auto;\">\n\t\t\n<style>\n#gap-280220393 {\n  padding-top: 30px;\n}\n<\/style>\n\t<\/div>\n\t\n\n\t<a class=\"plain\" href=\"mailto:mermer@hurok.com.tr\"  >\t<div class=\"icon-box featured-box icon-box-center tooltip text-center\" title=\"mermer@hurok.com.tr\" >\n\t\t\t\t\t<div class=\"icon-box-img\" style=\"width: 60px\">\n\t\t\t\t<div class=\"icon\">\n\t\t\t\t\t<div class=\"icon-inner\" >\n\t\t\t\t\t\t<img loading=\"lazy\" decoding=\"async\" width=\"64\" height=\"64\" src=\"https:\/\/hurok.com\/wp-content\/uploads\/2017\/12\/envelope.png\" class=\"attachment-medium size-medium\" alt=\"email\" \/>\t\t\t\t\t<\/div>\n\t\t\t\t<\/div>\n\t\t\t<\/div>\n\t\t\t\t<div class=\"icon-box-text last-reset\">\n\t\t\t<h5 class=\"uppercase\">email<\/h5>\t\t\t\t\t\t\n<p><a href=\"mailto:mermer@hurok.com.tr\">mermer@hurok.com.tr<\/a><\/p>\n\t\t<\/div>\n\t<\/div>\n\t<\/a>\n\t\n\t\t<\/div>\n\t\t\t\t\t<\/div>\n\n\t\n\n\t<div id=\"col-1204996720\" class=\"col medium-4 large-4\"  >\n\t\t\t\t<div class=\"col-inner\"  >\n\t\t\t\n\t\t\t\n\t<div class=\"img has-hover x md-x lg-x y md-y lg-y\" id=\"image_947818659\">\n\t\t\t\t\t\t\t\t<div class=\"img-inner dark\" >\n\t\t\t<img loading=\"lazy\" decoding=\"async\" width=\"886\" height=\"583\" src=\"https:\/\/hurok.com\/wp-content\/uploads\/2017\/10\/hurok-mermer-istanbul-showroom.png\" class=\"attachment-large size-large\" alt=\"\" srcset=\"https:\/\/hurok.com\/wp-content\/uploads\/2017\/10\/hurok-mermer-istanbul-showroom.png 886w, https:\/\/hurok.com\/wp-content\/uploads\/2017\/10\/hurok-mermer-istanbul-showroom-608x400.png 608w, https:\/\/hurok.com\/wp-content\/uploads\/2017\/10\/hurok-mermer-istanbul-showroom-768x505.png 768w\" sizes=\"auto, (max-width: 886px) 100vw, 886px\" \/>\t\t\t\t\t\t\n\t\t\t\t\t<\/div>\n\t\t\t\t\t\t\t\t\n<style>\n#image_947818659 {\n  width: 100%;\n}\n<\/style>\n\t<\/div>\n\t\n<p style=\"text-align: center;\"><strong>Address: Aziz Mahmut H\u00fcdayi Mah. Hasbahce Sok. No:18 \u00dcsk\u00fcdar ISTANBUL<\/strong><\/p>\n\n\t<a class=\"plain\" href=\"tel:\/\/+902165614301\"  >\t<div class=\"icon-box featured-box icon-box-center tooltip text-center\" title=\"+90 216 561 43 01\" >\n\t\t\t\t\t<div class=\"icon-box-img\" style=\"width: 60px\">\n\t\t\t\t<div class=\"icon\">\n\t\t\t\t\t<div class=\"icon-inner\" >\n\t\t\t\t\t\t<img loading=\"lazy\" decoding=\"async\" width=\"64\" height=\"64\" src=\"https:\/\/hurok.com\/wp-content\/uploads\/2017\/12\/speech-bubble.png\" class=\"attachment-medium size-medium\" alt=\"telefon\" \/>\t\t\t\t\t<\/div>\n\t\t\t\t<\/div>\n\t\t\t<\/div>\n\t\t\t\t<div class=\"icon-box-text last-reset\">\n\t\t\t<h5 class=\"uppercase\">telephone<\/h5>\t\t\t<h6>Hurok Istanbul Showroom<\/h6>\t\t\t\n<h3><a href=\"tel:\/\/+902165614308\">+90 216 561 43 01<\/a><\/h3>\n\t\t<\/div>\n\t<\/div>\n\t<\/a>\n\t\n\t<div id=\"gap-1155571026\" class=\"gap-element clearfix\" style=\"display:block; height:auto;\">\n\t\t\n<style>\n#gap-1155571026 {\n  padding-top: 30px;\n}\n<\/style>\n\t<\/div>\n\t\n\n\t<a class=\"plain\" href=\"tel:\/\/+902742662258\"  >\t<div class=\"icon-box featured-box icon-box-center text-center\"  >\n\t\t\t\t\t<div class=\"icon-box-img\" style=\"width: 60px\">\n\t\t\t\t<div class=\"icon\">\n\t\t\t\t\t<div class=\"icon-inner\" >\n\t\t\t\t\t\t<img loading=\"lazy\" decoding=\"async\" width=\"64\" height=\"64\" src=\"https:\/\/hurok.com\/wp-content\/uploads\/2017\/12\/printer-.png\" class=\"attachment-medium size-medium\" alt=\"fax\" \/>\t\t\t\t\t<\/div>\n\t\t\t\t<\/div>\n\t\t\t<\/div>\n\t\t\t\t<div class=\"icon-box-text last-reset\">\n\t\t\t<h5 class=\"uppercase\">Fax<\/h5>\t\t\t\t\t\t\n<h3><a href=\"tel:\/\/02165614301\">+90 216 561 43 01<\/a><\/h3>\n\t\t<\/div>\n\t<\/div>\n\t<\/a>\n\t\n\t<div id=\"gap-1083854225\" class=\"gap-element clearfix\" style=\"display:block; height:auto;\">\n\t\t\n<style>\n#gap-1083854225 {\n  padding-top: 30px;\n}\n<\/style>\n\t<\/div>\n\t\n\n\t<a class=\"plain\" href=\"mailto:mermer@hurok.com.tr\"  >\t<div class=\"icon-box featured-box icon-box-center text-center\"  >\n\t\t\t\t\t<div class=\"icon-box-img\" style=\"width: 60px\">\n\t\t\t\t<div class=\"icon\">\n\t\t\t\t\t<div class=\"icon-inner\" >\n\t\t\t\t\t\t<img loading=\"lazy\" decoding=\"async\" width=\"64\" height=\"64\" src=\"https:\/\/hurok.com\/wp-content\/uploads\/2017\/12\/envelope.png\" class=\"attachment-medium size-medium\" alt=\"email\" \/>\t\t\t\t\t<\/div>\n\t\t\t\t<\/div>\n\t\t\t<\/div>\n\t\t\t\t<div class=\"icon-box-text last-reset\">\n\t\t\t<h5 class=\"uppercase\">email<\/h5>\t\t\t\t\t\t\n<p><a href=\"mailto:istanbul@hurok.com.tr\">istanbul@hurok.com.tr<\/a><\/p>\n\t\t<\/div>\n\t<\/div>\n\t<\/a>\n\t\n\t\t<\/div>\n\t\t\t\t\t<\/div>\n\n\t\n\n\t<div id=\"col-1521892792\" class=\"col medium-4 large-4\"  >\n\t\t\t\t<div class=\"col-inner\"  >\n\t\t\t\n\t\t\t\n\t<div class=\"img has-hover x md-x lg-x y md-y lg-y\" id=\"image_1930685095\">\n\t\t\t\t\t\t\t\t<div class=\"img-inner dark\" >\n\t\t\t<img loading=\"lazy\" decoding=\"async\" width=\"886\" height=\"587\" src=\"https:\/\/hurok.com\/wp-content\/uploads\/2017\/10\/hurok-mermer-amerika-subesi-12.png\" class=\"attachment-large size-large\" alt=\"\" srcset=\"https:\/\/hurok.com\/wp-content\/uploads\/2017\/10\/hurok-mermer-amerika-subesi-12.png 886w, https:\/\/hurok.com\/wp-content\/uploads\/2017\/10\/hurok-mermer-amerika-subesi-12-604x400.png 604w, https:\/\/hurok.com\/wp-content\/uploads\/2017\/10\/hurok-mermer-amerika-subesi-12-768x509.png 768w\" sizes=\"auto, (max-width: 886px) 100vw, 886px\" \/>\t\t\t\t\t\t\n\t\t\t\t\t<\/div>\n\t\t\t\t\t\t\t\t\n<style>\n#image_1930685095 {\n  width: 100%;\n}\n<\/style>\n\t<\/div>\n\t\n<p style=\"text-align: center;\"><strong>Address: 2022 W. Atlantic Blvd.<\/strong><br \/><strong>Pompano Beach, FL<\/strong><br \/><strong>33069 USA<\/strong><\/p>\n\n\t<a class=\"plain\" href=\"tel:\/\/+902165614308\"  >\t<div class=\"icon-box featured-box icon-box-center text-center\"  >\n\t\t\t\t\t<div class=\"icon-box-img\" style=\"width: 60px\">\n\t\t\t\t<div class=\"icon\">\n\t\t\t\t\t<div class=\"icon-inner\" >\n\t\t\t\t\t\t<img loading=\"lazy\" decoding=\"async\" width=\"64\" height=\"64\" src=\"https:\/\/hurok.com\/wp-content\/uploads\/2017\/12\/speech-bubble.png\" class=\"attachment-medium size-medium\" alt=\"telefon\" \/>\t\t\t\t\t<\/div>\n\t\t\t\t<\/div>\n\t\t\t<\/div>\n\t\t\t\t<div class=\"icon-box-text last-reset\">\n\t\t\t<h5 class=\"uppercase\">telephone<\/h5>\t\t\t<h6>Atlantic Stone Source<\/h6>\t\t\t\n<h3><a href=\"tel:\/\/+19549774876\">+1 954 977 4876<\/a><\/h3>\n\t\t<\/div>\n\t<\/div>\n\t<\/a>\n\t\n\t<div id=\"gap-407119028\" class=\"gap-element clearfix\" style=\"display:block; height:auto;\">\n\t\t\n<style>\n#gap-407119028 {\n  padding-top: 30px;\n}\n<\/style>\n\t<\/div>\n\t\n\n\t<a class=\"plain\" href=\"tel:\/\/+902742662258\"  >\t<div class=\"icon-box featured-box icon-box-center text-center\"  >\n\t\t\t\t\t<div class=\"icon-box-img\" style=\"width: 60px\">\n\t\t\t\t<div class=\"icon\">\n\t\t\t\t\t<div class=\"icon-inner\" >\n\t\t\t\t\t\t<img loading=\"lazy\" decoding=\"async\" width=\"64\" height=\"64\" src=\"https:\/\/hurok.com\/wp-content\/uploads\/2017\/12\/printer-.png\" class=\"attachment-medium size-medium\" alt=\"fax\" \/>\t\t\t\t\t<\/div>\n\t\t\t\t<\/div>\n\t\t\t<\/div>\n\t\t\t\t<div class=\"icon-box-text last-reset\">\n\t\t\t<h5 class=\"uppercase\">Fax<\/h5>\t\t\t\t\t\t\n<h3>+1 954 977 4849<\/h3>\n\t\t<\/div>\n\t<\/div>\n\t<\/a>\n\t\n\t<div id=\"gap-844206586\" class=\"gap-element clearfix\" style=\"display:block; height:auto;\">\n\t\t\n<style>\n#gap-844206586 {\n  padding-top: 30px;\n}\n<\/style>\n\t<\/div>\n\t\n\n\t<a class=\"plain\" href=\"mailto:mermer@hurok.com.tr\"  >\t<div class=\"icon-box featured-box icon-box-center text-center\"  >\n\t\t\t\t\t<div class=\"icon-box-img\" style=\"width: 60px\">\n\t\t\t\t<div class=\"icon\">\n\t\t\t\t\t<div class=\"icon-inner\" >\n\t\t\t\t\t\t<img loading=\"lazy\" decoding=\"async\" width=\"64\" height=\"64\" src=\"https:\/\/hurok.com\/wp-content\/uploads\/2017\/12\/envelope.png\" class=\"attachment-medium size-medium\" alt=\"email\" \/>\t\t\t\t\t<\/div>\n\t\t\t\t<\/div>\n\t\t\t<\/div>\n\t\t\t\t<div class=\"icon-box-text last-reset\">\n\t\t\t<h5 class=\"uppercase\">email<\/h5>\t\t\t\t\t\t\n<p><a href=\"mailto:miami@hurok.com\">miami@hurok.com<\/a><\/p>\n\t\t<\/div>\n\t<\/div>\n\t<\/a>\n\t\n\t\t<\/div>\n\t\t\t\t\t<\/div>\n\n\t\n<\/div>","protected":false},"excerpt":{"rendered":"","protected":false},"author":1,"featured_media":0,"parent":0,"menu_order":0,"comment_status":"closed","ping_status":"closed","template":"","meta":{"footnotes":""},"class_list":["post-21329","page","type-page","status-publish","hentry"],"_links":{"self":[{"href":"https:\/\/hurok.com\/en\/wp-json\/wp\/v2\/pages\/21329","targetHints":{"allow":["GET"]}}],"collection":[{"href":"https:\/\/hurok.com\/en\/wp-json\/wp\/v2\/pages"}],"about":[{"href":"https:\/\/hurok.com\/en\/wp-json\/wp\/v2\/types\/page"}],"author":[{"embeddable":true,"href":"https:\/\/hurok.com\/en\/wp-json\/wp\/v2\/users\/1"}],"replies":[{"embeddable":true,"href":"https:\/\/hurok.com\/en\/wp-json\/wp\/v2\/comments?post=21329"}],"version-history":[{"count":0,"href":"https:\/\/hurok.com\/en\/wp-json\/wp\/v2\/pages\/21329\/revisions"}],"wp:attachment":[{"href":"https:\/\/hurok.com\/en\/wp-json\/wp\/v2\/media?parent=21329"}],"curies":[{"name":"wp","href":"https:\/\/api.w.org\/{rel}","templated":true}]}}