{"id":21602,"date":"2017-12-22T09:40:36","date_gmt":"2017-12-22T06:40:36","guid":{"rendered":"https:\/\/hurok.com\/?page_id=21602\/"},"modified":"2018-08-16T13:39:31","modified_gmt":"2018-08-16T10:39:31","slug":"hurok-tanitim","status":"publish","type":"page","link":"https:\/\/hurok.com\/en\/hurok-tanitim\/","title":{"rendered":"H\u00fcrok Promotion"},"content":{"rendered":"<p><img loading=\"lazy\" decoding=\"async\" class=\"size-full wp-image-19086 aligncenter\" src=\"https:\/\/hurok.com\/wp-content\/uploads\/2025\/07\/tanitim-en-2.jpg\" alt=\"\" width=\"300\" height=\"300\" srcset=\"\" sizes=\"auto, (max-width: 300px) 100vw, 300px\" data-srcset=\"\" \/><\/p>\n<p><h2>About Hurok Marble<\/h2>\n\n<p>\n  <strong>Hurok Marble<\/strong>, founded in <strong>1981 in K\u00fctahya, Turkey<\/strong>, currently exports to \n  <strong>59 countries<\/strong>, primarily to the <strong>United States<\/strong>, with a workforce of \n  <strong>300 employees<\/strong>.\n<\/p>\n\n<p>\n  The company operates a total of <strong>9 quarries across Turkey<\/strong>, primarily producing natural stone products such as \n  <strong>gray marble, beige marble, brown and white marble<\/strong>, as well as <strong>travertine<\/strong>.\n<\/p>\n\n<p>\n  With these quarries rich in high-quality reserves and a slab inventory of over <strong>40 varieties<\/strong>, \n  Hurok Marble continues its production activities in not only <strong>beige, marble, and travertine product groups<\/strong>, \n  but also in <strong>tiles<\/strong>, <strong>tumbled stones<\/strong>, <strong>mosaics<\/strong>, <strong>custom designs<\/strong>, \n  and <strong>project-based works<\/strong>.\n<\/p><a href=\"https:\/\/hurok.com\/en\/silver-fantasy\/\"><!-- --><\/a><!-- --><\/p>\n<p><p>\n  Our company, which closely follows <strong>emerging technologies<\/strong> and aims to continuously raise its \n  <strong>production standards<\/strong>, also blends the <strong>architectural heritage of ancient civilizations<\/strong> \n  into its product design\u2014transforming it into an <strong>aesthetic, authentic<\/strong>, and \n  <strong>refreshing style<\/strong> that enhances any space and appeals to our customers\u2019 tastes.\n<\/p>\n\n<p>\n  Embracing a <strong>consumer-oriented production approach<\/strong>, <strong>HUROK MARBLE<\/strong> successfully reflects the \n  <strong>innovative expectations of the industry<\/strong> in both its product structure and service model.\n  By accurately analyzing <strong>new trends and design movements<\/strong>, the company has effectively adapted to today\u2019s \n  highly competitive environment where there are no boundaries in the race for excellence.\n<\/p><\/p>\n<p><p>\n  Producing at <strong>world-class quality standards<\/strong> and adopting the goal of meeting consumer needs at the \n  <strong>highest level<\/strong> through its <strong>sales and after-sales service network<\/strong>, the company has become \n  a <strong>preferred brand<\/strong> with its products that appeal to <strong>various lifestyles and usage habits<\/strong>.\n<\/p>\n\n<p>\n  <strong>HUROK MARBLE<\/strong> has proven its quality not only domestically, but also through its export volume to \n  <strong>59 countries<\/strong>, primarily including <strong>Italy, the United States, Europe, the Middle East, \n  the Far East, and Australia<\/strong>\u2014earning its place among the <strong>most respected brands<\/strong> in the industry.\n<\/p><\/p>\n<p><p>\n  <strong>HUROK MARBLE<\/strong> began its <strong>corporate development efforts<\/strong> in <strong>2016<\/strong>, \n  initiating projects aimed at enhancing production, management, and service processes through the implementation of \n  <strong>Enterprise Resource Planning (ERP)<\/strong> infrastructure. These efforts focused on increasing \n  <strong>capacity growth<\/strong>, <strong>accelerating expansion<\/strong>, and <strong>boosting competitiveness<\/strong>.\n<\/p>\n\n<p>\n  In <strong>2017<\/strong>, to ensure the <strong>sustainability<\/strong> of this transformation, the company established \n  <strong>integrated quality management systems<\/strong> and earned the following certifications:\n<\/p>\n\n<ul>\n  <li><strong>ISO 9001:2015<\/strong> \u2013 Quality Management<\/li>\n  <li><strong>OHSAS 18001:2007<\/strong> \u2013 Occupational Health and Safety<\/li>\n  <li><strong>ISO 14001:2015<\/strong> \u2013 Environmental Management<\/li>\n<\/ul><\/p>","protected":false},"excerpt":{"rendered":"<p>Hurok Marble 1981 y\u0131l\u0131nda K\u00fctahya\u2019da kurulmu\u015f olup 300 \u00e7al\u0131\u015fan\u0131 ile \u00a0Amerika ba\u015fta olmak \u00fczere 59 \u00fclkeye ihracat yapmaktad\u0131r. Hurok Marble T\u00fcrkiye genelinde toplam 9 oca\u011fa sahip olup bu ocaklardan ba\u015fl\u0131ca \u00e7\u0131kan \u00fcr\u00fcnler &#8220;Gri mermer, bej mermer, kahverengi ve beyaz mermer&#8221; renklerde mermer ve traverten Do\u011fal Ta\u015f \u00fcr\u00fcnleridir. Kaliteli rezervlere sahip bu ocaklar\u0131m\u0131z ile 40\u2019dan fazla [&#8230;]","protected":false},"author":1,"featured_media":19819,"parent":0,"menu_order":0,"comment_status":"closed","ping_status":"closed","template":"","meta":{"footnotes":""},"class_list":["post-21602","page","type-page","status-publish","has-post-thumbnail","hentry"],"_links":{"self":[{"href":"https:\/\/hurok.com\/en\/wp-json\/wp\/v2\/pages\/21602","targetHints":{"allow":["GET"]}}],"collection":[{"href":"https:\/\/hurok.com\/en\/wp-json\/wp\/v2\/pages"}],"about":[{"href":"https:\/\/hurok.com\/en\/wp-json\/wp\/v2\/types\/page"}],"author":[{"embeddable":true,"href":"https:\/\/hurok.com\/en\/wp-json\/wp\/v2\/users\/1"}],"replies":[{"embeddable":true,"href":"https:\/\/hurok.com\/en\/wp-json\/wp\/v2\/comments?post=21602"}],"version-history":[{"count":0,"href":"https:\/\/hurok.com\/en\/wp-json\/wp\/v2\/pages\/21602\/revisions"}],"wp:featuredmedia":[{"embeddable":true,"href":"https:\/\/hurok.com\/en\/wp-json\/wp\/v2\/media\/19819"}],"wp:attachment":[{"href":"https:\/\/hurok.com\/en\/wp-json\/wp\/v2\/media?parent=21602"}],"curies":[{"name":"wp","href":"https:\/\/api.w.org\/{rel}","templated":true}]}}