{"id":21699,"date":"2017-12-29T10:04:27","date_gmt":"2017-12-29T07:04:27","guid":{"rendered":"https:\/\/hurok.com\/?page_id=21699\/"},"modified":"2017-12-29T10:04:27","modified_gmt":"2017-12-29T07:04:27","slug":"kullanim-sartlari","status":"publish","type":"page","link":"https:\/\/hurok.com\/en\/kullanim-sartlari\/","title":{"rendered":"Kullan\u0131m \u015eartlar\u0131"},"content":{"rendered":"<p>\u0130leride s\u00f6z konusu \u015fartlar\u0131 okumam\u0131\u015f veya okumu\u015f olup da bunlara uygun davranmam\u0131\u015f olman\u0131zdan kaynaklanabilecek olan her t\u00fcrl\u00fc maddi ve manevi zarara ili\u015fkin talebinizden H\u00dcROK \u0130N\u015eAAT MERMER LAST\u0130K SAN. VE T\u0130C.LTD.\u015eT\u0130.\u2019nin (\u201cHurok Marble\u201d) ve\/veya Hurok Marble Web Sitesi\u2019nin (\u201cWeb Sitesi\u201d), Web Sitesi\u2019ndeki her t\u00fcrl\u00fc i\u00e7eri\u011fin haz\u0131rlay\u0131c\u0131lar\u0131n\u0131n, \u00e7al\u0131\u015fanlar\u0131n\u0131n, Hurok Marble\u2019\u0131n yetkilendirdikleri ki\u015fi ve kurulu\u015flar\u0131n hi\u00e7bir hukuki ve cezai sorumlulu\u011fu bulunmamaktad\u0131r.<\/p>\n<p>\u015eu kadar ki; Web Sitesi\u2019ni ziyaret edenlerin, yorum platformlar\u0131na kat\u0131lanlar\u0131n, reklam ve sponsorluk veren \u015firketlerin, Web Sitesi\u2019nde yay\u0131nlam\u0131\u015f olabilecekleri yaz\u0131, bilgi, yorum, haber, g\u00f6r\u00fcnt\u00fclerle Hurok Marble\u2019\u0131n logosunun, ana sayfa ile alt b\u00f6l\u00fcm ba\u011flant\u0131lar\u0131n\u0131n ba\u015fkaca web sitelerinde kullan\u0131m\u0131, web, posta, mobil site vb. hizmetlerinin ve kullan\u0131c\u0131lar taraf\u0131ndan Hurok Marble sunucular\u0131na y\u00fcklenip yay\u0131nlanan her t\u00fcrl\u00fc i\u00e7eri\u011fin kullan\u0131m\u0131 suretiyle edinilen bilgi ve yorumlar dahil ve fakat bu say\u0131lan ki\u015filer ya da yay\u0131nlarla s\u0131n\u0131rl\u0131 olmaks\u0131z\u0131n, internetin genel team\u00fcller do\u011frultusundaki yap\u0131s\u0131 gere\u011fi sorumluluk ve yetkisinde olmayan herhangi bir i\u00e7erikten, Hurok Marble\u2019\u0131n hukuki, cezai ve\/veya \u015fahsi hi\u00e7bir sorumlulu\u011fu bulunmamakta olup, i\u015fbu Web Sitesi ziyaret\u00e7ileri bu hususu bu siteye girdikleri andan itibaren kabul ve beyan ederler.<\/p>\n<p>Hurok Marble, i\u015fbu h\u00fck\u00fcm ve \u015fartlar\u0131 diledi\u011fi zaman \u00f6nceden haber vermek zorunda olmaks\u0131z\u0131n tek tarafl\u0131 olarak de\u011fi\u015ftirme ve g\u00fcncelleme hakk\u0131na haizdir.<\/p>\n<p>Web Sitesi\u2019nde yer alan her t\u00fcrl\u00fc bilgi, istatistiki \u015fekil ve de\u011fer, g\u00fcvenilirli\u011fi genel team\u00fcller \u00e7er\u00e7evesinde kabul edilen kaynaklardan elde edilerek derlenmi\u015f olup, do\u011fruluklar\u0131 ve yeterlilikleri hi\u00e7 bir \u015fekilde Hurok Marble taraf\u0131ndan garanti edilmemektedir.<\/p>\n<p>Web Sitesi\u2019nde yer alan bilgi, de\u011ferlendirme, yorum ve istatistiki \u015fekil ve de\u011ferlerin kullan\u0131m\u0131 sonucunda do\u011fabilecek do\u011frudan veya dolayl\u0131 maddi ve\/veya manevi menfi ve\/veya m\u00fcsbet zararlardan ve olas\u0131 sair zarar ve masraflardan dolay\u0131 Hurok Marble\u2018\u0131n hi\u00e7 bir hukuki ve cezai sorumlulu\u011fu mevcut de\u011fildir.<\/p>\n<p>Web Sitesi\u2019ne girmeden \u00f6nce yukar\u0131daki uyar\u0131 ve beyanlar\u0131 okumu\u015f oldu\u011funuz farz ve taraf\u0131n\u0131zca kabul edilmekle bu hususta herhangi bir anla\u015fmazl\u0131k, iddia ve talep oldu\u011fu takdirde, Web Sitesi\u2019nde yaz\u0131l\u0131 bulunan bu ibarelerin ve Hurok Marble \u2018e ait di\u011fer t\u00fcm bilgisayar kay\u0131tlar\u0131n\u0131n tek ve ger\u00e7ek m\u00fcnhas\u0131r delil olarak Hukuk Muhakemeleri Kanunu madde 193\u2019e uygun olarak \u0130stanbul Mahkemeleri ve \u0130cra M\u00fcd\u00fcrl\u00fckleri\u2019nin yetkisine sunulaca\u011f\u0131 Hurok Marble taraf\u0131ndan beyan ve i\u015fbu Web Sitesi\u2019ne giren ki\u015fi(ler), kurulu\u015f(lar) taraf\u0131ndan kabul, beyan ve taahh\u00fct edilir.<\/p>\n<p>Kullan\u0131c\u0131lar\u0131n, Web Sitesi\u2019nde yer alan \u0130\u00e7erik\u2019e dayanarak alabilecekleri her t\u00fcrl\u00fc kararlardan dolay\u0131 Hurok Marble ve \u0130\u00e7erik sa\u011flay\u0131c\u0131lar\u0131 hi\u00e7bir \u015fekilde sorumlu de\u011fildirler.<\/p>\n<p>Yay\u0131nlanan i\u00e7eri\u011fin kesintisinden, gecikmesinden veya hatal\u0131 olmas\u0131ndan ve bunlar\u0131n yola a\u00e7abilece\u011fi zararlardan dolay\u0131 Hurok Marble hi\u00e7 bir \u015fekilde sorumlu de\u011fildir.<\/p>\n<p>Bu yay\u0131n, Hurok Marble\u2019in izni olmadan kopyalanamaz, da\u011f\u0131t\u0131lamaz, ticari bir ama\u00e7la kaynak g\u00f6sterilmek suretiyle kullan\u0131lamaz ve hi\u00e7bir format alt\u0131nda bilgisayar sistemlerine aktar\u0131lamaz.<\/p>\n<p>H\u00dcROK \u0130N\u015eAAT MERMER LAST\u0130K SAN. VE T\u0130C.LTD.\u015eT\u0130. (\u201cHurok Marble\u201c) kullan\u0131c\u0131lar\u0131n (\u201cKullan\u0131c\u0131(lar)\u201d) arzusuna ba\u011fl\u0131 olarak web sitesi (\u201cWeb Sitesi\u201c) \u00fczerinden elde etti\u011fi ki\u015fisel verileri toplarken ve kullan\u0131rken izledi\u011fi prensipler bu Gizlilik Politikas\u0131\u2019nda d\u00fczenlenmektedir.<\/p>\n<p>&nbsp;<\/p>","protected":false},"excerpt":{"rendered":"<p>\u0130leride s\u00f6z konusu \u015fartlar\u0131 okumam\u0131\u015f veya okumu\u015f olup da bunlara uygun davranmam\u0131\u015f olman\u0131zdan kaynaklanabilecek olan her t\u00fcrl\u00fc maddi ve manevi zarara ili\u015fkin talebinizden H\u00dcROK \u0130N\u015eAAT MERMER LAST\u0130K SAN. VE T\u0130C.LTD.\u015eT\u0130.\u2019nin (\u201cHurok Marble\u201d) ve\/veya Hurok Marble Web Sitesi\u2019nin (\u201cWeb Sitesi\u201d), Web Sitesi\u2019ndeki her t\u00fcrl\u00fc i\u00e7eri\u011fin haz\u0131rlay\u0131c\u0131lar\u0131n\u0131n, \u00e7al\u0131\u015fanlar\u0131n\u0131n, Hurok Marble\u2019\u0131n yetkilendirdikleri ki\u015fi ve kurulu\u015flar\u0131n hi\u00e7bir hukuki ve [&#8230;]","protected":false},"author":1,"featured_media":21694,"parent":0,"menu_order":0,"comment_status":"closed","ping_status":"closed","template":"","meta":{"footnotes":""},"class_list":["post-21699","page","type-page","status-publish","has-post-thumbnail","hentry"],"_links":{"self":[{"href":"https:\/\/hurok.com\/en\/wp-json\/wp\/v2\/pages\/21699","targetHints":{"allow":["GET"]}}],"collection":[{"href":"https:\/\/hurok.com\/en\/wp-json\/wp\/v2\/pages"}],"about":[{"href":"https:\/\/hurok.com\/en\/wp-json\/wp\/v2\/types\/page"}],"author":[{"embeddable":true,"href":"https:\/\/hurok.com\/en\/wp-json\/wp\/v2\/users\/1"}],"replies":[{"embeddable":true,"href":"https:\/\/hurok.com\/en\/wp-json\/wp\/v2\/comments?post=21699"}],"version-history":[{"count":0,"href":"https:\/\/hurok.com\/en\/wp-json\/wp\/v2\/pages\/21699\/revisions"}],"wp:featuredmedia":[{"embeddable":true,"href":"https:\/\/hurok.com\/en\/wp-json\/wp\/v2\/media\/21694"}],"wp:attachment":[{"href":"https:\/\/hurok.com\/en\/wp-json\/wp\/v2\/media?parent=21699"}],"curies":[{"name":"wp","href":"https:\/\/api.w.org\/{rel}","templated":true}]}}