{"id":21928,"date":"2018-01-11T13:26:29","date_gmt":"2018-01-11T10:26:29","guid":{"rendered":"https:\/\/hurok.com\/?page_id=21928\/"},"modified":"2018-03-27T09:30:22","modified_gmt":"2018-03-27T06:30:22","slug":"banyo-mermer-modelleri","status":"publish","type":"page","link":"https:\/\/hurok.com\/en\/banyo-mermer-modelleri\/","title":{"rendered":"Banyo Mermer Modelleri"},"content":{"rendered":"<h2 class=\"post-title\">Banyo Mermer Modelleri<\/h2>\n<p>Mermer banyolar bir \u00e7ok insanda &#8220;eski moda ya off ne alaka? \u00e7ok demode&#8221; gibi \u00e7a\u011fr\u0131\u015f\u0131mlar yapabilir ama mermer son y\u0131llarda haketti\u011fi de\u011feri g\u00f6rmeye ba\u015flad\u0131. Mermer deseninin en ba\u015fta modada (\u00e7antalarda, kad\u0131n aksesuarlar\u0131nda,hatta telefon k\u0131l\u0131flar\u0131nda bile), aksesuar ve dekorasyon d\u00fcnyas\u0131nda pop\u00fcler olmas\u0131yla birlikte mermer banyo modelleri pop\u00fclerli\u011fini eline ald\u0131. Ya\u015fam alan\u0131n\u0131z\u0131n havas\u0131n\u0131 bir anda de\u011fi\u015ftirebilecek klasikler, evinizin modern ruhunu yakalayabilen modernizm, saraylardan a\u015fa\u011f\u0131s\u0131n\u0131 kabul etmeyenler i\u00e7in hamam modelleri ve sadeli\u011fin g\u00fcc\u00fcn\u00fc ellerinde tutanlar i\u00e7in minimalist tasar\u0131mlar. Mermer banyo modellerimizi ve 2018&#8217;in trend modellerini de unutmad\u0131k. \u0130\u015fte en \u00e7ok tercih edilen konseptlere g\u00f6z atal\u0131m.<\/p>\n<p>Mermer \u00dcr\u00fcnlerimize g\u00f6zatmak i\u00e7in <a href=\"https:\/\/hurok.com\/en\/mermer-fayans\/\"><!-- --><\/a><\/p>\n\n  \n    <div class=\"row large-columns-3 medium-columns- small-columns-2\">\n  <div class=\"gallery-col col\" data-animate=\"fadeInLeft\">\n          <div class=\"col-inner\">\n            <a class=\"image-lightbox lightbox-gallery\" href=\"https:\/\/hurok.com\/wp-content\/uploads\/2018\/01\/Conrad-Istanbul-Bosphorus-Hilton-6-1400x788.png\" title=\"Conrad Istanbul Bosphorus - Hilton\">            <div class=\"box has-hover gallery-box box-overlay dark\">\n              <div class=\"box-image box-shadow-2-hover image-cover\" style=\"padding-top:75%;\">\n                <img loading=\"lazy\" decoding=\"async\" width=\"711\" height=\"400\" src=\"https:\/\/hurok.com\/wp-content\/uploads\/2018\/01\/Conrad-Istanbul-Bosphorus-Hilton-6-711x400.png\" class=\"attachment-medium size-medium\" alt=\"\" ids=\"21943,21941,21939,21937,21935,21933,21931,21929\" columns=\"3\" depth_hover=\"2\" animate=\"fadeInLeft\" image_height=\"75%\" image_size=\"medium\" srcset=\"https:\/\/hurok.com\/wp-content\/uploads\/2018\/01\/Conrad-Istanbul-Bosphorus-Hilton-6-711x400.png 711w, https:\/\/hurok.com\/wp-content\/uploads\/2018\/01\/Conrad-Istanbul-Bosphorus-Hilton-6-768x432.png 768w, https:\/\/hurok.com\/wp-content\/uploads\/2018\/01\/Conrad-Istanbul-Bosphorus-Hilton-6.png 1400w\" sizes=\"auto, (max-width: 711px) 100vw, 711px\" \/>                                  <div class=\"overlay fill\"\n                      style=\"background-color: rgba(0,0,0,.15)\">\n                  <\/div>\n                                                              <\/div>\n              <div class=\"box-text text-left\" >\n                 <p>Conrad Istanbul Bosphorus - Hilton<\/p>\n              <\/div>\n            <\/div>\n            <\/a>          <\/div>\n         <\/div><div class=\"gallery-col col\" data-animate=\"fadeInLeft\">\n          <div class=\"col-inner\">\n            <a class=\"image-lightbox lightbox-gallery\" href=\"https:\/\/hurok.com\/wp-content\/uploads\/2018\/01\/Conrad-Istanbul-Bosphorus-Hilton-2.jpg\" title=\"Conrad Istanbul Bosphorus - Hilton\">            <div class=\"box has-hover gallery-box box-overlay dark\">\n              <div class=\"box-image box-shadow-2-hover image-cover\" style=\"padding-top:75%;\">\n                <img loading=\"lazy\" decoding=\"async\" width=\"730\" height=\"400\" src=\"https:\/\/hurok.com\/wp-content\/uploads\/2018\/01\/Conrad-Istanbul-Bosphorus-Hilton-2-730x400.jpg\" class=\"attachment-medium size-medium\" alt=\"\" ids=\"21943,21941,21939,21937,21935,21933,21931,21929\" columns=\"3\" depth_hover=\"2\" animate=\"fadeInLeft\" image_height=\"75%\" image_size=\"medium\" srcset=\"https:\/\/hurok.com\/wp-content\/uploads\/2018\/01\/Conrad-Istanbul-Bosphorus-Hilton-2-730x400.jpg 730w, https:\/\/hurok.com\/wp-content\/uploads\/2018\/01\/Conrad-Istanbul-Bosphorus-Hilton-2-768x421.jpg 768w, https:\/\/hurok.com\/wp-content\/uploads\/2018\/01\/Conrad-Istanbul-Bosphorus-Hilton-2.jpg 840w\" sizes=\"auto, (max-width: 730px) 100vw, 730px\" \/>                                  <div class=\"overlay fill\"\n                      style=\"background-color: rgba(0,0,0,.15)\">\n                  <\/div>\n                                                              <\/div>\n              <div class=\"box-text text-left\" >\n                 <p>Conrad Istanbul Bosphorus - Hilton<\/p>\n              <\/div>\n            <\/div>\n            <\/a>          <\/div>\n         <\/div><div class=\"gallery-col col\" data-animate=\"fadeInLeft\">\n          <div class=\"col-inner\">\n            <a class=\"image-lightbox lightbox-gallery\" href=\"https:\/\/hurok.com\/wp-content\/uploads\/2018\/01\/Conrad-Istanbul-Bosphorus-Hilton-5.jpg\" title=\"Conrad Istanbul Bosphorus - Hilton\">            <div class=\"box has-hover gallery-box box-overlay dark\">\n              <div class=\"box-image box-shadow-2-hover image-cover\" style=\"padding-top:75%;\">\n                <img loading=\"lazy\" decoding=\"async\" width=\"730\" height=\"400\" src=\"https:\/\/hurok.com\/wp-content\/uploads\/2018\/01\/Conrad-Istanbul-Bosphorus-Hilton-5-730x400.jpg\" class=\"attachment-medium size-medium\" alt=\"\" ids=\"21943,21941,21939,21937,21935,21933,21931,21929\" columns=\"3\" depth_hover=\"2\" animate=\"fadeInLeft\" image_height=\"75%\" image_size=\"medium\" srcset=\"https:\/\/hurok.com\/wp-content\/uploads\/2018\/01\/Conrad-Istanbul-Bosphorus-Hilton-5-730x400.jpg 730w, https:\/\/hurok.com\/wp-content\/uploads\/2018\/01\/Conrad-Istanbul-Bosphorus-Hilton-5-768x421.jpg 768w, https:\/\/hurok.com\/wp-content\/uploads\/2018\/01\/Conrad-Istanbul-Bosphorus-Hilton-5.jpg 840w\" sizes=\"auto, (max-width: 730px) 100vw, 730px\" \/>                                  <div class=\"overlay fill\"\n                      style=\"background-color: rgba(0,0,0,.15)\">\n                  <\/div>\n                                                              <\/div>\n              <div class=\"box-text text-left\" >\n                 <p>Conrad Istanbul Bosphorus - Hilton<\/p>\n              <\/div>\n            <\/div>\n            <\/a>          <\/div>\n         <\/div><div class=\"gallery-col col\" data-animate=\"fadeInLeft\">\n          <div class=\"col-inner\">\n            <a class=\"image-lightbox lightbox-gallery\" href=\"https:\/\/hurok.com\/wp-content\/uploads\/2018\/01\/Conrad-Istanbul-Bosphorus-Hilton-5.png\" title=\"Conrad Istanbul Bosphorus - Hilton\">            <div class=\"box has-hover gallery-box box-overlay dark\">\n              <div class=\"box-image box-shadow-2-hover image-cover\" style=\"padding-top:75%;\">\n                <img loading=\"lazy\" decoding=\"async\" width=\"730\" height=\"400\" src=\"https:\/\/hurok.com\/wp-content\/uploads\/2018\/01\/Conrad-Istanbul-Bosphorus-Hilton-5-730x400.png\" class=\"attachment-medium size-medium\" alt=\"\" ids=\"21943,21941,21939,21937,21935,21933,21931,21929\" columns=\"3\" depth_hover=\"2\" animate=\"fadeInLeft\" image_height=\"75%\" image_size=\"medium\" srcset=\"https:\/\/hurok.com\/wp-content\/uploads\/2018\/01\/Conrad-Istanbul-Bosphorus-Hilton-5-730x400.png 730w, https:\/\/hurok.com\/wp-content\/uploads\/2018\/01\/Conrad-Istanbul-Bosphorus-Hilton-5-768x421.png 768w, https:\/\/hurok.com\/wp-content\/uploads\/2018\/01\/Conrad-Istanbul-Bosphorus-Hilton-5.png 1011w\" sizes=\"auto, (max-width: 730px) 100vw, 730px\" \/>                                  <div class=\"overlay fill\"\n                      style=\"background-color: rgba(0,0,0,.15)\">\n                  <\/div>\n                                                              <\/div>\n              <div class=\"box-text text-left\" >\n                 <p>Conrad Istanbul Bosphorus - Hilton<\/p>\n              <\/div>\n            <\/div>\n            <\/a>          <\/div>\n         <\/div><div class=\"gallery-col col\" data-animate=\"fadeInLeft\">\n          <div class=\"col-inner\">\n            <a class=\"image-lightbox lightbox-gallery\" href=\"https:\/\/hurok.com\/wp-content\/uploads\/2018\/01\/Conrad-Istanbul-Bosphorus-Hilton-7-1233x800.png\" title=\"Conrad Istanbul Bosphorus - Hilton\">            <div class=\"box has-hover gallery-box box-overlay dark\">\n              <div class=\"box-image box-shadow-2-hover image-cover\" style=\"padding-top:75%;\">\n                <img loading=\"lazy\" decoding=\"async\" width=\"617\" height=\"400\" src=\"https:\/\/hurok.com\/wp-content\/uploads\/2018\/01\/Conrad-Istanbul-Bosphorus-Hilton-7-617x400.png\" class=\"attachment-medium size-medium\" alt=\"\" ids=\"21943,21941,21939,21937,21935,21933,21931,21929\" columns=\"3\" depth_hover=\"2\" animate=\"fadeInLeft\" image_height=\"75%\" image_size=\"medium\" srcset=\"https:\/\/hurok.com\/wp-content\/uploads\/2018\/01\/Conrad-Istanbul-Bosphorus-Hilton-7-617x400.png 617w, https:\/\/hurok.com\/wp-content\/uploads\/2018\/01\/Conrad-Istanbul-Bosphorus-Hilton-7-768x498.png 768w, https:\/\/hurok.com\/wp-content\/uploads\/2018\/01\/Conrad-Istanbul-Bosphorus-Hilton-7.png 1233w\" sizes=\"auto, (max-width: 617px) 100vw, 617px\" \/>                                  <div class=\"overlay fill\"\n                      style=\"background-color: rgba(0,0,0,.15)\">\n                  <\/div>\n                                                              <\/div>\n              <div class=\"box-text text-left\" >\n                 <p>Conrad Istanbul Bosphorus - Hilton<\/p>\n              <\/div>\n            <\/div>\n            <\/a>          <\/div>\n         <\/div><div class=\"gallery-col col\" data-animate=\"fadeInLeft\">\n          <div class=\"col-inner\">\n            <a class=\"image-lightbox lightbox-gallery\" href=\"https:\/\/hurok.com\/wp-content\/uploads\/2018\/01\/Conrad-Istanbul-Bosphorus-Hilton-1.jpg\" title=\"Conrad Istanbul Bosphorus - Hilton\">            <div class=\"box has-hover gallery-box box-overlay dark\">\n              <div class=\"box-image box-shadow-2-hover image-cover\" style=\"padding-top:75%;\">\n                <img loading=\"lazy\" decoding=\"async\" width=\"730\" height=\"400\" src=\"https:\/\/hurok.com\/wp-content\/uploads\/2018\/01\/Conrad-Istanbul-Bosphorus-Hilton-1-730x400.jpg\" class=\"attachment-medium size-medium\" alt=\"Conrad Istanbul Bosphorus - Hilton\" ids=\"21943,21941,21939,21937,21935,21933,21931,21929\" columns=\"3\" depth_hover=\"2\" animate=\"fadeInLeft\" image_height=\"75%\" image_size=\"medium\" srcset=\"https:\/\/hurok.com\/wp-content\/uploads\/2018\/01\/Conrad-Istanbul-Bosphorus-Hilton-1-730x400.jpg 730w, https:\/\/hurok.com\/wp-content\/uploads\/2018\/01\/Conrad-Istanbul-Bosphorus-Hilton-1-768x421.jpg 768w, https:\/\/hurok.com\/wp-content\/uploads\/2018\/01\/Conrad-Istanbul-Bosphorus-Hilton-1.jpg 840w\" sizes=\"auto, (max-width: 730px) 100vw, 730px\" \/>                                  <div class=\"overlay fill\"\n                      style=\"background-color: rgba(0,0,0,.15)\">\n                  <\/div>\n                                                              <\/div>\n              <div class=\"box-text text-left\" >\n                 <p>Conrad Istanbul Bosphorus - Hilton<\/p>\n              <\/div>\n            <\/div>\n            <\/a>          <\/div>\n         <\/div><div class=\"gallery-col col\" data-animate=\"fadeInLeft\">\n          <div class=\"col-inner\">\n            <a class=\"image-lightbox lightbox-gallery\" href=\"https:\/\/hurok.com\/wp-content\/uploads\/2015\/08\/hurok_logo.png\" title=\"Hurok Marble\">            <div class=\"box has-hover gallery-box box-overlay dark\">\n              <div class=\"box-image box-shadow-2-hover image-cover\" style=\"padding-top:75%;\">\n                <img loading=\"lazy\" decoding=\"async\" width=\"376\" height=\"190\" src=\"https:\/\/hurok.com\/wp-content\/uploads\/2015\/08\/hurok_logo.png\" class=\"attachment-medium size-medium\" alt=\"\" ids=\"21943,21941,21939,21937,21935,21933,21931,21929\" columns=\"3\" depth_hover=\"2\" animate=\"fadeInLeft\" image_height=\"75%\" image_size=\"medium\" \/>                                  <div class=\"overlay fill\"\n                      style=\"background-color: rgba(0,0,0,.15)\">\n                  <\/div>\n                                                              <\/div>\n              <div class=\"box-text text-left\" >\n                 <p>Hurok Marble<\/p>\n              <\/div>\n            <\/div>\n            <\/a>          <\/div>\n         <\/div><div class=\"gallery-col col\" data-animate=\"fadeInLeft\">\n          <div class=\"col-inner\">\n            <a class=\"image-lightbox lightbox-gallery\" href=\"https:\/\/hurok.com\/wp-content\/uploads\/2014\/04\/hurok-building.png\" title=\"Hurok Marble\">            <div class=\"box has-hover gallery-box box-overlay dark\">\n              <div class=\"box-image box-shadow-2-hover image-cover\" style=\"padding-top:75%;\">\n                <img loading=\"lazy\" decoding=\"async\" width=\"800\" height=\"228\" src=\"https:\/\/hurok.com\/wp-content\/uploads\/2014\/04\/hurok-building-800x228.png\" class=\"attachment-medium size-medium\" alt=\"\" ids=\"21943,21941,21939,21937,21935,21933,21931,21929\" columns=\"3\" depth_hover=\"2\" animate=\"fadeInLeft\" image_height=\"75%\" image_size=\"medium\" srcset=\"https:\/\/hurok.com\/wp-content\/uploads\/2014\/04\/hurok-building-800x228.png 800w, https:\/\/hurok.com\/wp-content\/uploads\/2014\/04\/hurok-building-768x219.png 768w, https:\/\/hurok.com\/wp-content\/uploads\/2014\/04\/hurok-building.png 1191w\" sizes=\"auto, (max-width: 800px) 100vw, 800px\" \/>                                  <div class=\"overlay fill\"\n                      style=\"background-color: rgba(0,0,0,.15)\">\n                  <\/div>\n                                                              <\/div>\n              <div class=\"box-text text-left\" >\n                 <p>Hurok Marble<\/p>\n              <\/div>\n            <\/div>\n            <\/a>          <\/div>\n         <\/div><\/div>","protected":false},"excerpt":{"rendered":"<p>Banyo Mermer Modelleri Mermer banyolar bir \u00e7ok insanda &#8220;eski moda ya off ne alaka? \u00e7ok demode&#8221; gibi \u00e7a\u011fr\u0131\u015f\u0131mlar yapabilir ama mermer son y\u0131llarda haketti\u011fi de\u011feri g\u00f6rmeye ba\u015flad\u0131. Mermer deseninin en ba\u015fta modada (\u00e7antalarda, kad\u0131n aksesuarlar\u0131nda,hatta telefon k\u0131l\u0131flar\u0131nda bile), aksesuar ve dekorasyon d\u00fcnyas\u0131nda pop\u00fcler olmas\u0131yla birlikte mermer banyo modelleri pop\u00fclerli\u011fini eline ald\u0131. Ya\u015fam alan\u0131n\u0131z\u0131n havas\u0131n\u0131 bir [&#8230;]","protected":false},"author":1,"featured_media":21933,"parent":0,"menu_order":0,"comment_status":"closed","ping_status":"closed","template":"","meta":{"footnotes":""},"class_list":["post-21928","page","type-page","status-publish","has-post-thumbnail","hentry"],"_links":{"self":[{"href":"https:\/\/hurok.com\/en\/wp-json\/wp\/v2\/pages\/21928","targetHints":{"allow":["GET"]}}],"collection":[{"href":"https:\/\/hurok.com\/en\/wp-json\/wp\/v2\/pages"}],"about":[{"href":"https:\/\/hurok.com\/en\/wp-json\/wp\/v2\/types\/page"}],"author":[{"embeddable":true,"href":"https:\/\/hurok.com\/en\/wp-json\/wp\/v2\/users\/1"}],"replies":[{"embeddable":true,"href":"https:\/\/hurok.com\/en\/wp-json\/wp\/v2\/comments?post=21928"}],"version-history":[{"count":0,"href":"https:\/\/hurok.com\/en\/wp-json\/wp\/v2\/pages\/21928\/revisions"}],"wp:featuredmedia":[{"embeddable":true,"href":"https:\/\/hurok.com\/en\/wp-json\/wp\/v2\/media\/21933"}],"wp:attachment":[{"href":"https:\/\/hurok.com\/en\/wp-json\/wp\/v2\/media?parent=21928"}],"curies":[{"name":"wp","href":"https:\/\/api.w.org\/{rel}","templated":true}]}}