{"id":22359,"date":"2018-01-19T17:53:03","date_gmt":"2018-01-19T14:53:03","guid":{"rendered":"https:\/\/hurok.com\/?page_id=22359\/"},"modified":"2018-01-24T08:50:40","modified_gmt":"2018-01-24T05:50:40","slug":"%d1%81%d0%b2%d1%8f%d0%b7%d1%8c","status":"publish","type":"page","link":"https:\/\/hurok.com\/en\/%d1%81%d0%b2%d1%8f%d0%b7%d1%8c\/","title":{"rendered":"\u041a\u043e\u043d\u0442\u0430\u043a\u0442\u044b"},"content":{"rendered":"<div class=\"row\"  id=\"row-1582240894\">\n\n\t<div id=\"col-1645552759\" class=\"col medium-4 large-4\"  >\n\t\t\t\t<div class=\"col-inner\"  >\n\t\t\t\n\t\t\t\n\t<div class=\"img has-hover x md-x lg-x y md-y lg-y\" id=\"image_436685084\">\n\t\t\t\t\t\t\t\t<div class=\"img-inner dark\" >\n\t\t\t<img loading=\"lazy\" decoding=\"async\" width=\"525\" height=\"340\" src=\"https:\/\/hurok.com\/wp-content\/uploads\/2017\/10\/hurok-building.png\" class=\"attachment-large size-large\" alt=\"\" \/>\t\t\t\t\t\t\n\t\t\t\t\t<\/div>\n\t\t\t\t\t\t\t\t\n<style>\n#image_436685084 {\n  width: 100%;\n}\n<\/style>\n\t<\/div>\n\t\n<p style=\"text-align: right;\"><strong>Organize Sanayi B\u00f6lgesi 1. Cadde No:4 43100 K\u00dcTAHYA<\/strong><\/p>\n\n\t<a class=\"plain\" href=\"tel:\/\/+902165614308\"  >\t<div class=\"icon-box featured-box icon-box-left tooltip text-left\" title=\"+90 216 561 43 08\" >\n\t\t\t\t\t<div class=\"icon-box-img\" style=\"width: 60px\">\n\t\t\t\t<div class=\"icon\">\n\t\t\t\t\t<div class=\"icon-inner\" >\n\t\t\t\t\t\t<img loading=\"lazy\" decoding=\"async\" width=\"64\" height=\"64\" src=\"https:\/\/hurok.com\/wp-content\/uploads\/2017\/12\/speech-bubble.png\" class=\"attachment-medium size-medium\" alt=\"telefon\" \/>\t\t\t\t\t<\/div>\n\t\t\t\t<\/div>\n\t\t\t<\/div>\n\t\t\t\t<div class=\"icon-box-text last-reset\">\n\t\t\t<h5 class=\"uppercase\">\u0442\u0435\u043b\u0435\u0444\u043e\u043d<\/h5>\t\t\t<h6>Hurok Marble \u0437\u0430\u0432\u043e\u0434<\/h6>\t\t\t\n<h3><a href=\"tel:\/\/+902742662201\"><strong>+90 274 266 22 01<\/strong><\/a><\/h3>\n\t\t<\/div>\n\t<\/div>\n\t<\/a>\n\t\n\t<div id=\"gap-214416127\" class=\"gap-element clearfix\" style=\"display:block; height:auto;\">\n\t\t\n<style>\n#gap-214416127 {\n  padding-top: 30px;\n}\n<\/style>\n\t<\/div>\n\t\n\n\t<a class=\"plain\" href=\"tel:\/\/+902742662258\"  >\t<div class=\"icon-box featured-box icon-box-left tooltip text-left\" title=\"+90 274 266 22 58\" >\n\t\t\t\t\t<div class=\"icon-box-img\" style=\"width: 60px\">\n\t\t\t\t<div class=\"icon\">\n\t\t\t\t\t<div class=\"icon-inner\" >\n\t\t\t\t\t\t<img loading=\"lazy\" decoding=\"async\" width=\"64\" height=\"64\" src=\"https:\/\/hurok.com\/wp-content\/uploads\/2017\/12\/printer-.png\" class=\"attachment-medium size-medium\" alt=\"fax\" \/>\t\t\t\t\t<\/div>\n\t\t\t\t<\/div>\n\t\t\t<\/div>\n\t\t\t\t<div class=\"icon-box-text last-reset\">\n\t\t\t<h5 class=\"uppercase\">Fax<\/h5>\t\t\t\t\t\t\n<h3><a href=\"tel:\/\/+90 27426622 58\"><strong>+90 274 266 22 58<\/strong><\/a><\/h3>\n\t\t<\/div>\n\t<\/div>\n\t<\/a>\n\t\n\t<div id=\"gap-657901299\" class=\"gap-element clearfix\" style=\"display:block; height:auto;\">\n\t\t\n<style>\n#gap-657901299 {\n  padding-top: 30px;\n}\n<\/style>\n\t<\/div>\n\t\n\n\t<a class=\"plain\" href=\"mailto:mermer@hurok.com.tr\"  >\t<div class=\"icon-box featured-box icon-box-left tooltip text-left\" title=\"mermer@hurok.com.tr\" >\n\t\t\t\t\t<div class=\"icon-box-img\" style=\"width: 60px\">\n\t\t\t\t<div class=\"icon\">\n\t\t\t\t\t<div class=\"icon-inner\" >\n\t\t\t\t\t\t<img loading=\"lazy\" decoding=\"async\" width=\"64\" height=\"64\" src=\"https:\/\/hurok.com\/wp-content\/uploads\/2017\/12\/envelope.png\" class=\"attachment-medium size-medium\" alt=\"email\" \/>\t\t\t\t\t<\/div>\n\t\t\t\t<\/div>\n\t\t\t<\/div>\n\t\t\t\t<div class=\"icon-box-text last-reset\">\n\t\t\t<h5 class=\"uppercase\">\u042d\u043b. \u043f\u043e\u0447\u0442\u0430<\/h5>\t\t\t\t\t\t\n<p><a href=\"mailto:mermer@hurok.com.tr\">mermer@hurok.com.tr<\/a><\/p>\n\t\t<\/div>\n\t<\/div>\n\t<\/a>\n\t\n\n\t<script type=\"text\/javascript\">\n  jQuery( document ).ready(function() {\n    function initialize() {\n        var styles = {\n            'flatsome':  [{\n            \"featureType\": \"administrative\",\n            \"stylers\": [\n              { \"visibility\": \"on\" }\n            ]\n          },\n          {\n            \"featureType\": \"road\",\n            \"stylers\": [\n              { \"visibility\": \"on\" },\n              { \"hue\": \"\" }\n            ]\n          },\n          {\n            \"stylers\": [\n\t\t\t  { \"visibility\": \"on\" },\n\t\t\t  { \"hue\": \"\" },\n\t\t\t  { \"saturation\": -30 }\n            ]\n          }\n        ]};\n\n        var myLatlng = new google.maps.LatLng(39.3897699, 30.1144753);\n        var myOptions = {\n            zoom: 16,\n            center: myLatlng,\n            mapTypeId: google.maps.MapTypeId.ROADMAP,\n            disableDefaultUI: true,\n            mapTypeId: 'flatsome',\n            draggable: true,\n            zoomControl: false,\n            zoomControlOptions: {\n              position: google.maps.ControlPosition.TOP_LEFT\n            },\n      \t\t\t\/\/ panControl: false,\n            \/\/ panControlOptions: {\n            \/\/   position: google.maps.ControlPosition.TOP_LEFT\n            \/\/ },\n      \t\t\tmapTypeControl: false,\n            mapTypeControlOptions: {\n              position: google.maps.ControlPosition.TOP_LEFT\n            },\n      \t\t\t\/\/ scaleControl: false,\n            \/\/ scaleControlOptions: {\n            \/\/   position: google.maps.ControlPosition.TOP_LEFT\n            \/\/ },\n      \t\t\tstreetViewControl: false,\n            streetViewControlOptions: {\n              position: google.maps.ControlPosition.TOP_LEFT\n            },\n      \t\t\t\/\/ overviewMapControl: false,\n            \/\/ overviewMapControlOptions: {\n            \/\/   position: google.maps.ControlPosition.TOP_LEFT\n            \/\/ },\n            scrollwheel: false,\n            disableDoubleClickZoom: true\n        }\n        var map = new google.maps.Map(document.getElementById(\"map-4087479065-inner\"), myOptions);\n        var styledMapType = new google.maps.StyledMapType(styles['flatsome'], {name: 'flatsome'});\n        map.mapTypes.set('flatsome', styledMapType);\n\n        var marker = new google.maps.Marker({\n            position: myLatlng,\n            map: map,\n            title:\"\"\n        });\n    }\n\n    \/\/ Required to proceed\n    if (!(typeof google === 'object' && typeof google.maps === 'object')) {\n      return\n    }\n\n    initialize()\n    google.maps.event.addDomListener(window, 'resize', initialize);\n    });\n    <\/script>\n\n    <div class=\"google-map relative mb\" id=\"map-4087479065\">\n        <div class=\"map-height\" id=\"map-4087479065-inner\"><\/div>\n        <div id=\"map_overlay_top\"><\/div>\n        <div id=\"map_overlay_bottom\"><\/div>\n         \n       \n<style>\n#map-4087479065 .map-inner {\n  background-color: #fff;\n  max-width: 100%;\n}\n#map-4087479065 .map-height {\n  height: 400px;\n}\n@media (min-width:550px) {\n  #map-4087479065 .map-inner {\n    max-width: 40%;\n  }\n}\n@media (min-width:850px) {\n  #map-4087479065 .map-inner {\n    max-width: 58%;\n  }\n}\n<\/style>\n    <\/div>\n\n\t\n\t\t<\/div>\n\t\t\t\t\t<\/div>\n\n\t\n\n\t<div id=\"col-1155800873\" class=\"col medium-4 large-4\"  >\n\t\t\t\t<div class=\"col-inner\"  >\n\t\t\t\n\t\t\t\n\t<div class=\"img has-hover x md-x lg-x y md-y lg-y\" id=\"image_416051365\">\n\t\t\t\t\t\t\t\t<div class=\"img-inner dark\" >\n\t\t\t<img loading=\"lazy\" decoding=\"async\" width=\"886\" height=\"583\" src=\"https:\/\/hurok.com\/wp-content\/uploads\/2017\/10\/hurok-mermer-istanbul-showroom.png\" class=\"attachment-large size-large\" alt=\"\" srcset=\"https:\/\/hurok.com\/wp-content\/uploads\/2017\/10\/hurok-mermer-istanbul-showroom.png 886w, https:\/\/hurok.com\/wp-content\/uploads\/2017\/10\/hurok-mermer-istanbul-showroom-608x400.png 608w, https:\/\/hurok.com\/wp-content\/uploads\/2017\/10\/hurok-mermer-istanbul-showroom-768x505.png 768w\" sizes=\"auto, (max-width: 886px) 100vw, 886px\" \/>\t\t\t\t\t\t\n\t\t\t\t\t<\/div>\n\t\t\t\t\t\t\t\t\n<style>\n#image_416051365 {\n  width: 100%;\n}\n<\/style>\n\t<\/div>\n\t\n<p style=\"text-align: right;\"><strong>Ayd\u0131nlar Mah. Mermerciler Cad. No:12 \u00c7ekmek\u00f6y ISTANBUL<\/strong><\/p>\n\n\t<a class=\"plain\" href=\"tel:\/\/+902165614308\"  >\t<div class=\"icon-box featured-box icon-box-left tooltip text-left\" title=\"+90 216 561 43 08\" >\n\t\t\t\t\t<div class=\"icon-box-img\" style=\"width: 60px\">\n\t\t\t\t<div class=\"icon\">\n\t\t\t\t\t<div class=\"icon-inner\" >\n\t\t\t\t\t\t<img loading=\"lazy\" decoding=\"async\" width=\"64\" height=\"64\" src=\"https:\/\/hurok.com\/wp-content\/uploads\/2017\/12\/speech-bubble.png\" class=\"attachment-medium size-medium\" alt=\"telefon\" \/>\t\t\t\t\t<\/div>\n\t\t\t\t<\/div>\n\t\t\t<\/div>\n\t\t\t\t<div class=\"icon-box-text last-reset\">\n\t\t\t<h5 class=\"uppercase\">\u0442\u0435\u043b\u0435\u0444\u043e\u043d<\/h5>\t\t\t<h6>Hurok Istanbul \u0432\u044b\u0441\u0442\u0430\u0432\u043e\u0447\u043d\u044b\u0439 \u0437\u0430\u043b<\/h6>\t\t\t\n<h3><a href=\"tel:\/\/+902165614301\">+90 216 561 43 01<\/a><\/h3>\n\t\t<\/div>\n\t<\/div>\n\t<\/a>\n\t\n\t<div id=\"gap-1500772661\" class=\"gap-element clearfix\" style=\"display:block; height:auto;\">\n\t\t\n<style>\n#gap-1500772661 {\n  padding-top: 30px;\n}\n<\/style>\n\t<\/div>\n\t\n\n\t<a class=\"plain\" href=\"tel:\/\/+902742662258\"  >\t<div class=\"icon-box featured-box icon-box-left tooltip text-left\" title=\"+90 274 266 22 58\" >\n\t\t\t\t\t<div class=\"icon-box-img\" style=\"width: 60px\">\n\t\t\t\t<div class=\"icon\">\n\t\t\t\t\t<div class=\"icon-inner\" >\n\t\t\t\t\t\t<img loading=\"lazy\" decoding=\"async\" width=\"64\" height=\"64\" src=\"https:\/\/hurok.com\/wp-content\/uploads\/2017\/12\/printer-.png\" class=\"attachment-medium size-medium\" alt=\"fax\" \/>\t\t\t\t\t<\/div>\n\t\t\t\t<\/div>\n\t\t\t<\/div>\n\t\t\t\t<div class=\"icon-box-text last-reset\">\n\t\t\t<h5 class=\"uppercase\">Fax<\/h5>\t\t\t\t\t\t\n<h3><a href=\"tel:\/\/02165614308\">+90 216 561 43 08<\/a><\/h3>\n\t\t<\/div>\n\t<\/div>\n\t<\/a>\n\t\n\t<div id=\"gap-963756724\" class=\"gap-element clearfix\" style=\"display:block; height:auto;\">\n\t\t\n<style>\n#gap-963756724 {\n  padding-top: 30px;\n}\n<\/style>\n\t<\/div>\n\t\n\n\t<a class=\"plain\" href=\"mailto:mermer@hurok.com.tr\"  >\t<div class=\"icon-box featured-box icon-box-left tooltip text-left\" title=\"mermer@hurok.com.tr\" >\n\t\t\t\t\t<div class=\"icon-box-img\" style=\"width: 60px\">\n\t\t\t\t<div class=\"icon\">\n\t\t\t\t\t<div class=\"icon-inner\" >\n\t\t\t\t\t\t<img loading=\"lazy\" decoding=\"async\" width=\"64\" height=\"64\" src=\"https:\/\/hurok.com\/wp-content\/uploads\/2017\/12\/envelope.png\" class=\"attachment-medium size-medium\" alt=\"email\" \/>\t\t\t\t\t<\/div>\n\t\t\t\t<\/div>\n\t\t\t<\/div>\n\t\t\t\t<div class=\"icon-box-text last-reset\">\n\t\t\t<h5 class=\"uppercase\">\u042d\u043b. \u043f\u043e\u0447\u0442\u0430<\/h5>\t\t\t\t\t\t\n<p><a href=\"mailto:istanbul@hurok.com.tr\">istanbul@hurok.com.tr<\/a><\/p>\n\t\t<\/div>\n\t<\/div>\n\t<\/a>\n\t\n\n\t<script type=\"text\/javascript\">\n  jQuery( document ).ready(function() {\n    function initialize() {\n        var styles = {\n            'flatsome':  [{\n            \"featureType\": \"administrative\",\n            \"stylers\": [\n              { \"visibility\": \"on\" }\n            ]\n          },\n          {\n            \"featureType\": \"road\",\n            \"stylers\": [\n              { \"visibility\": \"on\" },\n              { \"hue\": \"\" }\n            ]\n          },\n          {\n            \"stylers\": [\n\t\t\t  { \"visibility\": \"on\" },\n\t\t\t  { \"hue\": \"\" },\n\t\t\t  { \"saturation\": -30 }\n            ]\n          }\n        ]};\n\n        var myLatlng = new google.maps.LatLng(41.018456, 29.2342813);\n        var myOptions = {\n            zoom: 16,\n            center: myLatlng,\n            mapTypeId: google.maps.MapTypeId.ROADMAP,\n            disableDefaultUI: true,\n            mapTypeId: 'flatsome',\n            draggable: true,\n            zoomControl: false,\n            zoomControlOptions: {\n              position: google.maps.ControlPosition.TOP_LEFT\n            },\n      \t\t\t\/\/ panControl: false,\n            \/\/ panControlOptions: {\n            \/\/   position: google.maps.ControlPosition.TOP_LEFT\n            \/\/ },\n      \t\t\tmapTypeControl: false,\n            mapTypeControlOptions: {\n              position: google.maps.ControlPosition.TOP_LEFT\n            },\n      \t\t\t\/\/ scaleControl: false,\n            \/\/ scaleControlOptions: {\n            \/\/   position: google.maps.ControlPosition.TOP_LEFT\n            \/\/ },\n      \t\t\tstreetViewControl: false,\n            streetViewControlOptions: {\n              position: google.maps.ControlPosition.TOP_LEFT\n            },\n      \t\t\t\/\/ overviewMapControl: false,\n            \/\/ overviewMapControlOptions: {\n            \/\/   position: google.maps.ControlPosition.TOP_LEFT\n            \/\/ },\n            scrollwheel: false,\n            disableDoubleClickZoom: true\n        }\n        var map = new google.maps.Map(document.getElementById(\"map-299803732-inner\"), myOptions);\n        var styledMapType = new google.maps.StyledMapType(styles['flatsome'], {name: 'flatsome'});\n        map.mapTypes.set('flatsome', styledMapType);\n\n        var marker = new google.maps.Marker({\n            position: myLatlng,\n            map: map,\n            title:\"\"\n        });\n    }\n\n    \/\/ Required to proceed\n    if (!(typeof google === 'object' && typeof google.maps === 'object')) {\n      return\n    }\n\n    initialize()\n    google.maps.event.addDomListener(window, 'resize', initialize);\n    });\n    <\/script>\n\n    <div class=\"google-map relative mb\" id=\"map-299803732\">\n        <div class=\"map-height\" id=\"map-299803732-inner\"><\/div>\n        <div id=\"map_overlay_top\"><\/div>\n        <div id=\"map_overlay_bottom\"><\/div>\n         \n       \n<style>\n#map-299803732 .map-inner {\n  background-color: #fff;\n  max-width: 100%;\n}\n#map-299803732 .map-height {\n  height: 400px;\n}\n@media (min-width:550px) {\n  #map-299803732 .map-inner {\n    max-width: 40%;\n  }\n}\n@media (min-width:850px) {\n  #map-299803732 .map-inner {\n    max-width: 58%;\n  }\n}\n<\/style>\n    <\/div>\n\n\t\n\t\t<\/div>\n\t\t\t\t\t<\/div>\n\n\t\n\n\t<div id=\"col-673255949\" class=\"col medium-4 large-4\"  >\n\t\t\t\t<div class=\"col-inner\"  >\n\t\t\t\n\t\t\t\n\t<div class=\"img has-hover x md-x lg-x y md-y lg-y\" id=\"image_1775349162\">\n\t\t\t\t\t\t\t\t<div class=\"img-inner dark\" >\n\t\t\t<img loading=\"lazy\" decoding=\"async\" width=\"886\" height=\"587\" src=\"https:\/\/hurok.com\/wp-content\/uploads\/2017\/10\/hurok-mermer-amerika-subesi-12.png\" class=\"attachment-large size-large\" alt=\"\" srcset=\"https:\/\/hurok.com\/wp-content\/uploads\/2017\/10\/hurok-mermer-amerika-subesi-12.png 886w, https:\/\/hurok.com\/wp-content\/uploads\/2017\/10\/hurok-mermer-amerika-subesi-12-604x400.png 604w, https:\/\/hurok.com\/wp-content\/uploads\/2017\/10\/hurok-mermer-amerika-subesi-12-768x509.png 768w\" sizes=\"auto, (max-width: 886px) 100vw, 886px\" \/>\t\t\t\t\t\t\n\t\t\t\t\t<\/div>\n\t\t\t\t\t\t\t\t\n<style>\n#image_1775349162 {\n  width: 100%;\n}\n<\/style>\n\t<\/div>\n\t\n<p style=\"text-align: right;\"><strong>2022 W. Atlantic Blvd.<\/strong><br \/>\n<strong>Pompano Beach, FL<\/strong><br \/>\n<strong>33069 USA<\/strong><\/p>\n\n\t<a class=\"plain\" href=\"tel:\/\/+902165614308\"  >\t<div class=\"icon-box featured-box icon-box-left tooltip text-left\" title=\"+90 216 561 43 08\" >\n\t\t\t\t\t<div class=\"icon-box-img\" style=\"width: 60px\">\n\t\t\t\t<div class=\"icon\">\n\t\t\t\t\t<div class=\"icon-inner\" >\n\t\t\t\t\t\t<img loading=\"lazy\" decoding=\"async\" width=\"64\" height=\"64\" src=\"https:\/\/hurok.com\/wp-content\/uploads\/2017\/12\/speech-bubble.png\" class=\"attachment-medium size-medium\" alt=\"telefon\" \/>\t\t\t\t\t<\/div>\n\t\t\t\t<\/div>\n\t\t\t<\/div>\n\t\t\t\t<div class=\"icon-box-text last-reset\">\n\t\t\t<h5 class=\"uppercase\">\u0442\u0435\u043b\u0435\u0444\u043e\u043d<\/h5>\t\t\t<h6>Atlantic Stone Source<\/h6>\t\t\t\n<h3><a href=\"tel:\/\/+19549774876\">+1 954 977 4876<\/a><\/h3>\n\t\t<\/div>\n\t<\/div>\n\t<\/a>\n\t\n\t<div id=\"gap-1605441519\" class=\"gap-element clearfix\" style=\"display:block; height:auto;\">\n\t\t\n<style>\n#gap-1605441519 {\n  padding-top: 30px;\n}\n<\/style>\n\t<\/div>\n\t\n\n\t<a class=\"plain\" href=\"tel:\/\/+902742662258\"  >\t<div class=\"icon-box featured-box icon-box-left tooltip text-left\" title=\"+90 274 266 22 58\" >\n\t\t\t\t\t<div class=\"icon-box-img\" style=\"width: 60px\">\n\t\t\t\t<div class=\"icon\">\n\t\t\t\t\t<div class=\"icon-inner\" >\n\t\t\t\t\t\t<img loading=\"lazy\" decoding=\"async\" width=\"64\" height=\"64\" src=\"https:\/\/hurok.com\/wp-content\/uploads\/2017\/12\/printer-.png\" class=\"attachment-medium size-medium\" alt=\"fax\" \/>\t\t\t\t\t<\/div>\n\t\t\t\t<\/div>\n\t\t\t<\/div>\n\t\t\t\t<div class=\"icon-box-text last-reset\">\n\t\t\t<h5 class=\"uppercase\">Fax<\/h5>\t\t\t\t\t\t\n<h3>+1 954 977 4849<\/h3>\n\t\t<\/div>\n\t<\/div>\n\t<\/a>\n\t\n\t<div id=\"gap-83653194\" class=\"gap-element clearfix\" style=\"display:block; height:auto;\">\n\t\t\n<style>\n#gap-83653194 {\n  padding-top: 30px;\n}\n<\/style>\n\t<\/div>\n\t\n\n\t<a class=\"plain\" href=\"mailto:mermer@hurok.com.tr\"  >\t<div class=\"icon-box featured-box icon-box-left tooltip text-left\" title=\"mermer@hurok.com.tr\" >\n\t\t\t\t\t<div class=\"icon-box-img\" style=\"width: 60px\">\n\t\t\t\t<div class=\"icon\">\n\t\t\t\t\t<div class=\"icon-inner\" >\n\t\t\t\t\t\t<img loading=\"lazy\" decoding=\"async\" width=\"64\" height=\"64\" src=\"https:\/\/hurok.com\/wp-content\/uploads\/2017\/12\/envelope.png\" class=\"attachment-medium size-medium\" alt=\"email\" \/>\t\t\t\t\t<\/div>\n\t\t\t\t<\/div>\n\t\t\t<\/div>\n\t\t\t\t<div class=\"icon-box-text last-reset\">\n\t\t\t<h5 class=\"uppercase\">\u042d\u043b. \u043f\u043e\u0447\u0442\u0430<\/h5>\t\t\t\t\t\t\n<p><a href=\"mailto:miami@hurok.com\">miami@hurok.com<\/a><\/p>\n\t\t<\/div>\n\t<\/div>\n\t<\/a>\n\t\n\n\t<script type=\"text\/javascript\">\n  jQuery( document ).ready(function() {\n    function initialize() {\n        var styles = {\n            'flatsome':  [{\n            \"featureType\": \"administrative\",\n            \"stylers\": [\n              { \"visibility\": \"on\" }\n            ]\n          },\n          {\n            \"featureType\": \"road\",\n            \"stylers\": [\n              { \"visibility\": \"on\" },\n              { \"hue\": \"\" }\n            ]\n          },\n          {\n            \"stylers\": [\n\t\t\t  { \"visibility\": \"on\" },\n\t\t\t  { \"hue\": \"\" },\n\t\t\t  { \"saturation\": -30 }\n            ]\n          }\n        ]};\n\n        var myLatlng = new google.maps.LatLng(26.2304093, -80.1522907);\n        var myOptions = {\n            zoom: 16,\n            center: myLatlng,\n            mapTypeId: google.maps.MapTypeId.ROADMAP,\n            disableDefaultUI: true,\n            mapTypeId: 'flatsome',\n            draggable: true,\n            zoomControl: false,\n            zoomControlOptions: {\n              position: google.maps.ControlPosition.TOP_LEFT\n            },\n      \t\t\t\/\/ panControl: false,\n            \/\/ panControlOptions: {\n            \/\/   position: google.maps.ControlPosition.TOP_LEFT\n            \/\/ },\n      \t\t\tmapTypeControl: false,\n            mapTypeControlOptions: {\n              position: google.maps.ControlPosition.TOP_LEFT\n            },\n      \t\t\t\/\/ scaleControl: false,\n            \/\/ scaleControlOptions: {\n            \/\/   position: google.maps.ControlPosition.TOP_LEFT\n            \/\/ },\n      \t\t\tstreetViewControl: false,\n            streetViewControlOptions: {\n              position: google.maps.ControlPosition.TOP_LEFT\n            },\n      \t\t\t\/\/ overviewMapControl: false,\n            \/\/ overviewMapControlOptions: {\n            \/\/   position: google.maps.ControlPosition.TOP_LEFT\n            \/\/ },\n            scrollwheel: false,\n            disableDoubleClickZoom: true\n        }\n        var map = new google.maps.Map(document.getElementById(\"map-3570428237-inner\"), myOptions);\n        var styledMapType = new google.maps.StyledMapType(styles['flatsome'], {name: 'flatsome'});\n        map.mapTypes.set('flatsome', styledMapType);\n\n        var marker = new google.maps.Marker({\n            position: myLatlng,\n            map: map,\n            title:\"\"\n        });\n    }\n\n    \/\/ Required to proceed\n    if (!(typeof google === 'object' && typeof google.maps === 'object')) {\n      return\n    }\n\n    initialize()\n    google.maps.event.addDomListener(window, 'resize', initialize);\n    });\n    <\/script>\n\n    <div class=\"google-map relative mb\" id=\"map-3570428237\">\n        <div class=\"map-height\" id=\"map-3570428237-inner\"><\/div>\n        <div id=\"map_overlay_top\"><\/div>\n        <div id=\"map_overlay_bottom\"><\/div>\n         \n       \n<style>\n#map-3570428237 .map-inner {\n  background-color: #fff;\n  max-width: 100%;\n}\n#map-3570428237 .map-height {\n  height: 400px;\n}\n@media (min-width:550px) {\n  #map-3570428237 .map-inner {\n    max-width: 40%;\n  }\n}\n@media (min-width:850px) {\n  #map-3570428237 .map-inner {\n    max-width: 58%;\n  }\n}\n<\/style>\n    <\/div>\n\n\t\n\t\t<\/div>\n\t\t\t\t\t<\/div>\n\n\t\n<\/div>","protected":false},"excerpt":{"rendered":"","protected":false},"author":1,"featured_media":0,"parent":0,"menu_order":0,"comment_status":"closed","ping_status":"closed","template":"","meta":{"footnotes":""},"class_list":["post-22359","page","type-page","status-publish","hentry"],"_links":{"self":[{"href":"https:\/\/hurok.com\/en\/wp-json\/wp\/v2\/pages\/22359","targetHints":{"allow":["GET"]}}],"collection":[{"href":"https:\/\/hurok.com\/en\/wp-json\/wp\/v2\/pages"}],"about":[{"href":"https:\/\/hurok.com\/en\/wp-json\/wp\/v2\/types\/page"}],"author":[{"embeddable":true,"href":"https:\/\/hurok.com\/en\/wp-json\/wp\/v2\/users\/1"}],"replies":[{"embeddable":true,"href":"https:\/\/hurok.com\/en\/wp-json\/wp\/v2\/comments?post=22359"}],"version-history":[{"count":0,"href":"https:\/\/hurok.com\/en\/wp-json\/wp\/v2\/pages\/22359\/revisions"}],"wp:attachment":[{"href":"https:\/\/hurok.com\/en\/wp-json\/wp\/v2\/media?parent=22359"}],"curies":[{"name":"wp","href":"https:\/\/api.w.org\/{rel}","templated":true}]}}