{"id":24098,"date":"2018-03-19T13:17:29","date_gmt":"2018-03-19T10:17:29","guid":{"rendered":"https:\/\/hurok.com\/?page_id=24098\/"},"modified":"2018-04-04T11:13:05","modified_gmt":"2018-04-04T08:13:05","slug":"bej-mermer","status":"publish","type":"page","link":"https:\/\/hurok.com\/en\/bej-mermer\/","title":{"rendered":"Bej Mermer"},"content":{"rendered":"<div class=\"row large-columns-3 medium-columns- small-columns-2\">\n  <div class=\"gallery-col col\" >\n          <div class=\"col-inner\">\n            <a class=\"image-lightbox lightbox-gallery\" href=\"https:\/\/hurok.com\/wp-content\/uploads\/2018\/01\/Conrad-Istanbul-Bosphorus-Hilton-6-1400x788.png\" title=\"Conrad Istanbul Bosphorus - Hilton\">            <div class=\"box has-hover gallery-box box-overlay dark\">\n              <div class=\"box-image image-cover\" style=\"padding-top:75%;\">\n                <img loading=\"lazy\" decoding=\"async\" width=\"711\" height=\"400\" src=\"https:\/\/hurok.com\/wp-content\/uploads\/2018\/01\/Conrad-Istanbul-Bosphorus-Hilton-6-711x400.png\" class=\"attachment-medium size-medium\" alt=\"\" ids=\"20199,19299,20211,17593,17558,20204,20203,19369,19352,20212,22093,20205,20097\" columns=\"3\" image_height=\"75%\" srcset=\"https:\/\/hurok.com\/wp-content\/uploads\/2018\/01\/Conrad-Istanbul-Bosphorus-Hilton-6-711x400.png 711w, https:\/\/hurok.com\/wp-content\/uploads\/2018\/01\/Conrad-Istanbul-Bosphorus-Hilton-6-768x432.png 768w, https:\/\/hurok.com\/wp-content\/uploads\/2018\/01\/Conrad-Istanbul-Bosphorus-Hilton-6.png 1400w\" sizes=\"auto, (max-width: 711px) 100vw, 711px\" \/>                                  <div class=\"overlay fill\"\n                      style=\"background-color: rgba(0,0,0,.15)\">\n                  <\/div>\n                                                              <\/div>\n              <div class=\"box-text text-left\" >\n                 <p>Conrad Istanbul Bosphorus - Hilton<\/p>\n              <\/div>\n            <\/div>\n            <\/a>          <\/div>\n         <\/div><div class=\"gallery-col col\" >\n          <div class=\"col-inner\">\n            <a class=\"image-lightbox lightbox-gallery\" href=\"https:\/\/hurok.com\/wp-content\/uploads\/2018\/01\/Conrad-Istanbul-Bosphorus-Hilton-2.jpg\" title=\"Conrad Istanbul Bosphorus - Hilton\">            <div class=\"box has-hover gallery-box box-overlay dark\">\n              <div class=\"box-image image-cover\" style=\"padding-top:75%;\">\n                <img loading=\"lazy\" decoding=\"async\" width=\"730\" height=\"400\" src=\"https:\/\/hurok.com\/wp-content\/uploads\/2018\/01\/Conrad-Istanbul-Bosphorus-Hilton-2-730x400.jpg\" class=\"attachment-medium size-medium\" alt=\"\" ids=\"20199,19299,20211,17593,17558,20204,20203,19369,19352,20212,22093,20205,20097\" columns=\"3\" image_height=\"75%\" srcset=\"https:\/\/hurok.com\/wp-content\/uploads\/2018\/01\/Conrad-Istanbul-Bosphorus-Hilton-2-730x400.jpg 730w, https:\/\/hurok.com\/wp-content\/uploads\/2018\/01\/Conrad-Istanbul-Bosphorus-Hilton-2-768x421.jpg 768w, https:\/\/hurok.com\/wp-content\/uploads\/2018\/01\/Conrad-Istanbul-Bosphorus-Hilton-2.jpg 840w\" sizes=\"auto, (max-width: 730px) 100vw, 730px\" \/>                                  <div class=\"overlay fill\"\n                      style=\"background-color: rgba(0,0,0,.15)\">\n                  <\/div>\n                                                              <\/div>\n              <div class=\"box-text text-left\" >\n                 <p>Conrad Istanbul Bosphorus - Hilton<\/p>\n              <\/div>\n            <\/div>\n            <\/a>          <\/div>\n         <\/div><div class=\"gallery-col col\" >\n          <div class=\"col-inner\">\n            <a class=\"image-lightbox lightbox-gallery\" href=\"https:\/\/hurok.com\/wp-content\/uploads\/2018\/01\/Conrad-Istanbul-Bosphorus-Hilton-5.jpg\" title=\"Conrad Istanbul Bosphorus - Hilton\">            <div class=\"box has-hover gallery-box box-overlay dark\">\n              <div class=\"box-image image-cover\" style=\"padding-top:75%;\">\n                <img loading=\"lazy\" decoding=\"async\" width=\"730\" height=\"400\" src=\"https:\/\/hurok.com\/wp-content\/uploads\/2018\/01\/Conrad-Istanbul-Bosphorus-Hilton-5-730x400.jpg\" class=\"attachment-medium size-medium\" alt=\"\" ids=\"20199,19299,20211,17593,17558,20204,20203,19369,19352,20212,22093,20205,20097\" columns=\"3\" image_height=\"75%\" srcset=\"https:\/\/hurok.com\/wp-content\/uploads\/2018\/01\/Conrad-Istanbul-Bosphorus-Hilton-5-730x400.jpg 730w, https:\/\/hurok.com\/wp-content\/uploads\/2018\/01\/Conrad-Istanbul-Bosphorus-Hilton-5-768x421.jpg 768w, https:\/\/hurok.com\/wp-content\/uploads\/2018\/01\/Conrad-Istanbul-Bosphorus-Hilton-5.jpg 840w\" sizes=\"auto, (max-width: 730px) 100vw, 730px\" \/>                                  <div class=\"overlay fill\"\n                      style=\"background-color: rgba(0,0,0,.15)\">\n                  <\/div>\n                                                              <\/div>\n              <div class=\"box-text text-left\" >\n                 <p>Conrad Istanbul Bosphorus - Hilton<\/p>\n              <\/div>\n            <\/div>\n            <\/a>          <\/div>\n         <\/div><div class=\"gallery-col col\" >\n          <div class=\"col-inner\">\n            <a class=\"image-lightbox lightbox-gallery\" href=\"https:\/\/hurok.com\/wp-content\/uploads\/2018\/01\/Conrad-Istanbul-Bosphorus-Hilton-5.png\" title=\"Conrad Istanbul Bosphorus - Hilton\">            <div class=\"box has-hover gallery-box box-overlay dark\">\n              <div class=\"box-image image-cover\" style=\"padding-top:75%;\">\n                <img loading=\"lazy\" decoding=\"async\" width=\"730\" height=\"400\" src=\"https:\/\/hurok.com\/wp-content\/uploads\/2018\/01\/Conrad-Istanbul-Bosphorus-Hilton-5-730x400.png\" class=\"attachment-medium size-medium\" alt=\"\" ids=\"20199,19299,20211,17593,17558,20204,20203,19369,19352,20212,22093,20205,20097\" columns=\"3\" image_height=\"75%\" srcset=\"https:\/\/hurok.com\/wp-content\/uploads\/2018\/01\/Conrad-Istanbul-Bosphorus-Hilton-5-730x400.png 730w, https:\/\/hurok.com\/wp-content\/uploads\/2018\/01\/Conrad-Istanbul-Bosphorus-Hilton-5-768x421.png 768w, https:\/\/hurok.com\/wp-content\/uploads\/2018\/01\/Conrad-Istanbul-Bosphorus-Hilton-5.png 1011w\" sizes=\"auto, (max-width: 730px) 100vw, 730px\" \/>                                  <div class=\"overlay fill\"\n                      style=\"background-color: rgba(0,0,0,.15)\">\n                  <\/div>\n                                                              <\/div>\n              <div class=\"box-text text-left\" >\n                 <p>Conrad Istanbul Bosphorus - Hilton<\/p>\n              <\/div>\n            <\/div>\n            <\/a>          <\/div>\n         <\/div><div class=\"gallery-col col\" >\n          <div class=\"col-inner\">\n            <a class=\"image-lightbox lightbox-gallery\" href=\"https:\/\/hurok.com\/wp-content\/uploads\/2018\/01\/Conrad-Istanbul-Bosphorus-Hilton-7-1233x800.png\" title=\"Conrad Istanbul Bosphorus - Hilton\">            <div class=\"box has-hover gallery-box box-overlay dark\">\n              <div class=\"box-image image-cover\" style=\"padding-top:75%;\">\n                <img loading=\"lazy\" decoding=\"async\" width=\"617\" height=\"400\" src=\"https:\/\/hurok.com\/wp-content\/uploads\/2018\/01\/Conrad-Istanbul-Bosphorus-Hilton-7-617x400.png\" class=\"attachment-medium size-medium\" alt=\"\" ids=\"20199,19299,20211,17593,17558,20204,20203,19369,19352,20212,22093,20205,20097\" columns=\"3\" image_height=\"75%\" srcset=\"https:\/\/hurok.com\/wp-content\/uploads\/2018\/01\/Conrad-Istanbul-Bosphorus-Hilton-7-617x400.png 617w, https:\/\/hurok.com\/wp-content\/uploads\/2018\/01\/Conrad-Istanbul-Bosphorus-Hilton-7-768x498.png 768w, https:\/\/hurok.com\/wp-content\/uploads\/2018\/01\/Conrad-Istanbul-Bosphorus-Hilton-7.png 1233w\" sizes=\"auto, (max-width: 617px) 100vw, 617px\" \/>                                  <div class=\"overlay fill\"\n                      style=\"background-color: rgba(0,0,0,.15)\">\n                  <\/div>\n                                                              <\/div>\n              <div class=\"box-text text-left\" >\n                 <p>Conrad Istanbul Bosphorus - Hilton<\/p>\n              <\/div>\n            <\/div>\n            <\/a>          <\/div>\n         <\/div><div class=\"gallery-col col\" >\n          <div class=\"col-inner\">\n            <a class=\"image-lightbox lightbox-gallery\" href=\"https:\/\/hurok.com\/wp-content\/uploads\/2018\/01\/Conrad-Istanbul-Bosphorus-Hilton-1.jpg\" title=\"Conrad Istanbul Bosphorus - Hilton\">            <div class=\"box has-hover gallery-box box-overlay dark\">\n              <div class=\"box-image image-cover\" style=\"padding-top:75%;\">\n                <img loading=\"lazy\" decoding=\"async\" width=\"730\" height=\"400\" src=\"https:\/\/hurok.com\/wp-content\/uploads\/2018\/01\/Conrad-Istanbul-Bosphorus-Hilton-1-730x400.jpg\" class=\"attachment-medium size-medium\" alt=\"Conrad Istanbul Bosphorus - Hilton\" ids=\"20199,19299,20211,17593,17558,20204,20203,19369,19352,20212,22093,20205,20097\" columns=\"3\" image_height=\"75%\" srcset=\"https:\/\/hurok.com\/wp-content\/uploads\/2018\/01\/Conrad-Istanbul-Bosphorus-Hilton-1-730x400.jpg 730w, https:\/\/hurok.com\/wp-content\/uploads\/2018\/01\/Conrad-Istanbul-Bosphorus-Hilton-1-768x421.jpg 768w, https:\/\/hurok.com\/wp-content\/uploads\/2018\/01\/Conrad-Istanbul-Bosphorus-Hilton-1.jpg 840w\" sizes=\"auto, (max-width: 730px) 100vw, 730px\" \/>                                  <div class=\"overlay fill\"\n                      style=\"background-color: rgba(0,0,0,.15)\">\n                  <\/div>\n                                                              <\/div>\n              <div class=\"box-text text-left\" >\n                 <p>Conrad Istanbul Bosphorus - Hilton<\/p>\n              <\/div>\n            <\/div>\n            <\/a>          <\/div>\n         <\/div><div class=\"gallery-col col\" >\n          <div class=\"col-inner\">\n            <a class=\"image-lightbox lightbox-gallery\" href=\"https:\/\/hurok.com\/wp-content\/uploads\/2015\/08\/hurok_logo.png\" title=\"Hurok Marble\">            <div class=\"box has-hover gallery-box box-overlay dark\">\n              <div class=\"box-image image-cover\" style=\"padding-top:75%;\">\n                <img loading=\"lazy\" decoding=\"async\" width=\"376\" height=\"190\" src=\"https:\/\/hurok.com\/wp-content\/uploads\/2015\/08\/hurok_logo.png\" class=\"attachment-medium size-medium\" alt=\"\" ids=\"20199,19299,20211,17593,17558,20204,20203,19369,19352,20212,22093,20205,20097\" columns=\"3\" image_height=\"75%\" \/>                                  <div class=\"overlay fill\"\n                      style=\"background-color: rgba(0,0,0,.15)\">\n                  <\/div>\n                                                              <\/div>\n              <div class=\"box-text text-left\" >\n                 <p>Hurok Marble<\/p>\n              <\/div>\n            <\/div>\n            <\/a>          <\/div>\n         <\/div><div class=\"gallery-col col\" >\n          <div class=\"col-inner\">\n            <a class=\"image-lightbox lightbox-gallery\" href=\"https:\/\/hurok.com\/wp-content\/uploads\/2014\/04\/hurok-building.png\" title=\"Hurok Marble\">            <div class=\"box has-hover gallery-box box-overlay dark\">\n              <div class=\"box-image image-cover\" style=\"padding-top:75%;\">\n                <img loading=\"lazy\" decoding=\"async\" width=\"800\" height=\"228\" src=\"https:\/\/hurok.com\/wp-content\/uploads\/2014\/04\/hurok-building-800x228.png\" class=\"attachment-medium size-medium\" alt=\"\" ids=\"20199,19299,20211,17593,17558,20204,20203,19369,19352,20212,22093,20205,20097\" columns=\"3\" image_height=\"75%\" srcset=\"https:\/\/hurok.com\/wp-content\/uploads\/2014\/04\/hurok-building-800x228.png 800w, https:\/\/hurok.com\/wp-content\/uploads\/2014\/04\/hurok-building-768x219.png 768w, https:\/\/hurok.com\/wp-content\/uploads\/2014\/04\/hurok-building.png 1191w\" sizes=\"auto, (max-width: 800px) 100vw, 800px\" \/>                                  <div class=\"overlay fill\"\n                      style=\"background-color: rgba(0,0,0,.15)\">\n                  <\/div>\n                                                              <\/div>\n              <div class=\"box-text text-left\" >\n                 <p>Hurok Marble<\/p>\n              <\/div>\n            <\/div>\n            <\/a>          <\/div>\n         <\/div><div class=\"gallery-col col\" >\n          <div class=\"col-inner\">\n            <a class=\"image-lightbox lightbox-gallery\" href=\"https:\/\/hurok.com\/wp-content\/uploads\/2015\/08\/hurok_logo.png\" title=\"Hurok Marble\">            <div class=\"box has-hover gallery-box box-overlay dark\">\n              <div class=\"box-image image-cover\" style=\"padding-top:75%;\">\n                <img loading=\"lazy\" decoding=\"async\" width=\"376\" height=\"190\" src=\"https:\/\/hurok.com\/wp-content\/uploads\/2015\/08\/hurok_logo.png\" class=\"attachment-medium size-medium\" alt=\"\" ids=\"20199,19299,20211,17593,17558,20204,20203,19369,19352,20212,22093,20205,20097\" columns=\"3\" image_height=\"75%\" \/>                                  <div class=\"overlay fill\"\n                      style=\"background-color: rgba(0,0,0,.15)\">\n                  <\/div>\n                                                              <\/div>\n              <div class=\"box-text text-left\" >\n                 <p>Hurok Marble<\/p>\n              <\/div>\n            <\/div>\n            <\/a>          <\/div>\n         <\/div><div class=\"gallery-col col\" >\n          <div class=\"col-inner\">\n            <a class=\"image-lightbox lightbox-gallery\" href=\"https:\/\/hurok.com\/wp-content\/uploads\/2014\/04\/hurok-building.png\" title=\"Hurok Marble\">            <div class=\"box has-hover gallery-box box-overlay dark\">\n              <div class=\"box-image image-cover\" style=\"padding-top:75%;\">\n                <img loading=\"lazy\" decoding=\"async\" width=\"800\" height=\"228\" src=\"https:\/\/hurok.com\/wp-content\/uploads\/2014\/04\/hurok-building-800x228.png\" class=\"attachment-medium size-medium\" alt=\"\" ids=\"20199,19299,20211,17593,17558,20204,20203,19369,19352,20212,22093,20205,20097\" columns=\"3\" image_height=\"75%\" srcset=\"https:\/\/hurok.com\/wp-content\/uploads\/2014\/04\/hurok-building-800x228.png 800w, https:\/\/hurok.com\/wp-content\/uploads\/2014\/04\/hurok-building-768x219.png 768w, https:\/\/hurok.com\/wp-content\/uploads\/2014\/04\/hurok-building.png 1191w\" sizes=\"auto, (max-width: 800px) 100vw, 800px\" \/>                                  <div class=\"overlay fill\"\n                      style=\"background-color: rgba(0,0,0,.15)\">\n                  <\/div>\n                                                              <\/div>\n              <div class=\"box-text text-left\" >\n                 <p>Hurok Marble<\/p>\n              <\/div>\n            <\/div>\n            <\/a>          <\/div>\n         <\/div><div class=\"gallery-col col\" >\n          <div class=\"col-inner\">\n            <a class=\"image-lightbox lightbox-gallery\" href=\"https:\/\/hurok.com\/wp-content\/uploads\/2017\/12\/silver-grey-mermer-797x800.jpg\" title=\"Silver Grey\">            <div class=\"box has-hover gallery-box box-overlay dark\">\n              <div class=\"box-image image-cover\" style=\"padding-top:75%;\">\n                <img loading=\"lazy\" decoding=\"async\" width=\"398\" height=\"400\" src=\"https:\/\/hurok.com\/wp-content\/uploads\/2017\/12\/silver-grey-mermer-398x400.jpg\" class=\"attachment-medium size-medium\" alt=\"\" ids=\"20199,19299,20211,17593,17558,20204,20203,19369,19352,20212,22093,20205,20097\" columns=\"3\" image_height=\"75%\" srcset=\"https:\/\/hurok.com\/wp-content\/uploads\/2017\/12\/silver-grey-mermer-398x400.jpg 398w, https:\/\/hurok.com\/wp-content\/uploads\/2017\/12\/silver-grey-mermer-280x280.jpg 280w, https:\/\/hurok.com\/wp-content\/uploads\/2017\/12\/silver-grey-mermer-768x771.jpg 768w, https:\/\/hurok.com\/wp-content\/uploads\/2017\/12\/silver-grey-mermer.jpg 797w\" sizes=\"auto, (max-width: 398px) 100vw, 398px\" \/>                                  <div class=\"overlay fill\"\n                      style=\"background-color: rgba(0,0,0,.15)\">\n                  <\/div>\n                                                              <\/div>\n              <div class=\"box-text text-left\" >\n                 <p>Silver Grey<\/p>\n              <\/div>\n            <\/div>\n            <\/a>          <\/div>\n         <\/div><div class=\"gallery-col col\" >\n          <div class=\"col-inner\">\n            <a class=\"image-lightbox lightbox-gallery\" href=\"https:\/\/hurok.com\/wp-content\/uploads\/2017\/12\/silver-grey-mermer-797x800.jpg\" title=\"Silver Grey\">            <div class=\"box has-hover gallery-box box-overlay dark\">\n              <div class=\"box-image image-cover\" style=\"padding-top:75%;\">\n                <img loading=\"lazy\" decoding=\"async\" width=\"398\" height=\"400\" src=\"https:\/\/hurok.com\/wp-content\/uploads\/2017\/12\/silver-grey-mermer-398x400.jpg\" class=\"attachment-medium size-medium\" alt=\"\" ids=\"20199,19299,20211,17593,17558,20204,20203,19369,19352,20212,22093,20205,20097\" columns=\"3\" image_height=\"75%\" srcset=\"https:\/\/hurok.com\/wp-content\/uploads\/2017\/12\/silver-grey-mermer-398x400.jpg 398w, https:\/\/hurok.com\/wp-content\/uploads\/2017\/12\/silver-grey-mermer-280x280.jpg 280w, https:\/\/hurok.com\/wp-content\/uploads\/2017\/12\/silver-grey-mermer-768x771.jpg 768w, https:\/\/hurok.com\/wp-content\/uploads\/2017\/12\/silver-grey-mermer.jpg 797w\" sizes=\"auto, (max-width: 398px) 100vw, 398px\" \/>                                  <div class=\"overlay fill\"\n                      style=\"background-color: rgba(0,0,0,.15)\">\n                  <\/div>\n                                                              <\/div>\n              <div class=\"box-text text-left\" >\n                 <p>Silver Grey<\/p>\n              <\/div>\n            <\/div>\n            <\/a>          <\/div>\n         <\/div><div class=\"gallery-col col\" >\n          <div class=\"col-inner\">\n            <a class=\"image-lightbox lightbox-gallery\" href=\"https:\/\/hurok.com\/wp-content\/uploads\/2017\/12\/silver-fantasy-mermer-798x800.jpg\" title=\"Silver Fantasy\">            <div class=\"box has-hover gallery-box box-overlay dark\">\n              <div class=\"box-image image-cover\" style=\"padding-top:75%;\">\n                <img loading=\"lazy\" decoding=\"async\" width=\"399\" height=\"400\" src=\"https:\/\/hurok.com\/wp-content\/uploads\/2017\/12\/silver-fantasy-mermer-399x400.jpg\" class=\"attachment-medium size-medium\" alt=\"Silver Fantasy\" ids=\"20199,19299,20211,17593,17558,20204,20203,19369,19352,20212,22093,20205,20097\" columns=\"3\" image_height=\"75%\" srcset=\"https:\/\/hurok.com\/wp-content\/uploads\/2017\/12\/silver-fantasy-mermer-399x400.jpg 399w, https:\/\/hurok.com\/wp-content\/uploads\/2017\/12\/silver-fantasy-mermer-280x280.jpg 280w, https:\/\/hurok.com\/wp-content\/uploads\/2017\/12\/silver-fantasy-mermer-768x770.jpg 768w, https:\/\/hurok.com\/wp-content\/uploads\/2017\/12\/silver-fantasy-mermer.jpg 798w\" sizes=\"auto, (max-width: 399px) 100vw, 399px\" \/>                                  <div class=\"overlay fill\"\n                      style=\"background-color: rgba(0,0,0,.15)\">\n                  <\/div>\n                                                              <\/div>\n              <div class=\"box-text text-left\" >\n                 <p>Silver Fantasy<\/p>\n              <\/div>\n            <\/div>\n            <\/a>          <\/div>\n         <\/div><\/div>\n<p>Bej mermer; tarih s\u00fcrecinde yap\u0131lar\u0131n ana malzemesi olan mermerin en tercih edileni olmu\u015ftur. Bu \u00fcr\u00fcn\u00fcn en \u00f6nemli g\u00f6revlerinden biri de yap\u0131ya estetik ve karakteristik bir g\u00f6r\u00fcn\u00fcm kazand\u0131rmaktad\u0131r. Bu y\u00fczden\u00a0<strong>bej mermer<\/strong>\u00a0do\u011fas\u0131,rengi ve \u00f6zellik itibariyle \u00e7ok uyumlu bir se\u00e7enek olmas\u0131yla tercih oran\u0131 y\u00fcksek bir \u00fcr\u00fcnd\u00fcr.<\/p>\n<p>Do\u011fada y\u00fcksek miktarda bulunur, hem uyguland\u0131\u011f\u0131 alan\u0131 bo\u011fmaz ve renk y\u00f6n\u00fcnden sadedir, hem de bir\u00e7ok di\u011fer renkle uyum sa\u011flayabilmesi gibi \u00f6zelli\u011fi vard\u0131r.<\/p>\n<p>Hurok Mermer\u2019de\u00a0<strong>bej mermer<\/strong>\u00a0farkl\u0131 seleksiyonlarla m\u00fc\u015fterinin be\u011fenisine sunulur. 12 ve \u00fczeri ocak i\u015flem kapasitesine sahip olan Hurok, 400 den fazla renk ve dokuyu b\u00fcnyesinde bar\u0131nd\u0131r\u0131r. Mermerin sertli\u011fi artt\u0131k\u00e7a \u00e7izilme oran\u0131 azal\u0131r. \u00c7izilmenin az olmas\u0131 d\u0131\u015f\u0131nda a\u015f\u0131nmas\u0131n\u0131n da zor olmas\u0131 ta\u015f\u0131n y\u00fcksek sertli\u011finin avantajlar\u0131ndan biri olarak say\u0131labilir. Bu \u00f6zellikler sayesinde\u00a0<strong>bej mermer<\/strong>\u00a0\u00fcr\u00fcnlerimiz insan trafi\u011finin yo\u011fun oldu\u011fu havaalan\u0131 ve al\u0131\u015fveri\u015f merkezi gibi yerlerde kullan\u0131lmaya uygundur.<\/p>","protected":false},"excerpt":{"rendered":"<p>Bej mermer; tarih s\u00fcrecinde yap\u0131lar\u0131n ana malzemesi olan mermerin en tercih edileni olmu\u015ftur. Bu \u00fcr\u00fcn\u00fcn en \u00f6nemli g\u00f6revlerinden biri de yap\u0131ya estetik ve karakteristik bir g\u00f6r\u00fcn\u00fcm kazand\u0131rmaktad\u0131r. Bu y\u00fczden\u00a0bej mermer\u00a0do\u011fas\u0131,rengi ve \u00f6zellik itibariyle \u00e7ok uyumlu bir se\u00e7enek olmas\u0131yla tercih oran\u0131 y\u00fcksek bir \u00fcr\u00fcnd\u00fcr. Do\u011fada y\u00fcksek miktarda bulunur, hem uyguland\u0131\u011f\u0131 alan\u0131 bo\u011fmaz ve renk y\u00f6n\u00fcnden sadedir, [&#8230;]","protected":false},"author":1,"featured_media":17593,"parent":0,"menu_order":0,"comment_status":"closed","ping_status":"closed","template":"page-left-sidebar.php","meta":{"footnotes":""},"class_list":["post-24098","page","type-page","status-publish","has-post-thumbnail","hentry"],"_links":{"self":[{"href":"https:\/\/hurok.com\/en\/wp-json\/wp\/v2\/pages\/24098","targetHints":{"allow":["GET"]}}],"collection":[{"href":"https:\/\/hurok.com\/en\/wp-json\/wp\/v2\/pages"}],"about":[{"href":"https:\/\/hurok.com\/en\/wp-json\/wp\/v2\/types\/page"}],"author":[{"embeddable":true,"href":"https:\/\/hurok.com\/en\/wp-json\/wp\/v2\/users\/1"}],"replies":[{"embeddable":true,"href":"https:\/\/hurok.com\/en\/wp-json\/wp\/v2\/comments?post=24098"}],"version-history":[{"count":0,"href":"https:\/\/hurok.com\/en\/wp-json\/wp\/v2\/pages\/24098\/revisions"}],"wp:featuredmedia":[{"embeddable":true,"href":"https:\/\/hurok.com\/en\/wp-json\/wp\/v2\/media\/17593"}],"wp:attachment":[{"href":"https:\/\/hurok.com\/en\/wp-json\/wp\/v2\/media?parent=24098"}],"curies":[{"name":"wp","href":"https:\/\/api.w.org\/{rel}","templated":true}]}}