{"id":25008,"date":"2018-06-23T09:03:25","date_gmt":"2018-06-23T06:03:25","guid":{"rendered":"https:\/\/hurok.com\/?page_id=25008\/"},"modified":"2018-06-23T09:06:52","modified_gmt":"2018-06-23T06:06:52","slug":"misyon-vizyon","status":"publish","type":"page","link":"https:\/\/hurok.com\/en\/misyon-vizyon\/","title":{"rendered":"Misyon &#8211; Vizyon"},"content":{"rendered":"<div class=\"row\"  id=\"row-319398831\">\n\n\t<div id=\"col-285581084\" class=\"col medium-6 small-12 large-6\"  >\n\t\t\t\t<div class=\"col-inner\"  >\n\t\t\t\n\t\t\t\n\t<div class=\"img has-hover x md-x lg-x y md-y lg-y\" id=\"image_1151514893\">\n\t\t\t\t\t\t\t\t<div class=\"img-inner dark\" >\n\t\t\t<img loading=\"lazy\" decoding=\"async\" width=\"554\" height=\"800\" src=\"https:\/\/hurok.com\/wp-content\/uploads\/2018\/06\/misyon-554x800.png\" class=\"attachment-large size-large\" alt=\"\" srcset=\"https:\/\/hurok.com\/wp-content\/uploads\/2018\/06\/misyon-554x800.png 554w, https:\/\/hurok.com\/wp-content\/uploads\/2018\/06\/misyon-277x400.png 277w, https:\/\/hurok.com\/wp-content\/uploads\/2018\/06\/misyon.png 589w\" sizes=\"auto, (max-width: 554px) 100vw, 554px\" \/>\t\t\t\t\t\t\n\t\t\t\t\t<\/div>\n\t\t\t\t\t\t\t\t\n<style>\n#image_1151514893 {\n  width: 100%;\n}\n<\/style>\n\t<\/div>\n\t\n\t\t<\/div>\n\t\t\t\t\t<\/div>\n\n\t\n\n\t<div id=\"col-2125378314\" class=\"col medium-6 small-12 large-6\"  >\n\t\t\t\t<div class=\"col-inner\"  >\n\t\t\t\n\t\t\t\n\t<div class=\"img has-hover x md-x lg-x y md-y lg-y\" id=\"image_1866774598\">\n\t\t\t\t\t\t\t\t<div class=\"img-inner dark\" >\n\t\t\t<img loading=\"lazy\" decoding=\"async\" width=\"550\" height=\"800\" src=\"https:\/\/hurok.com\/wp-content\/uploads\/2018\/06\/vizyon-550x800.png\" class=\"attachment-large size-large\" alt=\"\" srcset=\"https:\/\/hurok.com\/wp-content\/uploads\/2018\/06\/vizyon-550x800.png 550w, https:\/\/hurok.com\/wp-content\/uploads\/2018\/06\/vizyon-275x400.png 275w, https:\/\/hurok.com\/wp-content\/uploads\/2018\/06\/vizyon.png 585w\" sizes=\"auto, (max-width: 550px) 100vw, 550px\" \/>\t\t\t\t\t\t\n\t\t\t\t\t<\/div>\n\t\t\t\t\t\t\t\t\n<style>\n#image_1866774598 {\n  width: 100%;\n}\n<\/style>\n\t<\/div>\n\t\n\t\t<\/div>\n\t\t\t\t\t<\/div>\n\n\t\n<\/div>\n<p>&nbsp;<\/p>\n<p>Misyon : ULUSLARARASI KAL\u0130TE STANDARTLARINDA, M\u00dc\u015eTER\u0130 BEKLENT\u0130LER\u0130NE UYGUN DO\u011eAL TA\u015eIN G\u00dcZELL\u0130\u011e\u0130N\u0130 SUNUYORUZ.<\/p>\n<p>Vizyon:\u00a0DO\u011eALTA\u015e SEKT\u00d6R\u00dcNDE TEKNOLOJ\u0130K ALT YAPI VE TECR\u00dcBEM\u0130Z\u0130 KULLANARAK \u00c7EVRE DE\u011eERLER\u0130NE SAYGILI SEKT\u00d6RE Y\u00d6N VEREN \u00dcLKEM\u0130Z\u0130N \u00d6NDE GELEN \u015e\u0130RKETLER\u0130NDEN B\u0130R\u0130 OLMAK<\/p>","protected":false},"excerpt":{"rendered":"<p>&nbsp; Misyon : ULUSLARARASI KAL\u0130TE STANDARTLARINDA, M\u00dc\u015eTER\u0130 BEKLENT\u0130LER\u0130NE UYGUN DO\u011eAL TA\u015eIN G\u00dcZELL\u0130\u011e\u0130N\u0130 SUNUYORUZ. Vizyon:\u00a0DO\u011eALTA\u015e SEKT\u00d6R\u00dcNDE TEKNOLOJ\u0130K ALT YAPI VE TECR\u00dcBEM\u0130Z\u0130 KULLANARAK \u00c7EVRE DE\u011eERLER\u0130NE SAYGILI SEKT\u00d6RE Y\u00d6N VEREN \u00dcLKEM\u0130Z\u0130N \u00d6NDE GELEN \u015e\u0130RKETLER\u0130NDEN B\u0130R\u0130 OLMAK<\/p>","protected":false},"author":1,"featured_media":0,"parent":0,"menu_order":0,"comment_status":"closed","ping_status":"closed","template":"","meta":{"footnotes":""},"class_list":["post-25008","page","type-page","status-publish","hentry"],"_links":{"self":[{"href":"https:\/\/hurok.com\/en\/wp-json\/wp\/v2\/pages\/25008","targetHints":{"allow":["GET"]}}],"collection":[{"href":"https:\/\/hurok.com\/en\/wp-json\/wp\/v2\/pages"}],"about":[{"href":"https:\/\/hurok.com\/en\/wp-json\/wp\/v2\/types\/page"}],"author":[{"embeddable":true,"href":"https:\/\/hurok.com\/en\/wp-json\/wp\/v2\/users\/1"}],"replies":[{"embeddable":true,"href":"https:\/\/hurok.com\/en\/wp-json\/wp\/v2\/comments?post=25008"}],"version-history":[{"count":0,"href":"https:\/\/hurok.com\/en\/wp-json\/wp\/v2\/pages\/25008\/revisions"}],"wp:attachment":[{"href":"https:\/\/hurok.com\/en\/wp-json\/wp\/v2\/media?parent=25008"}],"curies":[{"name":"wp","href":"https:\/\/api.w.org\/{rel}","templated":true}]}}