{"id":25178,"date":"2018-08-11T12:08:54","date_gmt":"2018-08-11T09:08:54","guid":{"rendered":"https:\/\/hurok.com\/?page_id=25178\/"},"modified":"2018-08-11T12:10:31","modified_gmt":"2018-08-11T09:10:31","slug":"is-sagligi-ve-guvenligi-politikasi","status":"publish","type":"page","link":"https:\/\/hurok.com\/en\/is-sagligi-ve-guvenligi-politikasi\/","title":{"rendered":"\u0130\u015e SA\u011eLI\u011eI VE G\u00dcVENL\u0130\u011e\u0130 POL\u0130T\u0130KASI"},"content":{"rendered":"<p>Hurok Marble olarak benimsedi\u011fimiz\u00a0<strong>\u201ctemiz, sa\u011fl\u0131kl\u0131 ve kaliteli \u00fcretim\u201d<\/strong>\u00a0slogan\u0131ndan hareketle, \u00fcst y\u00f6netim de dahil olmak \u00fczere t\u00fcm \u00e7al\u0131\u015fanlar\u0131m\u0131zda i\u015f sa\u011fl\u0131\u011f\u0131 ve g\u00fcvenli\u011fi konular\u0131nda gereken bilin\u00e7 ve k\u00fclt\u00fcr\u00fcn olu\u015fturulmas\u0131 hedefi ve t\u00fcm i\u015f kazalar\u0131n\u0131n ve meslek hastal\u0131klar\u0131n\u0131n \u00f6nlenebilir oldu\u011fu inanc\u0131 ile hareket etmekteyiz. Bu anlay\u0131\u015fla \u00e7al\u0131\u015fmalar\u0131m\u0131za y\u00f6n veriyor, kendimizi s\u00fcrekli iyile\u015ftiriyor ve a\u015fa\u011f\u0131daki ilkelere g\u00f6re hareket ediyoruz;<\/p>\n<ul>\n<li>T\u00fcm faaliyetlerimizde \u0130\u015f Sa\u011fl\u0131\u011f\u0131 ve G\u00fcvenli\u011fi ile ilgili yasal d\u00fczenlemelere uymak,<\/li>\n<li>T\u00fcm \u00e7al\u0131\u015fanlar\u0131m\u0131z\u0131n sa\u011fl\u0131k ve g\u00fcvenli\u011fini sa\u011flamak ad\u0131na e\u011fitmek ve bilin\u00e7lendirmek,<\/li>\n<li>T\u00fcm \u00e7al\u0131\u015fanlar\u0131m\u0131z\u0131n, tedarik\u00e7ilerimizin ve ziyaret\u00e7ilerimizin olu\u015fturulan \u0130SG kurallar\u0131na uymalar\u0131n\u0131 sa\u011flamak,<\/li>\n<li>\u0130\u015fletmelerimizde i\u015f kazas\u0131 ve meslek hastal\u0131\u011f\u0131 do\u011furabilecek etkenleri \u00f6nceden tespit etmek ve ortadan kald\u0131rmak,<\/li>\n<li>\u0130SG y\u00f6netim sisteminin performans\u0131n\u0131 \u00f6l\u00e7mek ve performans\u0131 artt\u0131rmak ad\u0131na \u00e7al\u0131\u015fmalar yapmak,<\/li>\n<li>\u0130\u015f Sa\u011fl\u0131\u011f\u0131 ve G\u00fcvenli\u011fi konusunda teknolojik geli\u015fmeleri takip etmek ve yat\u0131r\u0131mlar\u0131m\u0131z\u0131 ona g\u00f6re y\u00f6nlendirmek,<\/li>\n<li>T\u00fcm s\u00fcre\u00e7lerimize \u00e7al\u0131\u015fanlar\u0131m\u0131z\u0131n ve tedarik\u00e7ilerimizin kat\u0131l\u0131m\u0131n\u0131 sa\u011flamak,<\/li>\n<\/ul>\n<p>T\u00fcm \u00e7al\u0131\u015fanlar\u0131m\u0131z\u0131n i\u015f sa\u011fl\u0131\u011f\u0131 ve g\u00fcvenli\u011fi i\u00e7in yasal gereklilikleri yerine getirmeyi, i\u015f kazalar\u0131n\u0131n \u00f6nlenmesi i\u00e7in her t\u00fcrl\u00fc \u00f6nleyici tedbiri almay\u0131, \u00e7al\u0131\u015fanlar\u0131m\u0131za yeterli donan\u0131ma sahip \u00e7al\u0131\u015fma ortam\u0131 ve temel ihtiya\u00e7lar\u0131n\u0131 kar\u015f\u0131layacaklar\u0131 hijyenik her t\u00fcrl\u00fc imkan\u0131 sunmay\u0131 taahh\u00fct etmekteyiz.<\/p>\n<p>&nbsp;<\/p>","protected":false},"excerpt":{"rendered":"<p>Hurok Marble olarak benimsedi\u011fimiz\u00a0\u201ctemiz, sa\u011fl\u0131kl\u0131 ve kaliteli \u00fcretim\u201d\u00a0slogan\u0131ndan hareketle, \u00fcst y\u00f6netim de dahil olmak \u00fczere t\u00fcm \u00e7al\u0131\u015fanlar\u0131m\u0131zda i\u015f sa\u011fl\u0131\u011f\u0131 ve g\u00fcvenli\u011fi konular\u0131nda gereken bilin\u00e7 ve k\u00fclt\u00fcr\u00fcn olu\u015fturulmas\u0131 hedefi ve t\u00fcm i\u015f kazalar\u0131n\u0131n ve meslek hastal\u0131klar\u0131n\u0131n \u00f6nlenebilir oldu\u011fu inanc\u0131 ile hareket etmekteyiz. Bu anlay\u0131\u015fla \u00e7al\u0131\u015fmalar\u0131m\u0131za y\u00f6n veriyor, kendimizi s\u00fcrekli iyile\u015ftiriyor ve a\u015fa\u011f\u0131daki ilkelere g\u00f6re hareket ediyoruz; [&#8230;]","protected":false},"author":1,"featured_media":0,"parent":0,"menu_order":0,"comment_status":"closed","ping_status":"closed","template":"","meta":{"footnotes":""},"class_list":["post-25178","page","type-page","status-publish","hentry"],"_links":{"self":[{"href":"https:\/\/hurok.com\/en\/wp-json\/wp\/v2\/pages\/25178","targetHints":{"allow":["GET"]}}],"collection":[{"href":"https:\/\/hurok.com\/en\/wp-json\/wp\/v2\/pages"}],"about":[{"href":"https:\/\/hurok.com\/en\/wp-json\/wp\/v2\/types\/page"}],"author":[{"embeddable":true,"href":"https:\/\/hurok.com\/en\/wp-json\/wp\/v2\/users\/1"}],"replies":[{"embeddable":true,"href":"https:\/\/hurok.com\/en\/wp-json\/wp\/v2\/comments?post=25178"}],"version-history":[{"count":0,"href":"https:\/\/hurok.com\/en\/wp-json\/wp\/v2\/pages\/25178\/revisions"}],"wp:attachment":[{"href":"https:\/\/hurok.com\/en\/wp-json\/wp\/v2\/media?parent=25178"}],"curies":[{"name":"wp","href":"https:\/\/api.w.org\/{rel}","templated":true}]}}