{"id":25180,"date":"2018-08-11T12:09:31","date_gmt":"2018-08-11T09:09:31","guid":{"rendered":"https:\/\/hurok.com\/?page_id=25180\/"},"modified":"2018-08-11T12:09:31","modified_gmt":"2018-08-11T09:09:31","slug":"cevre-politikasi","status":"publish","type":"page","link":"https:\/\/hurok.com\/en\/cevre-politikasi\/","title":{"rendered":"Environmental Policy"},"content":{"rendered":"<p>Hurok Marble olarak s\u00fcrd\u00fcr\u00fclebilir kalk\u0131nma\u201d kavram\u0131 temelinden yola \u00e7\u0131karak t\u00fcm faaliyetlerimizden dolay\u0131 meydana gelen \u00e7evresel etkileri minimize etmek ve \u00e7evrenin korunmas\u0131na katk\u0131da bulunabilmek amac\u0131 ile \u00e7al\u0131\u015fmalar\u0131m\u0131za y\u00f6n vermekteyiz. Bu vizyondan hareketle kendimizi yenilemekte ve a\u015fa\u011f\u0131daki ilkeleri benimsemekteyiz;<\/p>\n<ul>\n<li>Sekt\u00f6r\u00fcm\u00fcz i\u00e7in \u00e7evre ile ilgili olu\u015fturulan t\u00fcm yasal mevzuat ve di\u011fer y\u00fck\u00fcml\u00fcl\u00fcklere uymak,<\/li>\n<li>\u00c7evre Y\u00f6netim Sistemi olu\u015fturarak t\u00fcm gerekliliklerini yerine getirmek,<\/li>\n<li>Tesislerimizden kaynaklanan at\u0131klar\u0131 kayna\u011f\u0131nda azaltmaya \u00e7al\u0131\u015fmak ve m\u00fcmk\u00fcn oldu\u011funca geri kazan\u0131m\u0131n\u0131 sa\u011flamak,<\/li>\n<li>Geli\u015fen teknolojiyi takip edip tesislerimizin verimlili\u011fini en \u00fcst seviyede tutarak kay\u0131plar\u0131 azaltmak,<\/li>\n<li>S\u00fcrekli iyile\u015ftirme \u00e7al\u0131\u015fmalar\u0131m\u0131z sonucu do\u011fal kaynak kullan\u0131m\u0131n\u0131 minimize etmek,<\/li>\n<li>T\u00fcm \u00e7al\u0131\u015fanlar\u0131m\u0131z\u0131 ve ili\u015fkide oldu\u011fumuz t\u00fcm \u015fah\u0131s ve \u015firketleri \u00e7evre konusunda bilin\u00e7lendirmek,<\/li>\n<li>\u00c7evre performans\u0131m\u0131z\u0131 s\u00fcrekli artt\u0131rmak ve yeni yat\u0131r\u0131mlar\u0131m\u0131zda da \u00e7evresel etkileri g\u00f6z \u00f6n\u00fcnde bulundurmak,<\/li>\n<\/ul>\n<p>T\u00fcm \u00e7al\u0131\u015fanlar\u0131m\u0131zla birlikte bu politikan\u0131n gerekliliklerini ve \u00e7evresel sorumluluklar\u0131m\u0131z\u0131 yerine getirmek i\u00e7in \u00e7al\u0131\u015fmalar\u0131m\u0131za ve yat\u0131r\u0131mlar\u0131m\u0131za s\u00fcrekli devam edece\u011fimizi taahh\u00fct etmekteyiz.<\/p>\n<p>&nbsp;<\/p>","protected":false},"excerpt":{"rendered":"<p>Hurok Marble olarak s\u00fcrd\u00fcr\u00fclebilir kalk\u0131nma\u201d kavram\u0131 temelinden yola \u00e7\u0131karak t\u00fcm faaliyetlerimizden dolay\u0131 meydana gelen \u00e7evresel etkileri minimize etmek ve \u00e7evrenin korunmas\u0131na katk\u0131da bulunabilmek amac\u0131 ile \u00e7al\u0131\u015fmalar\u0131m\u0131za y\u00f6n vermekteyiz. Bu vizyondan hareketle kendimizi yenilemekte ve a\u015fa\u011f\u0131daki ilkeleri benimsemekteyiz; Sekt\u00f6r\u00fcm\u00fcz i\u00e7in \u00e7evre ile ilgili olu\u015fturulan t\u00fcm yasal mevzuat ve di\u011fer y\u00fck\u00fcml\u00fcl\u00fcklere uymak, \u00c7evre Y\u00f6netim Sistemi olu\u015fturarak t\u00fcm [&#8230;]","protected":false},"author":1,"featured_media":0,"parent":0,"menu_order":0,"comment_status":"closed","ping_status":"closed","template":"","meta":{"footnotes":""},"class_list":["post-25180","page","type-page","status-publish","hentry"],"_links":{"self":[{"href":"https:\/\/hurok.com\/en\/wp-json\/wp\/v2\/pages\/25180","targetHints":{"allow":["GET"]}}],"collection":[{"href":"https:\/\/hurok.com\/en\/wp-json\/wp\/v2\/pages"}],"about":[{"href":"https:\/\/hurok.com\/en\/wp-json\/wp\/v2\/types\/page"}],"author":[{"embeddable":true,"href":"https:\/\/hurok.com\/en\/wp-json\/wp\/v2\/users\/1"}],"replies":[{"embeddable":true,"href":"https:\/\/hurok.com\/en\/wp-json\/wp\/v2\/comments?post=25180"}],"version-history":[{"count":0,"href":"https:\/\/hurok.com\/en\/wp-json\/wp\/v2\/pages\/25180\/revisions"}],"wp:attachment":[{"href":"https:\/\/hurok.com\/en\/wp-json\/wp\/v2\/media?parent=25180"}],"curies":[{"name":"wp","href":"https:\/\/api.w.org\/{rel}","templated":true}]}}