{"id":25184,"date":"2018-08-11T12:10:38","date_gmt":"2018-08-11T09:10:38","guid":{"rendered":"https:\/\/hurok.com\/?page_id=25184\/"},"modified":"2018-08-11T12:10:38","modified_gmt":"2018-08-11T09:10:38","slug":"kalite-politikasi","status":"publish","type":"page","link":"https:\/\/hurok.com\/en\/kalite-politikasi\/","title":{"rendered":"Quality Policy"},"content":{"rendered":"<p><strong>Hurok <\/strong><strong>MARBLE<\/strong><strong>\u2019\u0131n vizyonu do\u011frultusunda temel ilkesi, m\u00fc\u015fteri memnuniyeti ve mutlulu\u011fudur.<\/strong> Bunu ba\u015farabilmek i\u00e7in geli\u015fen m\u00fc\u015fteri taleplerini do\u011fru tespit etmek, kolay sat\u0131n al\u0131nabilir ve kullan\u0131labilir \u00fcr\u00fcnleri satmak ve \u00fcr\u00fcne uygun fiyat vermek, \u00fcr\u00fcn\u00fc\u00a0hatas\u0131z ve tam zaman\u0131nda g\u00f6ndermek uygulamak ana kurald\u0131r.\u00a0Hedefimiz m\u00fc\u015fterilerin, \u00e7al\u0131\u015fanlar\u0131n ve ili\u015fkide bulundu\u011fumuz \u00fc\u00e7\u00fcnc\u00fc kurumlar\u0131n ya\u015fam kalitesini y\u00fckseltmek ve katk\u0131da bulunmakt\u0131r. Ya\u015fayabilmek ve rekabet g\u00fcc\u00fcm\u00fcz\u00fc ortaya \u00e7\u0131karmak i\u00e7in verimli \u00e7al\u0131\u015fmal\u0131 ve kaynaklar\u0131 etkin kullanmal\u0131y\u0131z. Gerekli \u00e7al\u0131\u015fmalar\u0131 yaparken \u00e7al\u0131\u015ft\u0131\u011f\u0131m\u0131z ortam\u0131n ve ya\u015fad\u0131\u011f\u0131m\u0131z \u00e7evrenin temiz, emniyetli ve d\u00fczenli; ili\u015fkilerimizin ise sayg\u0131l\u0131 ve uyumlu olmas\u0131na dikkat etmeliyiz. Ba\u015far\u0131ya giden yol\u00a0 e\u011fitimdir. M\u00fc\u015fteriye en iyi hizmeti, kaliteli \u00fcr\u00fcn\u00fc sunabilmenin ortak bir bilince gelmesi ancak e\u011fitimle sa\u011flanabilir.<\/p>\n<p><strong>Hurok MARBLE\u2019\u0131n \u00a0sekt\u00f6r\u00fcnde en m\u00fckemmeli yakalama hedefi ile;<\/strong><\/p>\n<p>Kalite y\u00f6netim sistemimizin ISO 9001 standard\u0131n\u0131n gereklerini yerine getirecek \u015fekilde dok\u00fcmante edilmesi, belgelendirilmesi ve s\u00fcrekli iyile\u015ftirilmesi,<\/p>\n<ul>\n<li>Teknolojinin avantajlar\u0131n\u0131 en do\u011fru ve en iyi \u015fekilde kullanarak kusursuz i\u015fler ger\u00e7ekle\u015ftirmeyi,<\/li>\n<\/ul>\n<p>\u0130\u015flerin yap\u0131m\u0131 s\u0131ras\u0131nda yasa, y\u00f6netmelik, standart, t\u00fcz\u00fck ve gereklerini yerine getirerek \u0130\u015f\u00e7i G\u00fcvenli\u011fi ile ilgili t\u00fcm tedbirleri almay\u0131 ve i\u015flerin standartlara uygun olarak yap\u0131m\u0131n\u0131 sa\u011flamay\u0131,<\/p>\n<p>Firma \u00e7al\u0131\u015fanlar\u0131na sa\u011flanan motivasyon ile performans ve verimlili\u011fi artt\u0131rmay\u0131,<\/p>\n<ul>\n<li>M\u00fc\u015fteri memnuniyetini sa\u011flayabilmek i\u00e7in, kadrosunda yeterlilik ve e\u011fitim ile s\u00fcrekli geli\u015fimi sa\u011flamay\u0131,<\/li>\n<\/ul>\n<p>D\u00fcnyada ve sekt\u00f6r\u00fcnde atm\u0131\u015f oldu\u011fu her yeni ve do\u011fru ad\u0131m ile \u00f6nc\u00fc bir kurulu\u015f olmay\u0131, yenilik\u00e7i ve yarat\u0131c\u0131 yakla\u015f\u0131mlar\u0131n cesaretlendirilmesi, teknik ve davran\u0131\u015fsal yetkinlikleri art\u0131racak e\u011fitimlerin ger\u00e7ekle\u015ftirilmesi\u00a0y\u00f6n\u00fcnde faaliyetlerimizi \u00c7evre, \u0130\u015f Sa\u011fl\u0131\u011f\u0131 ve G\u00fcvenli\u011fi Y\u00f6netim Sistemleri ile birlikte b\u00fct\u00fcnle\u015fik bir \u015fekilde y\u00f6neterek, dayan\u0131kl\u0131 t\u00fcketim sekt\u00f6r\u00fcnde kalite a\u00e7\u0131s\u0131ndan \u00f6nc\u00fcl\u00fc\u011f\u00fcm\u00fczle \u00f6rnek bir kurulu\u015f olmak i\u00e7in t\u00fcm g\u00fcc\u00fcm\u00fczle \u00e7al\u0131\u015f\u0131r\u0131z.<\/p>\n<p>\u015eirketimizi bulundu\u011fumuz sekt\u00f6r\u00fcn en g\u00fcvenilir ve sayg\u0131n \u015firketlerinden biri haline getirmek i\u00e7in \u00e7al\u0131\u015fanlar\u0131m\u0131z\u0131n \u00fcst\u00fcn \u00e7aba ve \u00f6zveri g\u00f6stermeye devam edece\u011fine inan\u0131yoruz.<\/p>","protected":false},"excerpt":{"rendered":"<p>Hurok MARBLE\u2019\u0131n vizyonu do\u011frultusunda temel ilkesi, m\u00fc\u015fteri memnuniyeti ve mutlulu\u011fudur. Bunu ba\u015farabilmek i\u00e7in geli\u015fen m\u00fc\u015fteri taleplerini do\u011fru tespit etmek, kolay sat\u0131n al\u0131nabilir ve kullan\u0131labilir \u00fcr\u00fcnleri satmak ve \u00fcr\u00fcne uygun fiyat vermek, \u00fcr\u00fcn\u00fc\u00a0hatas\u0131z ve tam zaman\u0131nda g\u00f6ndermek uygulamak ana kurald\u0131r.\u00a0Hedefimiz m\u00fc\u015fterilerin, \u00e7al\u0131\u015fanlar\u0131n ve ili\u015fkide bulundu\u011fumuz \u00fc\u00e7\u00fcnc\u00fc kurumlar\u0131n ya\u015fam kalitesini y\u00fckseltmek ve katk\u0131da bulunmakt\u0131r. Ya\u015fayabilmek ve rekabet [&#8230;]","protected":false},"author":1,"featured_media":0,"parent":0,"menu_order":0,"comment_status":"closed","ping_status":"closed","template":"","meta":{"footnotes":""},"class_list":["post-25184","page","type-page","status-publish","hentry"],"_links":{"self":[{"href":"https:\/\/hurok.com\/en\/wp-json\/wp\/v2\/pages\/25184","targetHints":{"allow":["GET"]}}],"collection":[{"href":"https:\/\/hurok.com\/en\/wp-json\/wp\/v2\/pages"}],"about":[{"href":"https:\/\/hurok.com\/en\/wp-json\/wp\/v2\/types\/page"}],"author":[{"embeddable":true,"href":"https:\/\/hurok.com\/en\/wp-json\/wp\/v2\/users\/1"}],"replies":[{"embeddable":true,"href":"https:\/\/hurok.com\/en\/wp-json\/wp\/v2\/comments?post=25184"}],"version-history":[{"count":0,"href":"https:\/\/hurok.com\/en\/wp-json\/wp\/v2\/pages\/25184\/revisions"}],"wp:attachment":[{"href":"https:\/\/hurok.com\/en\/wp-json\/wp\/v2\/media?parent=25184"}],"curies":[{"name":"wp","href":"https:\/\/api.w.org\/{rel}","templated":true}]}}