{"id":26878,"date":"2022-01-05T15:08:39","date_gmt":"2022-01-05T12:08:39","guid":{"rendered":"https:\/\/hurok.com\/?page_id=26878\/"},"modified":"2023-01-25T11:00:51","modified_gmt":"2023-01-25T08:00:51","slug":"hurok-group","status":"publish","type":"page","link":"https:\/\/hurok.com\/en\/hurok-group\/","title":{"rendered":"Hurok Group"},"content":{"rendered":"<div class=\"row\"  id=\"row-18274548\">\n\n\t<div id=\"col-662581478\" class=\"col medium-4 small-12 large-4\"  >\n\t\t\t\t<div class=\"col-inner\"  >\n\t\t\t\n\t\t\t\n\t<div class=\"img has-hover x md-x lg-x y md-y lg-y\" id=\"image_1057152615\">\n\t\t\t\t\t\t\t\t<div class=\"img-inner dark\" >\n\t\t\t<img loading=\"lazy\" decoding=\"async\" width=\"640\" height=\"640\" src=\"https:\/\/hurok.com\/wp-content\/uploads\/2023\/01\/husnu-olcar.jpg\" class=\"attachment-large size-large\" alt=\"\" \/>\t\t\t\t\t\t\n\t\t\t\t\t<\/div>\n\t\t\t\t\t\t\t\t\n<style>\n#image_1057152615 {\n  width: 100%;\n}\n<\/style>\n\t<\/div>\n\t\n\t\t<\/div>\n\t\t\t\t\t<\/div>\n\n\t\n\n\t<div id=\"col-408976961\" class=\"col medium-8 small-12 large-8\"  >\n\t\t\t\t<div class=\"col-inner\"  >\n\t\t\t\n\t\t\t\n<p>H\u00dcROK GROUP ; H\u00fcsn\u00fc Ol\u00e7ar taraf\u0131ndan 1981 senesinde serbest ticarete ba\u015flamas\u0131yla kurulmu\u015ftur.<\/p>\n<p>H\u00fcsn\u00fc OL\u00c7AR 1953 K\u00fctahya do\u011fumludur. 1977 Senesinde Y\u0131ld\u0131z Teknik \u00dcniversitesinden elektrik m\u00fchendisi olarak mezun olmu\u015ftur. 1991 senesinde Amerikan firmas\u0131 olan BANDAG franchesing olarak so\u011fuk sistem lastik kaplama firmas\u0131n\u0131 kurmu\u015ftur.<\/p>\n<p>1994 senesinde Hurok mermer firmas\u0131n\u0131 kurarak ihracat sekt\u00f6r\u00fcne ge\u00e7i\u015f yapm\u0131\u015f \u015firket grubuna eklemi\u015ftir. 2001 krizinde \u00fclkenin kurtulu\u015funu \u00fcretim, istihdam ve ihracaat olarak g\u00f6ren H\u00fcsn\u00fc OL\u00c7AR, do\u011fal ta\u015f sekt\u00f6r\u00fcnde Uluslararas\u0131 fuarlarda yerini alm\u0131\u015ft\u0131r.<\/p>\n<p>2005 senesinde Pompano Beach\u2019te Hurok Marble firmas\u0131n\u0131 kurup Amerika pazar\u0131na giri\u015f yapm\u0131\u015ft\u0131r. D\u00fcnya da ya\u015fanan 2008 morgage krizinde \u015firket ak\u0131ll\u0131 bir politika izleyerek bu krizden g\u00fc\u00e7lenerek \u00e7\u0131km\u0131\u015ft\u0131r.<\/p>\n<p>2011 senesinde Atlantic Stone Souce firmas\u0131n\u0131 kurmu\u015f Pompona Beach ,Florida eyaletinde do\u011falta\u015f sekt\u00f6r\u00fcnde \u00f6nc\u00fc firmalar aras\u0131nda yerini alm\u0131\u015ft\u0131r.2019 senesinde Miami Stone Source\u2019 yi kurarak \u015firketlerine dahil etmi\u015ftir. 2021 senesinde Ol\u00e7arlar in\u015faat firmas\u0131n\u0131 kurmu\u015f,Istanbul da in\u015faat sekt\u00f6r\u00fcne giri\u015f yapm\u0131\u015ft\u0131r.<\/p>\n<p>HUROK MARBLE GROUP T\u00fcrkiye de 4 Amerikada 3 olmak \u00fczere 7 \u015firkete sahiptir.<\/p>\n<p>Do\u011fal ta\u015f sekt\u00f6r\u00fcnde teknolojik alt yap\u0131 ve tecr\u00fcbelerini kullanarak \u00e7evre de\u011ferlerine sayg\u0131l\u0131 sekt\u00f6re y\u00f6n veren HUROK MARBLE GROUP,<br \/>\nT\u00fcrkiye\u2019nin ve d\u00fcnyan\u0131n \u00f6nde gelen \u015firketlerinden biri olmak Uluslararas\u0131 kalite standartlar\u0131nda m\u00fc\u015fteri beklentilerine uygun do\u011fal ta\u015f\u0131n g\u00fczelli\u011fini sunmaya devam ediyor.<\/p>\n\t\t<\/div>\n\t\t\t\t\t<\/div>\n\n\t\n<\/div>","protected":false},"excerpt":{"rendered":"","protected":false},"author":1,"featured_media":0,"parent":0,"menu_order":0,"comment_status":"closed","ping_status":"closed","template":"","meta":{"footnotes":""},"class_list":["post-26878","page","type-page","status-publish","hentry"],"_links":{"self":[{"href":"https:\/\/hurok.com\/en\/wp-json\/wp\/v2\/pages\/26878","targetHints":{"allow":["GET"]}}],"collection":[{"href":"https:\/\/hurok.com\/en\/wp-json\/wp\/v2\/pages"}],"about":[{"href":"https:\/\/hurok.com\/en\/wp-json\/wp\/v2\/types\/page"}],"author":[{"embeddable":true,"href":"https:\/\/hurok.com\/en\/wp-json\/wp\/v2\/users\/1"}],"replies":[{"embeddable":true,"href":"https:\/\/hurok.com\/en\/wp-json\/wp\/v2\/comments?post=26878"}],"version-history":[{"count":0,"href":"https:\/\/hurok.com\/en\/wp-json\/wp\/v2\/pages\/26878\/revisions"}],"wp:attachment":[{"href":"https:\/\/hurok.com\/en\/wp-json\/wp\/v2\/media?parent=26878"}],"curies":[{"name":"wp","href":"https:\/\/api.w.org\/{rel}","templated":true}]}}