{"id":18400,"date":"2016-02-17T18:38:55","date_gmt":"2016-02-17T16:38:55","guid":{"rendered":"https:\/\/hurok.com\/tr\/?page_id=18400"},"modified":"2017-12-12T11:21:55","modified_gmt":"2017-12-12T08:21:55","slug":"the-vanilla-ice-project-tv-show","status":"publish","type":"page","link":"https:\/\/hurok.com\/en\/the-vanilla-ice-project-tv-show\/","title":{"rendered":"The Vanilla ICE Project TV Show"},"content":{"rendered":"<figure id=\"attachment_20189\" aria-describedby=\"caption-attachment-20189\" style=\"width: 1020px\" class=\"wp-caption aligncenter\"><img loading=\"lazy\" decoding=\"async\" class=\"size-large wp-image-20189\" src=\"https:\/\/hurok.com\/wp-content\/uploads\/2016\/02\/24972595472_bde81d6604_h-1400x788.jpg\" alt=\"The Vanilla Ice Tv Show - Vanilla Ice Ice\" width=\"1020\" height=\"574\" srcset=\"https:\/\/hurok.com\/wp-content\/uploads\/2016\/02\/24972595472_bde81d6604_h-1400x788.jpg 1400w, https:\/\/hurok.com\/wp-content\/uploads\/2016\/02\/24972595472_bde81d6604_h-711x400.jpg 711w, https:\/\/hurok.com\/wp-content\/uploads\/2016\/02\/24972595472_bde81d6604_h-768x432.jpg 768w, https:\/\/hurok.com\/wp-content\/uploads\/2016\/02\/24972595472_bde81d6604_h.jpg 1600w\" sizes=\"auto, (max-width: 1020px) 100vw, 1020px\" \/><figcaption id=\"caption-attachment-20189\" class=\"wp-caption-text\">The Vanilla Ice Tv Show &#8211; Vanilla Ice Ice<\/figcaption><\/figure>\n<p><h2>The Vanilla ICE Project &amp; Hurok Marble Collaboration<\/h2>\n\n<p>\n  Under <strong>The Vanilla ICE Project<\/strong>, a popular TV show aired on the American channel <strong>DIY Network<\/strong> and followed by millions across the U.S. with great admiration, <strong>Hurok Marble<\/strong> has proudly been the <em>main sponsor for the last three seasons<\/em>.\n<\/p>\n\n<p>\n  The show's host\u2014renowned actor and singer <strong>Robert<\/strong>, better known by his stage name <strong>Vanilla ICE<\/strong>\u2014sources all his natural stone materials, including marble, mosaic, and travertine, from <strong>Hurok Marble<\/strong>.\n<\/p>\n\n<p>\n  Vanilla ICE has not only mentioned our U.S.-based branch, <strong>Hurok Marble America<\/strong>, but has also referred to our <strong>main company in Turkey<\/strong> in his commercial videos. You can follow all related advertisements and regularly updated videos on our official website.\n<\/p>\n\n<p>\n  In addition, one of our other online sales platforms operating in the U.S., <strong>Stone Tile Us<\/strong>, also utilizes <strong>Vanilla ICE\u2019s media exposure<\/strong> in the promotion of its travertine tile products.\n<\/p>\u00a0<strong><!-- --><\/strong>\u00a0<!-- -->\u00a0<strong><!-- --><\/strong>\u00a0<!-- -->\u00a0<strong><!-- --><\/strong><!-- -->\u00a0<em><!-- --><\/em>\u00a0<!-- -->\u00a0<em><strong><!-- --><\/strong><\/em>\u00a0<!-- -->\u00a0<strong><!-- --><\/strong>,\u00a0<strong><!-- --><\/strong>\u00a0<!-- -->\u00a0<strong><!-- --><\/strong>\u00a0<!-- --><\/p>\n<p><h2>Vanilla ICE &amp; Hurok Marble Collaboration<\/h2>\n\n<p>\n  In his TV show aired on <strong>DIY Network<\/strong>, <strong>Vanilla ICE<\/strong> personally selects and purchases the homes featured, carrying out restorations that are often so extensive they resemble complete rebuilds.\n<\/p>\n\n<p>\n  Through the techniques, products, materials, and tools he uses during these transformations, he has earned his place as both a beloved artist and a household idol in the U.S.\u2014a popular singer and TV host admired by many Americans.\n<\/p>\n\n<p>\n  Our company, <strong>Hurok Marble<\/strong> (known in the U.S. under the same name), has hosted multiple TV program shoots. Located in <strong>Pompano Beach<\/strong>, our U.S. branch operates under the name <strong>Atlantic Stone Source<\/strong>, and it features a showroom that truly reflects the prestige, quality, and professionalism of our brand.\n<\/p><\/p>\n<p><h2>Hurok Marble Showroom &amp; Vanilla ICE Collaboration<\/h2>\n\n<p>\n  <strong>Hurok Marble<\/strong>, which has served as the setting for the TV show multiple times through its showroom, has been proud to collaborate with <strong>Vanilla ICE<\/strong> during the successful <strong>4th, 5th, and 6th seasons<\/strong> of the series.\n<\/p>\n\n<p>\n  This fruitful partnership and strong communication led to a meaningful connection, inspiring <strong>Robert (Vanilla ICE)<\/strong> to visit Turkey and experience our country more closely.\n<\/p>\n\n<p>\n  Around the time this article was written\u2014in the month of <strong>February<\/strong>\u2014he included a tour of Turkey in his busy travel schedule.\n<\/p><\/p>\n<p><h2>Hurok Marble \u2013 Representing Turkey with Pride<\/h2>\n\n<p>\n  <strong>Hurok Marble<\/strong> proudly represents the beauty of our country abroad\u2014both through its name and its products.\n<\/p>\n\n<p>\n  As a reflection of the company\u2019s professional stance and ethical business approach, <strong>positive perceptions of Turkey among the American public<\/strong> and the development of business opportunities continue to grow.\n<\/p>\n\n<p>\n  With a dedicated team that works with full commitment, <strong>Hurok Marble<\/strong> continues its business journey with great success on the international stage.\n<\/p><\/p>\n<p><h2>Global Recognition Through the Vanilla ICE Show<\/h2>\n\n<p>\n  After completing his show, <strong>Vanilla ICE<\/strong> attracts a high volume of visitors\u2014both local and international\u2014to the stunning, one-of-a-kind homes featured on the program.\n<\/p>\n\n<p>\n  These visitors include people from many nationalities, especially from <strong>South America and Canada<\/strong>, who are drawn by the beauty and exclusivity of the properties.\n<\/p>\n\n<p>\n  During these visits, the <strong>quality of the marble<\/strong>, along with the expert installation of our products on <strong>walls, mosaics, poolside areas, and garden courtyards<\/strong>, leaves a lasting impression.\n<\/p>\n\n<p>\n  People from around the world admire these finely crafted works with envy and appreciation\u2014hearing the name of our company praised each time for the excellence it represents.\n<\/p><\/p>\n<p><h2>Hurok Marble \u2013 Strategic Investment &amp; Global Recognition<\/h2>\n\n<p>\n  As <strong>Hurok Marble<\/strong>, a company that values investment and professionalism, we use our financial resources in the most intelligent way\u2014ensuring returns through investments that benefit both our company and our country.\n<\/p>\n\n<p>\n  The <strong>natural stone industry<\/strong> holds a significant place in Turkey\u2019s economy, and this position continues to grow in value each year with increasing international recognition and support.\n<\/p>\n\n<p>\n  In addition to working with imported marble, <strong>Hurok Marble<\/strong> also uses its own <strong>domestic natural stones<\/strong>, directly sourced from our own <strong>quarries<\/strong>.\n<\/p>\n\n<p>\n  The <strong>Vanilla ICE TV program<\/strong>, aired on <strong>DIY Network (Do It Yourself)<\/strong>, is a vibrant and highly popular American television show watched with great interest by millions across the country. It is broadcast nationally across all U.S. states and features colorful moments and entertaining content.\n<\/p>\n\n<p>\n  In countries such as those in <strong>South America<\/strong>, where Spanish is predominantly spoken, the show is also broadcast in multiple languages, making it a truly <strong>global-format television program<\/strong>.\n<\/p><\/p>\n<p>&nbsp;<\/p>\n<div class=\"row\"  id=\"row-916929584\">\n\n\t<div id=\"col-111753746\" class=\"col medium-6 small-12 large-6\"  >\n\t\t\t\t<div class=\"col-inner\"  >\n\t\t\t\n\t\t\t\n<div class=\"video video-fit mb\" style=\"padding-top:56.25%;\"><p><iframe loading=\"lazy\" width=\"1020\" height=\"574\" src=\"https:\/\/www.youtube.com\/embed\/8M2HDSCgFNE?feature=oembed\" frameborder=\"0\" gesture=\"media\" allow=\"encrypted-media\" allowfullscreen><\/iframe><\/p>\n<\/div>\n<div class=\"video video-fit mb\" style=\"padding-top:56.25%;\"><p><iframe loading=\"lazy\" width=\"1020\" height=\"574\" src=\"https:\/\/www.youtube.com\/embed\/n8wZEuBNwJQ?feature=oembed\" frameborder=\"0\" gesture=\"media\" allow=\"encrypted-media\" allowfullscreen><\/iframe><\/p>\n<\/div>\n\t\t<\/div>\n\t\t\t\t\t<\/div>\n\n\t\n\n\t<div id=\"col-72124104\" class=\"col medium-6 small-12 large-6\"  >\n\t\t\t\t<div class=\"col-inner\"  >\n\t\t\t\n\t\t\t\n<div class=\"video video-fit mb\" style=\"padding-top:56.25%;\"><p><iframe loading=\"lazy\" width=\"1020\" height=\"574\" src=\"https:\/\/www.youtube.com\/embed\/mS4hcdKBxsE?feature=oembed\" frameborder=\"0\" gesture=\"media\" allow=\"encrypted-media\" allowfullscreen><\/iframe><\/p>\n<\/div>\n<div class=\"video video-fit mb\" style=\"padding-top:56.25%;\"><p><iframe loading=\"lazy\" width=\"1020\" height=\"574\" src=\"https:\/\/www.youtube.com\/embed\/TtpCQjXlXUM?feature=oembed\" frameborder=\"0\" gesture=\"media\" allow=\"encrypted-media\" allowfullscreen><\/iframe><\/p>\n<\/div>\n\t\t<\/div>\n\t\t\t\t\t<\/div>\n\n\t\n<\/div>","protected":false},"excerpt":{"rendered":"<p>Hurok Mermer;\u00a0The Vanilla ICE Project\u00a0ad\u0131 alt\u0131nda\u00a0DIY Network\u00a0Amerikan kanal\u0131nda yay\u0131nlanan ve Amerikada milyonlar\u0131n b\u00fcy\u00fck bir be\u011feni ile yak\u0131ndan takip etti\u011fi bu \u00fcnl\u00fc televizyon kanal\u0131ndaki ba\u015far\u0131l\u0131\u00a0The Vanilla ICE Project TV Show\u2019unun son 3 sezondur ana sponsoru olmakta ve ba\u015far\u0131l\u0131 oyuncu ve \u015fark\u0131c\u0131 program\u0131n sahibi\u00a0Robert\u00a0yani programdaki ad\u0131 ile\u00a0Vanilla ICE\u00a0b\u00fct\u00fcn do\u011fal ta\u015f yani,\u00a0mermer,\u00a0mozaik\u00a0ya da\u00a0traverten\u00a0gibi \u00fcr\u00fcnlerini hurok\u00a0mermer\u00a0firmas\u0131ndan temin etmektedir. Vanilla [&#8230;]","protected":false},"author":1,"featured_media":0,"parent":0,"menu_order":0,"comment_status":"closed","ping_status":"closed","template":"","meta":{"footnotes":""},"class_list":["post-18400","page","type-page","status-publish","hentry"],"_links":{"self":[{"href":"https:\/\/hurok.com\/en\/wp-json\/wp\/v2\/pages\/18400","targetHints":{"allow":["GET"]}}],"collection":[{"href":"https:\/\/hurok.com\/en\/wp-json\/wp\/v2\/pages"}],"about":[{"href":"https:\/\/hurok.com\/en\/wp-json\/wp\/v2\/types\/page"}],"author":[{"embeddable":true,"href":"https:\/\/hurok.com\/en\/wp-json\/wp\/v2\/users\/1"}],"replies":[{"embeddable":true,"href":"https:\/\/hurok.com\/en\/wp-json\/wp\/v2\/comments?post=18400"}],"version-history":[{"count":0,"href":"https:\/\/hurok.com\/en\/wp-json\/wp\/v2\/pages\/18400\/revisions"}],"wp:attachment":[{"href":"https:\/\/hurok.com\/en\/wp-json\/wp\/v2\/media?parent=18400"}],"curies":[{"name":"wp","href":"https:\/\/api.w.org\/{rel}","templated":true}]}}